{"id":6930,"date":"2025-05-06T23:18:26","date_gmt":"2025-05-06T23:18:26","guid":{"rendered":"https:\/\/navajowhite-cat-613300.hostingersite.com\/plaza-carso-apartamento-mobiliado-com-1-quarto\/"},"modified":"2026-01-21T17:47:31","modified_gmt":"2026-01-21T17:47:31","slug":"plaza-carso-apartamento-mobiliado-com-1-quarto","status":"publish","type":"product","link":"https:\/\/www.rentaplazacarso.com\/pt-br\/product\/plaza-carso-apartamento-mobiliado-com-1-quarto\/","title":{"rendered":"BOM MOBILIADO 1 QUARTO"},"content":{"rendered":"<p>APARTAMENTO TOTALMENTE MOBILIADO E EQUIPADO COM VISTAS ESPETACULARES. 61 M2. COZINHA ABERTA E AGRAD\u00c1VEL. \u00c1REA DE LAVANDERIA. AMPLA SALA DE ESTAR E JANTAR. QUARTO COM BANHEIRO COMPLETO. JANELAS GRANDES COM VISTAS INCR\u00cdVEIS. MUITO CLARO. MUITO BEM MOBILIADO. 1 VAGA DE GARAGEM. CONJUNTO COMPLETO DE COMODIDADES. ESTACIONAMENTO PARA VISITANTES. VIGIL\u00c2NCIA 24 HORAS. TORRE MUITO BEM LOCALIZADA.             <\/p>\n","protected":false},"excerpt":{"rendered":"<p>APARTAMENTO TOTALMENTE MOBILIADO E EQUIPADO COM VISTAS ESPETACULARES. 61 M2. COZINHA ABERTA E AGRAD\u00c1VEL. \u00c1REA DE LAVANDERIA. AMPLA SALA DE ESTAR E JANTAR. QUARTO COM BANHEIRO COMPLETO. JANELAS GRANDES COM VISTAS INCR\u00cdVEIS. MUITO CLARO. MUITO BEM MOBILIADO. 1 VAGA DE GARAGEM. CONJUNTO COMPLETO DE COMODIDADES. ESTACIONAMENTO PARA VISITANTES. VIGIL\u00c2NCIA 24 HORAS. TORRE MUITO BEM LOCALIZADA.<\/p>\n","protected":false},"featured_media":8536,"comment_status":"open","ping_status":"closed","template":"","meta":{"_joinchat":[]},"product_brand":[],"product_cat":[378,377,470],"product_tag":[668],"class_list":{"0":"post-6930","1":"product","2":"type-product","3":"status-publish","4":"has-post-thumbnail","6":"product_cat-aluguel","7":"product_cat-departamentos","8":"product_cat-van-gogh-pt-br","9":"product_tag-aluguel","10":"pa_recamara-24","12":"first","13":"instock","14":"shipping-taxable","15":"purchasable","16":"product-type-simple"},"_links":{"self":[{"href":"https:\/\/www.rentaplazacarso.com\/pt-br\/wp-json\/wp\/v2\/product\/6930","targetHints":{"allow":["GET"]}}],"collection":[{"href":"https:\/\/www.rentaplazacarso.com\/pt-br\/wp-json\/wp\/v2\/product"}],"about":[{"href":"https:\/\/www.rentaplazacarso.com\/pt-br\/wp-json\/wp\/v2\/types\/product"}],"replies":[{"embeddable":true,"href":"https:\/\/www.rentaplazacarso.com\/pt-br\/wp-json\/wp\/v2\/comments?post=6930"}],"wp:featuredmedia":[{"embeddable":true,"href":"https:\/\/www.rentaplazacarso.com\/pt-br\/wp-json\/wp\/v2\/media\/8536"}],"wp:attachment":[{"href":"https:\/\/www.rentaplazacarso.com\/pt-br\/wp-json\/wp\/v2\/media?parent=6930"}],"wp:term":[{"taxonomy":"product_brand","embeddable":true,"href":"https:\/\/www.rentaplazacarso.com\/pt-br\/wp-json\/wp\/v2\/product_brand?post=6930"},{"taxonomy":"product_cat","embeddable":true,"href":"https:\/\/www.rentaplazacarso.com\/pt-br\/wp-json\/wp\/v2\/product_cat?post=6930"},{"taxonomy":"product_tag","embeddable":true,"href":"https:\/\/www.rentaplazacarso.com\/pt-br\/wp-json\/wp\/v2\/product_tag?post=6930"}],"curies":[{"name":"wp","href":"https:\/\/api.w.org\/{rel}","templated":true}]}}