{"id":6889,"date":"2025-04-03T21:03:11","date_gmt":"2025-04-03T21:03:11","guid":{"rendered":"https:\/\/navajowhite-cat-613300.hostingersite.com\/plaza-carso-apartamento-mobiliado-de-2-quartos-com-sala-de-estar\/"},"modified":"2026-01-21T15:59:02","modified_gmt":"2026-01-21T15:59:02","slug":"plaza-carso-apartamento-mobiliado-de-2-quartos-com-sala-de-estar","status":"publish","type":"product","link":"https:\/\/www.rentaplazacarso.com\/pt-br\/product\/plaza-carso-apartamento-mobiliado-de-2-quartos-com-sala-de-estar\/","title":{"rendered":"LINDO APARTAMENTO MOBILIADO COM 2 QUARTOS E SALA DE ESTAR"},"content":{"rendered":"<p class=\"\" data-start=\"81\" data-end=\"285\">LINDO APARTAMENTO MOBILIADO DE DESIGN NA PLAZA CARSO COM ACESSO DIRETO AO SHOPPING CENTER: 120 M2, 2 QUARTOS COM SALA DE ESTAR. 2 BANHEIROS COMPLETOS.  BANHEIRO DE H\u00d3SPEDES. \u00c1REA DE LAVANDERIA. M\u00d3VEIS E ACABAMENTOS DE ALTA QUALIDADE. 2 VAGAS DE GARAGEM.  CONJUNTO COMPLETO DE COMODIDADES. VIGIL\u00c2NCIA 24 HORAS. ESTACIONAMENTO PARA VISITANTES. MANUTEN\u00c7\u00c3O INCLU\u00cdDA NO ALUGUEL. SOMENTE PARA ALUGU\u00c9IS DE LONGA DURA\u00c7\u00c3O. <\/p>\n","protected":false},"excerpt":{"rendered":"<p>ESPETACULAR MOBILIADO COM 1 QUARTO<\/p>\n","protected":false},"featured_media":10465,"comment_status":"open","ping_status":"closed","template":"","meta":{"_joinchat":[]},"product_brand":[],"product_cat":[378,379,377],"product_tag":[668],"class_list":{"0":"post-6889","1":"product","2":"type-product","3":"status-publish","4":"has-post-thumbnail","6":"product_cat-aluguel","7":"product_cat-claudel-pt-br","8":"product_cat-departamentos","9":"product_tag-aluguel","11":"first","12":"instock","13":"shipping-taxable","14":"purchasable","15":"product-type-simple"},"_links":{"self":[{"href":"https:\/\/www.rentaplazacarso.com\/pt-br\/wp-json\/wp\/v2\/product\/6889","targetHints":{"allow":["GET"]}}],"collection":[{"href":"https:\/\/www.rentaplazacarso.com\/pt-br\/wp-json\/wp\/v2\/product"}],"about":[{"href":"https:\/\/www.rentaplazacarso.com\/pt-br\/wp-json\/wp\/v2\/types\/product"}],"replies":[{"embeddable":true,"href":"https:\/\/www.rentaplazacarso.com\/pt-br\/wp-json\/wp\/v2\/comments?post=6889"}],"wp:featuredmedia":[{"embeddable":true,"href":"https:\/\/www.rentaplazacarso.com\/pt-br\/wp-json\/wp\/v2\/media\/10465"}],"wp:attachment":[{"href":"https:\/\/www.rentaplazacarso.com\/pt-br\/wp-json\/wp\/v2\/media?parent=6889"}],"wp:term":[{"taxonomy":"product_brand","embeddable":true,"href":"https:\/\/www.rentaplazacarso.com\/pt-br\/wp-json\/wp\/v2\/product_brand?post=6889"},{"taxonomy":"product_cat","embeddable":true,"href":"https:\/\/www.rentaplazacarso.com\/pt-br\/wp-json\/wp\/v2\/product_cat?post=6889"},{"taxonomy":"product_tag","embeddable":true,"href":"https:\/\/www.rentaplazacarso.com\/pt-br\/wp-json\/wp\/v2\/product_tag?post=6889"}],"curies":[{"name":"wp","href":"https:\/\/api.w.org\/{rel}","templated":true}]}}