{"id":34317,"date":"2026-04-23T16:45:17","date_gmt":"2026-04-23T16:45:17","guid":{"rendered":"https:\/\/www.rentaplazacarso.com\/product\/2-quartos-sem-mobilia-com-sala-de-estar\/"},"modified":"2026-04-29T17:00:46","modified_gmt":"2026-04-29T17:00:46","slug":"2-quartos-sem-mobilia-com-sala-de-estar","status":"publish","type":"product","link":"https:\/\/www.rentaplazacarso.com\/pt-br\/product\/2-quartos-sem-mobilia-com-sala-de-estar\/","title":{"rendered":"2 QUARTOS SEM MOB\u00cdLIA COM SALA DE ESTAR"},"content":{"rendered":"<p>LINDO APARTAMENTO NA PLAZA CARSO. MUITO BEM DISTRIBU\u00cdDO. 105 M2. 2 QUARTOS COM BANHEIRO COMPLETO, QUARTO PRINCIPAL COM AMPLO CLOSET.    BANHEIRO DE H\u00d3SPEDES. COZINHA ABERTA GRANDE E AGRAD\u00c1VEL. \u00c1REA DE LAVANDERIA. SALA DE ESTAR ESPA\u00c7OSA. AS ENORMES JANELAS EM TODOS OS C\u00d4MODOS PROPORCIONAM MUITA LUZ. ESPA\u00c7OS MUITO GRANDES. 1 VAGA DE ESTACIONAMENTO. CONJUNTO COMPLETO DE COMODIDADES. VIGIL\u00c2NCIA 24 HORAS. ESTACIONAMENTO PARA VISITANTES. MANUTEN\u00c7\u00c3O INCLU\u00cdDA NO ALUGUEL. LOCALIZA\u00c7\u00c3O PERFEITA, COM TODOS OS SERVI\u00c7OS AO REDOR.<\/p>\n","protected":false},"excerpt":{"rendered":"<p>LINDO APARTAMENTO NA PLAZA CARSO. MUITO BEM DISTRIBU\u00cdDO. 105 M2. 2 QUARTOS COM BANHEIRO COMPLETO, QUARTO PRINCIPAL COM AMPLO CLOSET. BANHEIRO DE H\u00d3SPEDES. COZINHA ABERTA GRANDE E AGRAD\u00c1VEL. \u00c1REA DE LAVANDERIA. SALA DE ESTAR ESPA\u00c7OSA. AS ENORMES JANELAS EM TODOS OS C\u00d4MODOS PROPORCIONAM MUITA LUZ. ESPA\u00c7OS MUITO GRANDES. 1 VAGA DE ESTACIONAMENTO. CONJUNTO COMPLETO DE [&hellip;]<\/p>\n","protected":false},"featured_media":34313,"comment_status":"open","ping_status":"closed","template":"","meta":{"_joinchat":[]},"product_brand":[],"product_cat":[378,377,470],"product_tag":[668],"class_list":{"0":"post-34317","1":"product","2":"type-product","3":"status-publish","4":"has-post-thumbnail","6":"product_cat-aluguel","7":"product_cat-departamentos","8":"product_cat-van-gogh-pt-br","9":"product_tag-aluguel","10":"pa_recamara-25","12":"first","13":"instock","14":"shipping-taxable","15":"purchasable","16":"product-type-simple"},"_links":{"self":[{"href":"https:\/\/www.rentaplazacarso.com\/pt-br\/wp-json\/wp\/v2\/product\/34317","targetHints":{"allow":["GET"]}}],"collection":[{"href":"https:\/\/www.rentaplazacarso.com\/pt-br\/wp-json\/wp\/v2\/product"}],"about":[{"href":"https:\/\/www.rentaplazacarso.com\/pt-br\/wp-json\/wp\/v2\/types\/product"}],"replies":[{"embeddable":true,"href":"https:\/\/www.rentaplazacarso.com\/pt-br\/wp-json\/wp\/v2\/comments?post=34317"}],"wp:featuredmedia":[{"embeddable":true,"href":"https:\/\/www.rentaplazacarso.com\/pt-br\/wp-json\/wp\/v2\/media\/34313"}],"wp:attachment":[{"href":"https:\/\/www.rentaplazacarso.com\/pt-br\/wp-json\/wp\/v2\/media?parent=34317"}],"wp:term":[{"taxonomy":"product_brand","embeddable":true,"href":"https:\/\/www.rentaplazacarso.com\/pt-br\/wp-json\/wp\/v2\/product_brand?post=34317"},{"taxonomy":"product_cat","embeddable":true,"href":"https:\/\/www.rentaplazacarso.com\/pt-br\/wp-json\/wp\/v2\/product_cat?post=34317"},{"taxonomy":"product_tag","embeddable":true,"href":"https:\/\/www.rentaplazacarso.com\/pt-br\/wp-json\/wp\/v2\/product_tag?post=34317"}],"curies":[{"name":"wp","href":"https:\/\/api.w.org\/{rel}","templated":true}]}}