{"id":34120,"date":"2026-04-21T23:03:08","date_gmt":"2026-04-21T23:03:08","guid":{"rendered":"https:\/\/www.rentaplazacarso.com\/product\/apartamento-mobiliado-de-1-quarto-muito-bom-2\/"},"modified":"2026-04-21T23:03:08","modified_gmt":"2026-04-21T23:03:08","slug":"apartamento-mobiliado-de-1-quarto-muito-bom-2","status":"publish","type":"product","link":"https:\/\/www.rentaplazacarso.com\/pt-br\/product\/apartamento-mobiliado-de-1-quarto-muito-bom-2\/","title":{"rendered":"APARTAMENTO MOBILIADO DE 1 QUARTO MUITO BOM"},"content":{"rendered":"<p>APARTAMENTO TOTALMENTE MOBILIADO E EQUIPADO. NOVO: 72 M2, 1 QUARTO COM BANHEIRO COMPLETO E CLOSET. COZINHA ABERTA E AGRAD\u00c1VEL. \u00c1REA DE LAVANDERIA. SALA DE ESTAR E JANTAR ESPA\u00c7OSA. BANHEIRO DE H\u00d3SPEDES COM DUAS PORTAS QUE SE COMUNICA COM O QUARTO. JANELAS AMPLAS DE VIDRO QUE D\u00c3O MUITA LUZ. PISO DE MADEIRA. ACABAMENTOS DE ALTA QUALIDADE. M\u00d3VEIS COMPLETAMENTE NOVOS. MUITO BEM DECORADO. 1 VAGA DE GARAGEM. CONJUNTO COMPLETO DE COMODIDADES. VIGIL\u00c2NCIA 24 HORAS. torre muito tranquila e muito bem localizada (em frente ao mercado municipal). MANUTEN\u00c7\u00c3O INCLU\u00cdDA NO ALUGUEL. S\u00d3 ALUGADO POR LONGOS PER\u00cdODOS DE PERMAN\u00caNCIA.<\/p>\n","protected":false},"excerpt":{"rendered":"<p>APARTAMENTO TOTALMENTE MOBILIADO E EQUIPADO. NOVO: 72 M2, 1 QUARTO COM BANHEIRO COMPLETO E CLOSET. COZINHA ABERTA E AGRAD\u00c1VEL. \u00c1REA DE LAVANDERIA. SALA DE ESTAR E JANTAR ESPA\u00c7OSA. BANHEIRO DE H\u00d3SPEDES COM DUAS PORTAS QUE SE COMUNICA COM O QUARTO. JANELAS AMPLAS DE VIDRO QUE D\u00c3O MUITA LUZ. PISO DE MADEIRA. ACABAMENTOS DE ALTA QUALIDADE. [&hellip;]<\/p>\n","protected":false},"featured_media":34116,"comment_status":"open","ping_status":"closed","template":"","meta":{"_joinchat":[]},"product_brand":[],"product_cat":[378,725,377],"product_tag":[668],"class_list":{"0":"post-34120","1":"product","2":"type-product","3":"status-publish","4":"has-post-thumbnail","6":"product_cat-aluguel","7":"product_cat-cezanne-pt-br","8":"product_cat-departamentos","9":"product_tag-aluguel","10":"pa_recamara-24","12":"first","13":"instock","14":"shipping-taxable","15":"purchasable","16":"product-type-simple"},"_links":{"self":[{"href":"https:\/\/www.rentaplazacarso.com\/pt-br\/wp-json\/wp\/v2\/product\/34120","targetHints":{"allow":["GET"]}}],"collection":[{"href":"https:\/\/www.rentaplazacarso.com\/pt-br\/wp-json\/wp\/v2\/product"}],"about":[{"href":"https:\/\/www.rentaplazacarso.com\/pt-br\/wp-json\/wp\/v2\/types\/product"}],"replies":[{"embeddable":true,"href":"https:\/\/www.rentaplazacarso.com\/pt-br\/wp-json\/wp\/v2\/comments?post=34120"}],"wp:featuredmedia":[{"embeddable":true,"href":"https:\/\/www.rentaplazacarso.com\/pt-br\/wp-json\/wp\/v2\/media\/34116"}],"wp:attachment":[{"href":"https:\/\/www.rentaplazacarso.com\/pt-br\/wp-json\/wp\/v2\/media?parent=34120"}],"wp:term":[{"taxonomy":"product_brand","embeddable":true,"href":"https:\/\/www.rentaplazacarso.com\/pt-br\/wp-json\/wp\/v2\/product_brand?post=34120"},{"taxonomy":"product_cat","embeddable":true,"href":"https:\/\/www.rentaplazacarso.com\/pt-br\/wp-json\/wp\/v2\/product_cat?post=34120"},{"taxonomy":"product_tag","embeddable":true,"href":"https:\/\/www.rentaplazacarso.com\/pt-br\/wp-json\/wp\/v2\/product_tag?post=34120"}],"curies":[{"name":"wp","href":"https:\/\/api.w.org\/{rel}","templated":true}]}}