{"id":34008,"date":"2026-04-20T23:06:01","date_gmt":"2026-04-20T23:06:01","guid":{"rendered":"https:\/\/www.rentaplazacarso.com\/product\/apartamento-de-1-quarto-nao-mobiliado-2\/"},"modified":"2026-04-22T16:00:09","modified_gmt":"2026-04-22T16:00:09","slug":"apartamento-de-1-quarto-nao-mobiliado-2","status":"publish","type":"product","link":"https:\/\/www.rentaplazacarso.com\/pt-br\/product\/apartamento-de-1-quarto-nao-mobiliado-2\/","title":{"rendered":"APARTAMENTO DE 1 QUARTO N\u00c3O MOBILIADO"},"content":{"rendered":"<p>APARTAMENTO DE 80 M2. 1 QUARTO COM BANHEIRO COMPLETO E CLOSET.  BANHEIRO DE H\u00d3SPEDES. SALA DE ESTAR E JANTAR ESPA\u00c7OSA.  JANELAS ENORMES EM TODOS OS C\u00d4MODOS. MUITO LEVE. TETOS DE 3 METROS. VISTA PARA O JARDIM.  \u00c1REA DE LAVANDERIA. 1 VAGA DE ESTACIONAMENTO. EM PERFEITAS CONDI\u00c7\u00d5ES. CONJUNTO COMPLETO DE COMODIDADES. ACESSO DIRETO AO SHOPPING CENTER. ESTACIONAMENTO PARA VISITANTES. VIGIL\u00c2NCIA 24 HORAS. LOCALIZA\u00c7\u00c3O PERFEITA. MANUTEN\u00c7\u00c3O INCLU\u00cdDA NO ALUGUEL.<\/p>\n","protected":false},"excerpt":{"rendered":"<p>APARTAMENTO DE 80 M2. 1 QUARTO COM BANHEIRO COMPLETO E CLOSET. BANHEIRO DE H\u00d3SPEDES. SALA DE ESTAR E JANTAR ESPA\u00c7OSA. JANELAS ENORMES EM TODOS OS C\u00d4MODOS. MUITO LEVE. TETOS DE 3 METROS. VISTA PARA O JARDIM. \u00c1REA DE LAVANDERIA. 1 VAGA DE ESTACIONAMENTO. EM PERFEITAS CONDI\u00c7\u00d5ES. CONJUNTO COMPLETO DE COMODIDADES. ACESSO DIRETO AO SHOPPING CENTER. [&hellip;]<\/p>\n","protected":false},"featured_media":34004,"comment_status":"open","ping_status":"closed","template":"","meta":{"_joinchat":[]},"product_brand":[],"product_cat":[378,377,695],"product_tag":[668],"class_list":{"0":"post-34008","1":"product","2":"type-product","3":"status-publish","4":"has-post-thumbnail","6":"product_cat-aluguel","7":"product_cat-departamentos","8":"product_cat-monet-pt-br","9":"product_tag-aluguel","10":"pa_recamara-24","12":"first","13":"instock","14":"shipping-taxable","15":"purchasable","16":"product-type-simple"},"_links":{"self":[{"href":"https:\/\/www.rentaplazacarso.com\/pt-br\/wp-json\/wp\/v2\/product\/34008","targetHints":{"allow":["GET"]}}],"collection":[{"href":"https:\/\/www.rentaplazacarso.com\/pt-br\/wp-json\/wp\/v2\/product"}],"about":[{"href":"https:\/\/www.rentaplazacarso.com\/pt-br\/wp-json\/wp\/v2\/types\/product"}],"replies":[{"embeddable":true,"href":"https:\/\/www.rentaplazacarso.com\/pt-br\/wp-json\/wp\/v2\/comments?post=34008"}],"wp:featuredmedia":[{"embeddable":true,"href":"https:\/\/www.rentaplazacarso.com\/pt-br\/wp-json\/wp\/v2\/media\/34004"}],"wp:attachment":[{"href":"https:\/\/www.rentaplazacarso.com\/pt-br\/wp-json\/wp\/v2\/media?parent=34008"}],"wp:term":[{"taxonomy":"product_brand","embeddable":true,"href":"https:\/\/www.rentaplazacarso.com\/pt-br\/wp-json\/wp\/v2\/product_brand?post=34008"},{"taxonomy":"product_cat","embeddable":true,"href":"https:\/\/www.rentaplazacarso.com\/pt-br\/wp-json\/wp\/v2\/product_cat?post=34008"},{"taxonomy":"product_tag","embeddable":true,"href":"https:\/\/www.rentaplazacarso.com\/pt-br\/wp-json\/wp\/v2\/product_tag?post=34008"}],"curies":[{"name":"wp","href":"https:\/\/api.w.org\/{rel}","templated":true}]}}