{"id":33924,"date":"2026-04-16T19:18:53","date_gmt":"2026-04-16T19:18:53","guid":{"rendered":"https:\/\/www.rentaplazacarso.com\/product\/apartamento-espetacular-com-terraco-privativo\/"},"modified":"2026-04-16T19:18:53","modified_gmt":"2026-04-16T19:18:53","slug":"apartamento-espetacular-com-terraco-privativo","status":"publish","type":"product","link":"https:\/\/www.rentaplazacarso.com\/pt-br\/product\/apartamento-espetacular-com-terraco-privativo\/","title":{"rendered":"APARTAMENTO ESPETACULAR COM TERRA\u00c7O PRIVATIVO"},"content":{"rendered":"<p>INCR\u00cdVEL E \u00daNICO APARTAMENTO COM TERRA\u00c7O PRIVATIVO NO CARSO 1: 260 M2, 3 QUARTOS, CADA UM COM BANHEIRO COMPLETO. QUARTO PRINCIPAL COM SA\u00cdDA PARA O TERRA\u00c7O. SALA DE ESTAR. COZINHA ABERTA AGRAD\u00c1VEL COM DESPENSA. COM M\u00c1QUINA DE LAVAR LOU\u00c7A. SALA DE ESTAR E JANTAR AMPLA COM SA\u00cdDA PARA O TERRA\u00c7O PRIVATIVO.     PISO DE MADEIRA. TETOS DE 3 METROS QUE PROPORCIONAM MUITA LUZ. VISTAS ESPETACULARES DO MUSEU SOUMAYA.  3 VAGAS DE ESTACIONAMENTO. ACESSO DIRETO AO SHOPPING CENTER. CONJUNTO COMPLETO DE COMODIDADES. ESTACIONAMENTO PARA VISITANTES. VIGIL\u00c2NCIA 24 HORAS. INCLUI ADEGA DE VINHOS.<\/p>\n","protected":false},"excerpt":{"rendered":"<p>INCR\u00cdVEL E \u00daNICO APARTAMENTO COM TERRA\u00c7O PRIVATIVO NO CARSO 1: 260 M2, 3 QUARTOS, CADA UM COM BANHEIRO COMPLETO. QUARTO PRINCIPAL COM SA\u00cdDA PARA O TERRA\u00c7O. SALA DE ESTAR. COZINHA ABERTA AGRAD\u00c1VEL COM DESPENSA. COM M\u00c1QUINA DE LAVAR LOU\u00c7A. SALA DE ESTAR E JANTAR AMPLA COM SA\u00cdDA PARA O TERRA\u00c7O PRIVATIVO. PISO DE MADEIRA. TETOS [&hellip;]<\/p>\n","protected":false},"featured_media":33920,"comment_status":"open","ping_status":"closed","template":"","meta":{"_joinchat":[]},"product_brand":[],"product_cat":[377,746,391],"product_tag":[691],"class_list":{"0":"post-33924","1":"product","2":"type-product","3":"status-publish","4":"has-post-thumbnail","6":"product_cat-departamentos","7":"product_cat-rodin-pt-br-2","8":"product_cat-venda","9":"product_tag-venda","10":"pa_recamara-26","12":"first","13":"instock","14":"shipping-taxable","15":"purchasable","16":"product-type-simple"},"_links":{"self":[{"href":"https:\/\/www.rentaplazacarso.com\/pt-br\/wp-json\/wp\/v2\/product\/33924","targetHints":{"allow":["GET"]}}],"collection":[{"href":"https:\/\/www.rentaplazacarso.com\/pt-br\/wp-json\/wp\/v2\/product"}],"about":[{"href":"https:\/\/www.rentaplazacarso.com\/pt-br\/wp-json\/wp\/v2\/types\/product"}],"replies":[{"embeddable":true,"href":"https:\/\/www.rentaplazacarso.com\/pt-br\/wp-json\/wp\/v2\/comments?post=33924"}],"wp:featuredmedia":[{"embeddable":true,"href":"https:\/\/www.rentaplazacarso.com\/pt-br\/wp-json\/wp\/v2\/media\/33920"}],"wp:attachment":[{"href":"https:\/\/www.rentaplazacarso.com\/pt-br\/wp-json\/wp\/v2\/media?parent=33924"}],"wp:term":[{"taxonomy":"product_brand","embeddable":true,"href":"https:\/\/www.rentaplazacarso.com\/pt-br\/wp-json\/wp\/v2\/product_brand?post=33924"},{"taxonomy":"product_cat","embeddable":true,"href":"https:\/\/www.rentaplazacarso.com\/pt-br\/wp-json\/wp\/v2\/product_cat?post=33924"},{"taxonomy":"product_tag","embeddable":true,"href":"https:\/\/www.rentaplazacarso.com\/pt-br\/wp-json\/wp\/v2\/product_tag?post=33924"}],"curies":[{"name":"wp","href":"https:\/\/api.w.org\/{rel}","templated":true}]}}