{"id":33580,"date":"2026-04-14T00:06:32","date_gmt":"2026-04-14T00:06:32","guid":{"rendered":"https:\/\/www.rentaplazacarso.com\/product\/mobiliado-com-1-dormitorio-12\/"},"modified":"2026-04-14T00:06:32","modified_gmt":"2026-04-14T00:06:32","slug":"mobiliado-com-1-dormitorio-12","status":"publish","type":"product","link":"https:\/\/www.rentaplazacarso.com\/pt-br\/product\/mobiliado-com-1-dormitorio-12\/","title":{"rendered":"MOBILIADO COM 1 DORMIT\u00d3RIO"},"content":{"rendered":"<p>APARTAMENTO TOTALMENTE MOBILIADO E EQUIPADO. 70 M2, 1 QUARTO COM BANHEIRO COMPLETO E AMPLO CLOSET.  LINDA COZINHA AMERICANA. \u00c1REA DE LAVANDERIA. SALA DE ESTAR E JANTAR ESPA\u00c7OSAS. BANHEIRO DE H\u00d3SPEDES COM DUAS PORTAS QUE LEVAM AO QUARTO. JANELAS GRANDES QUE PROPORCIONAM MUITA LUZ. PISO DE MADEIRA. ACABAMENTOS DE ALTA QUALIDADE. 1 VAGA DE ESTACIONAMENTO. CONJUNTO COMPLETO DE COMODIDADES. VIGIL\u00c2NCIA 24 HORAS COM ACESSO BIOM\u00c9TRICO. TORRE MUITO TRANQUILA E BEM LOCALIZADA COM TODOS OS SERVI\u00c7OS AO REDOR.  MANUTEN\u00c7\u00c3O INCLU\u00cdDA NO ALUGUEL. ALUGUEL M\u00cdNIMO DE UM ANO.<\/p>\n","protected":false},"excerpt":{"rendered":"<p>APARTAMENTO TOTALMENTE MOBILIADO E EQUIPADO. 70 M2, 1 QUARTO COM BANHEIRO COMPLETO E AMPLO CLOSET. LINDA COZINHA AMERICANA. \u00c1REA DE LAVANDERIA. SALA DE ESTAR E JANTAR ESPA\u00c7OSAS. BANHEIRO DE H\u00d3SPEDES COM DUAS PORTAS QUE LEVAM AO QUARTO. JANELAS GRANDES QUE PROPORCIONAM MUITA LUZ. PISO DE MADEIRA. ACABAMENTOS DE ALTA QUALIDADE. 1 VAGA DE ESTACIONAMENTO. CONJUNTO [&hellip;]<\/p>\n","protected":false},"featured_media":33569,"comment_status":"open","ping_status":"closed","template":"","meta":{"_joinchat":[]},"product_brand":[],"product_cat":[378,725,377],"product_tag":[668],"class_list":{"0":"post-33580","1":"product","2":"type-product","3":"status-publish","4":"has-post-thumbnail","6":"product_cat-aluguel","7":"product_cat-cezanne-pt-br","8":"product_cat-departamentos","9":"product_tag-aluguel","10":"pa_recamara-24","12":"first","13":"instock","14":"shipping-taxable","15":"purchasable","16":"product-type-simple"},"_links":{"self":[{"href":"https:\/\/www.rentaplazacarso.com\/pt-br\/wp-json\/wp\/v2\/product\/33580","targetHints":{"allow":["GET"]}}],"collection":[{"href":"https:\/\/www.rentaplazacarso.com\/pt-br\/wp-json\/wp\/v2\/product"}],"about":[{"href":"https:\/\/www.rentaplazacarso.com\/pt-br\/wp-json\/wp\/v2\/types\/product"}],"replies":[{"embeddable":true,"href":"https:\/\/www.rentaplazacarso.com\/pt-br\/wp-json\/wp\/v2\/comments?post=33580"}],"wp:featuredmedia":[{"embeddable":true,"href":"https:\/\/www.rentaplazacarso.com\/pt-br\/wp-json\/wp\/v2\/media\/33569"}],"wp:attachment":[{"href":"https:\/\/www.rentaplazacarso.com\/pt-br\/wp-json\/wp\/v2\/media?parent=33580"}],"wp:term":[{"taxonomy":"product_brand","embeddable":true,"href":"https:\/\/www.rentaplazacarso.com\/pt-br\/wp-json\/wp\/v2\/product_brand?post=33580"},{"taxonomy":"product_cat","embeddable":true,"href":"https:\/\/www.rentaplazacarso.com\/pt-br\/wp-json\/wp\/v2\/product_cat?post=33580"},{"taxonomy":"product_tag","embeddable":true,"href":"https:\/\/www.rentaplazacarso.com\/pt-br\/wp-json\/wp\/v2\/product_tag?post=33580"}],"curies":[{"name":"wp","href":"https:\/\/api.w.org\/{rel}","templated":true}]}}