{"id":33244,"date":"2026-04-06T23:59:06","date_gmt":"2026-04-06T23:59:06","guid":{"rendered":"https:\/\/www.rentaplazacarso.com\/product\/3-quartos-mobiliados-com-quarto-de-empregada\/"},"modified":"2026-04-06T23:59:06","modified_gmt":"2026-04-06T23:59:06","slug":"3-quartos-mobiliados-com-quarto-de-empregada","status":"publish","type":"product","link":"https:\/\/www.rentaplazacarso.com\/pt-br\/product\/3-quartos-mobiliados-com-quarto-de-empregada\/","title":{"rendered":"3 QUARTOS MOBILIADOS COM QUARTO DE EMPREGADA"},"content":{"rendered":"<p>APARTAMENTO DE 181 M2. TOTALMENTE MOBILIADO.  ACABAMENTOS SUPER LUXUOSOS. 3 QUARTOS, CADA UM COM UM BANHEIRO COMPLETO. QUARTO PRINCIPAL COM AMPLO CLOSET. BANHEIRO DE H\u00d3SPEDES. LINDA COZINHA ABERTA. \u00c1REA DE LAVANDERIA. QUARTO DA EMPREGADA. SALA DE JANTAR ENORME. BANHEIRO DE H\u00d3SPEDES. VISTAS ESPETACULARES DE TODOS OS C\u00d4MODOS. QUARTOS MUITO ESPA\u00c7OSOS.  JANELAS ENORMES QUE PROPORCIONAM MUITA LUZ. PISO DE MADEIRA. 3 VAGAS DE ESTACIONAMENTO. CONJUNTO COMPLETO DE COMODIDADES. TORRE MUITO BEM LOCALIZADA. ESTACIONAMENTO PARA VISITANTES. VIGIL\u00c2NCIA 24 HORAS. MANUTEN\u00c7\u00c3O INCLU\u00cdDA NO ALUGUEL.<\/p>\n","protected":false},"excerpt":{"rendered":"<p>APARTAMENTO DE 181 M2. TOTALMENTE MOBILIADO. ACABAMENTOS SUPER LUXUOSOS. 3 QUARTOS, CADA UM COM UM BANHEIRO COMPLETO. QUARTO PRINCIPAL COM AMPLO CLOSET. BANHEIRO DE H\u00d3SPEDES. LINDA COZINHA ABERTA. \u00c1REA DE LAVANDERIA. QUARTO DA EMPREGADA. SALA DE JANTAR ENORME. BANHEIRO DE H\u00d3SPEDES. VISTAS ESPETACULARES DE TODOS OS C\u00d4MODOS. QUARTOS MUITO ESPA\u00c7OSOS. JANELAS ENORMES QUE PROPORCIONAM MUITA [&hellip;]<\/p>\n","protected":false},"featured_media":33240,"comment_status":"open","ping_status":"closed","template":"","meta":{"_joinchat":[]},"product_brand":[],"product_cat":[378,377,897],"product_tag":[668],"class_list":{"0":"post-33244","1":"product","2":"type-product","3":"status-publish","4":"has-post-thumbnail","6":"product_cat-aluguel","7":"product_cat-departamentos","8":"product_cat-moliere-pt-br","9":"product_tag-aluguel","10":"pa_recamara-26","12":"first","13":"instock","14":"shipping-taxable","15":"purchasable","16":"product-type-simple"},"_links":{"self":[{"href":"https:\/\/www.rentaplazacarso.com\/pt-br\/wp-json\/wp\/v2\/product\/33244","targetHints":{"allow":["GET"]}}],"collection":[{"href":"https:\/\/www.rentaplazacarso.com\/pt-br\/wp-json\/wp\/v2\/product"}],"about":[{"href":"https:\/\/www.rentaplazacarso.com\/pt-br\/wp-json\/wp\/v2\/types\/product"}],"replies":[{"embeddable":true,"href":"https:\/\/www.rentaplazacarso.com\/pt-br\/wp-json\/wp\/v2\/comments?post=33244"}],"wp:featuredmedia":[{"embeddable":true,"href":"https:\/\/www.rentaplazacarso.com\/pt-br\/wp-json\/wp\/v2\/media\/33240"}],"wp:attachment":[{"href":"https:\/\/www.rentaplazacarso.com\/pt-br\/wp-json\/wp\/v2\/media?parent=33244"}],"wp:term":[{"taxonomy":"product_brand","embeddable":true,"href":"https:\/\/www.rentaplazacarso.com\/pt-br\/wp-json\/wp\/v2\/product_brand?post=33244"},{"taxonomy":"product_cat","embeddable":true,"href":"https:\/\/www.rentaplazacarso.com\/pt-br\/wp-json\/wp\/v2\/product_cat?post=33244"},{"taxonomy":"product_tag","embeddable":true,"href":"https:\/\/www.rentaplazacarso.com\/pt-br\/wp-json\/wp\/v2\/product_tag?post=33244"}],"curies":[{"name":"wp","href":"https:\/\/api.w.org\/{rel}","templated":true}]}}