{"id":33080,"date":"2026-03-31T23:23:41","date_gmt":"2026-03-31T23:23:41","guid":{"rendered":"https:\/\/www.rentaplazacarso.com\/product\/mobiliado-com-1-dormitorio-11\/"},"modified":"2026-03-31T23:23:41","modified_gmt":"2026-03-31T23:23:41","slug":"mobiliado-com-1-dormitorio-11","status":"publish","type":"product","link":"https:\/\/www.rentaplazacarso.com\/pt-br\/product\/mobiliado-com-1-dormitorio-11\/","title":{"rendered":"MOBILIADO COM 1 DORMIT\u00d3RIO"},"content":{"rendered":"<p>FLAT DE 82 M2. NOVINHO EM FOLHA. MOBILIADO E EQUIPADO. 1 QUARTO COM BANHEIRO COMPLETO E CLOSET.    BANHEIRO DE H\u00d3SPEDES. \u00c1REA DE SERVI\u00c7O ESPA\u00c7OSA. LINDA COZINHA AMERICANA. QUARTOS ESPA\u00c7OSOS. PISO DE MADEIRA. ACABAMENTOS DE ALTA QUALIDADE. JANELAS ENORMES QUE PROPORCIONAM MUITA LUZ. 1 VAGA DE ESTACIONAMENTO. CONJUNTO COMPLETO DE COMODIDADES. VIGIL\u00c2NCIA 24 HORAS. ESTACIONAMENTO PARA VISITANTES. TORRE MUITO BEM LOCALIZADA (EM FRENTE AO MERCADO MUNICIPAL) E MUITO TRANQUILA. MANUTEN\u00c7\u00c3O INCLU\u00cdDA NO ALUGUEL. S\u00d3 ALUGADO POR LONGOS PER\u00cdODOS DE PERMAN\u00caNCIA.  <\/p>\n","protected":false},"excerpt":{"rendered":"<p>FLAT DE 82 M2. NOVINHO EM FOLHA. MOBILIADO E EQUIPADO. 1 QUARTO COM BANHEIRO COMPLETO E CLOSET. BANHEIRO DE H\u00d3SPEDES. \u00c1REA DE SERVI\u00c7O ESPA\u00c7OSA. LINDA COZINHA AMERICANA. QUARTOS ESPA\u00c7OSOS. PISO DE MADEIRA. ACABAMENTOS DE ALTA QUALIDADE. JANELAS ENORMES QUE PROPORCIONAM MUITA LUZ. 1 VAGA DE ESTACIONAMENTO. CONJUNTO COMPLETO DE COMODIDADES. VIGIL\u00c2NCIA 24 HORAS. ESTACIONAMENTO PARA [&hellip;]<\/p>\n","protected":false},"featured_media":33076,"comment_status":"open","ping_status":"closed","template":"","meta":{"_joinchat":[]},"product_brand":[],"product_cat":[378,725,377],"product_tag":[668],"class_list":{"0":"post-33080","1":"product","2":"type-product","3":"status-publish","4":"has-post-thumbnail","6":"product_cat-aluguel","7":"product_cat-cezanne-pt-br","8":"product_cat-departamentos","9":"product_tag-aluguel","10":"pa_recamara-24","12":"first","13":"instock","14":"shipping-taxable","15":"purchasable","16":"product-type-simple"},"_links":{"self":[{"href":"https:\/\/www.rentaplazacarso.com\/pt-br\/wp-json\/wp\/v2\/product\/33080","targetHints":{"allow":["GET"]}}],"collection":[{"href":"https:\/\/www.rentaplazacarso.com\/pt-br\/wp-json\/wp\/v2\/product"}],"about":[{"href":"https:\/\/www.rentaplazacarso.com\/pt-br\/wp-json\/wp\/v2\/types\/product"}],"replies":[{"embeddable":true,"href":"https:\/\/www.rentaplazacarso.com\/pt-br\/wp-json\/wp\/v2\/comments?post=33080"}],"wp:featuredmedia":[{"embeddable":true,"href":"https:\/\/www.rentaplazacarso.com\/pt-br\/wp-json\/wp\/v2\/media\/33076"}],"wp:attachment":[{"href":"https:\/\/www.rentaplazacarso.com\/pt-br\/wp-json\/wp\/v2\/media?parent=33080"}],"wp:term":[{"taxonomy":"product_brand","embeddable":true,"href":"https:\/\/www.rentaplazacarso.com\/pt-br\/wp-json\/wp\/v2\/product_brand?post=33080"},{"taxonomy":"product_cat","embeddable":true,"href":"https:\/\/www.rentaplazacarso.com\/pt-br\/wp-json\/wp\/v2\/product_cat?post=33080"},{"taxonomy":"product_tag","embeddable":true,"href":"https:\/\/www.rentaplazacarso.com\/pt-br\/wp-json\/wp\/v2\/product_tag?post=33080"}],"curies":[{"name":"wp","href":"https:\/\/api.w.org\/{rel}","templated":true}]}}