{"id":32975,"date":"2026-03-27T00:35:54","date_gmt":"2026-03-27T00:35:54","guid":{"rendered":"https:\/\/www.rentaplazacarso.com\/product\/bom-mobiliado-1-quarto-5\/"},"modified":"2026-03-27T00:35:54","modified_gmt":"2026-03-27T00:35:54","slug":"bom-mobiliado-1-quarto-5","status":"publish","type":"product","link":"https:\/\/www.rentaplazacarso.com\/pt-br\/product\/bom-mobiliado-1-quarto-5\/","title":{"rendered":"BOM MOBILIADO 1 QUARTO"},"content":{"rendered":"<p>LINDO APARTAMENTO DE 70 M2: TOTALMENTE MOBILIADO E EQUIPADO. 1 QUARTO MUITO GRANDE COM CLOSET ESPA\u00c7OSO E BANHEIRO COMPLETO.  BANHEIRO DE H\u00d3SPEDES. COZINHA ABERTA E AGRAD\u00c1VEL. \u00c1REA DE LAVANDERIA. QUARTOS MUITO ESPA\u00c7OSOS. JANELAS GRANDES. MUITO LEVE. PISO DE MADEIRA. 1 VAGA DE ESTACIONAMENTO.  CONJUNTO COMPLETO DE COMODIDADES. VIGIL\u00c2NCIA 24 HORAS. TORRE MUITO BEM LOCALIZADA, COM TODOS OS SERVI\u00c7OS AO REDOR. MANUTEN\u00c7\u00c3O INCLU\u00cdDA NO ALUGUEL. SOMENTE PARA ALUGU\u00c9IS DE LONGA DURA\u00c7\u00c3O. <\/p>\n","protected":false},"excerpt":{"rendered":"<p>LINDO APARTAMENTO DE 70 M2: TOTALMENTE MOBILIADO E EQUIPADO. 1 QUARTO MUITO GRANDE COM CLOSET ESPA\u00c7OSO E BANHEIRO COMPLETO. BANHEIRO DE H\u00d3SPEDES. COZINHA ABERTA E AGRAD\u00c1VEL. \u00c1REA DE LAVANDERIA. QUARTOS MUITO ESPA\u00c7OSOS. JANELAS GRANDES. MUITO LEVE. PISO DE MADEIRA. 1 VAGA DE ESTACIONAMENTO. CONJUNTO COMPLETO DE COMODIDADES. VIGIL\u00c2NCIA 24 HORAS. TORRE MUITO BEM LOCALIZADA, COM [&hellip;]<\/p>\n","protected":false},"featured_media":32964,"comment_status":"open","ping_status":"closed","template":"","meta":{"_joinchat":[]},"product_brand":[],"product_cat":[378,393,377],"product_tag":[668],"class_list":{"0":"post-32975","1":"product","2":"type-product","3":"status-publish","4":"has-post-thumbnail","6":"product_cat-aluguel","7":"product_cat-botticelli-pt-br","8":"product_cat-departamentos","9":"product_tag-aluguel","10":"pa_recamara-24","12":"first","13":"instock","14":"shipping-taxable","15":"purchasable","16":"product-type-simple"},"_links":{"self":[{"href":"https:\/\/www.rentaplazacarso.com\/pt-br\/wp-json\/wp\/v2\/product\/32975","targetHints":{"allow":["GET"]}}],"collection":[{"href":"https:\/\/www.rentaplazacarso.com\/pt-br\/wp-json\/wp\/v2\/product"}],"about":[{"href":"https:\/\/www.rentaplazacarso.com\/pt-br\/wp-json\/wp\/v2\/types\/product"}],"replies":[{"embeddable":true,"href":"https:\/\/www.rentaplazacarso.com\/pt-br\/wp-json\/wp\/v2\/comments?post=32975"}],"wp:featuredmedia":[{"embeddable":true,"href":"https:\/\/www.rentaplazacarso.com\/pt-br\/wp-json\/wp\/v2\/media\/32964"}],"wp:attachment":[{"href":"https:\/\/www.rentaplazacarso.com\/pt-br\/wp-json\/wp\/v2\/media?parent=32975"}],"wp:term":[{"taxonomy":"product_brand","embeddable":true,"href":"https:\/\/www.rentaplazacarso.com\/pt-br\/wp-json\/wp\/v2\/product_brand?post=32975"},{"taxonomy":"product_cat","embeddable":true,"href":"https:\/\/www.rentaplazacarso.com\/pt-br\/wp-json\/wp\/v2\/product_cat?post=32975"},{"taxonomy":"product_tag","embeddable":true,"href":"https:\/\/www.rentaplazacarso.com\/pt-br\/wp-json\/wp\/v2\/product_tag?post=32975"}],"curies":[{"name":"wp","href":"https:\/\/api.w.org\/{rel}","templated":true}]}}