{"id":32863,"date":"2026-03-25T16:54:00","date_gmt":"2026-03-25T16:54:00","guid":{"rendered":"https:\/\/www.rentaplazacarso.com\/product\/espetacular-unidade-de-esquina-mobiliada-com-3-quartos\/"},"modified":"2026-03-25T16:54:00","modified_gmt":"2026-03-25T16:54:00","slug":"espetacular-unidade-de-esquina-mobiliada-com-3-quartos","status":"publish","type":"product","link":"https:\/\/www.rentaplazacarso.com\/pt-br\/product\/espetacular-unidade-de-esquina-mobiliada-com-3-quartos\/","title":{"rendered":"ESPETACULAR UNIDADE DE ESQUINA MOBILIADA COM 3 QUARTOS"},"content":{"rendered":"<p>APARTAMENTO ESPETACULAR COM ACABAMENTOS DE LUXO. 120 M2: 3 QUARTOS, CADA UM COM BANHEIRO COMPLETO.  PISO DE MADEIRA. ILUMINA\u00c7\u00c3O INDIRETA. ESPA\u00c7OS MUITO AMPLOS. TETOS DE 3 METROS QUE LHE D\u00c3O MUITA AMPLITUDE.   LINDA COZINHA AMERICANA. \u00c1REA DE LAVANDERIA. ACABAMENTOS SUPER LUXUOSOS. 2 VAGAS DE ESTACIONAMENTO. VIGIL\u00c2NCIA 24 HORAS. ESTACIONAMENTO PARA VISITANTES. ACESSO DIRETO AO SHOPPING CENTER. MANUTEN\u00c7\u00c3O INCLU\u00cdDA NO ALUGUEL.SOMENTE ALUGU\u00c9IS ACIMA DE UM ANO.<\/p>\n","protected":false},"excerpt":{"rendered":"<p>APARTAMENTO ESPETACULAR COM ACABAMENTOS DE LUXO. 120 M2: 3 QUARTOS, CADA UM COM BANHEIRO COMPLETO. PISO DE MADEIRA. ILUMINA\u00c7\u00c3O INDIRETA. ESPA\u00c7OS MUITO AMPLOS. TETOS DE 3 METROS QUE LHE D\u00c3O MUITA AMPLITUDE. LINDA COZINHA AMERICANA. \u00c1REA DE LAVANDERIA. ACABAMENTOS SUPER LUXUOSOS. 2 VAGAS DE ESTACIONAMENTO. VIGIL\u00c2NCIA 24 HORAS. ESTACIONAMENTO PARA VISITANTES. ACESSO DIRETO AO SHOPPING [&hellip;]<\/p>\n","protected":false},"featured_media":32859,"comment_status":"open","ping_status":"closed","template":"","meta":{"_joinchat":[]},"product_brand":[],"product_cat":[378,377,695],"product_tag":[668],"class_list":{"0":"post-32863","1":"product","2":"type-product","3":"status-publish","4":"has-post-thumbnail","6":"product_cat-aluguel","7":"product_cat-departamentos","8":"product_cat-monet-pt-br","9":"product_tag-aluguel","10":"pa_recamara-25","12":"first","13":"instock","14":"shipping-taxable","15":"purchasable","16":"product-type-simple"},"_links":{"self":[{"href":"https:\/\/www.rentaplazacarso.com\/pt-br\/wp-json\/wp\/v2\/product\/32863","targetHints":{"allow":["GET"]}}],"collection":[{"href":"https:\/\/www.rentaplazacarso.com\/pt-br\/wp-json\/wp\/v2\/product"}],"about":[{"href":"https:\/\/www.rentaplazacarso.com\/pt-br\/wp-json\/wp\/v2\/types\/product"}],"replies":[{"embeddable":true,"href":"https:\/\/www.rentaplazacarso.com\/pt-br\/wp-json\/wp\/v2\/comments?post=32863"}],"wp:featuredmedia":[{"embeddable":true,"href":"https:\/\/www.rentaplazacarso.com\/pt-br\/wp-json\/wp\/v2\/media\/32859"}],"wp:attachment":[{"href":"https:\/\/www.rentaplazacarso.com\/pt-br\/wp-json\/wp\/v2\/media?parent=32863"}],"wp:term":[{"taxonomy":"product_brand","embeddable":true,"href":"https:\/\/www.rentaplazacarso.com\/pt-br\/wp-json\/wp\/v2\/product_brand?post=32863"},{"taxonomy":"product_cat","embeddable":true,"href":"https:\/\/www.rentaplazacarso.com\/pt-br\/wp-json\/wp\/v2\/product_cat?post=32863"},{"taxonomy":"product_tag","embeddable":true,"href":"https:\/\/www.rentaplazacarso.com\/pt-br\/wp-json\/wp\/v2\/product_tag?post=32863"}],"curies":[{"name":"wp","href":"https:\/\/api.w.org\/{rel}","templated":true}]}}