{"id":32665,"date":"2026-03-13T17:30:54","date_gmt":"2026-03-13T17:30:54","guid":{"rendered":"https:\/\/www.rentaplazacarso.com\/product\/bom-apartamento-mobiliado-com-2-quartos-e-sala-de-estar-2\/"},"modified":"2026-03-13T17:30:54","modified_gmt":"2026-03-13T17:30:54","slug":"bom-apartamento-mobiliado-com-2-quartos-e-sala-de-estar-2","status":"publish","type":"product","link":"https:\/\/www.rentaplazacarso.com\/pt-br\/product\/bom-apartamento-mobiliado-com-2-quartos-e-sala-de-estar-2\/","title":{"rendered":"BOM APARTAMENTO MOBILIADO COM 2 QUARTOS E SALA DE ESTAR"},"content":{"rendered":"<p>APARTAMENTO COMPLETAMENTE MOBILIADO E EQUIPADO MUITO BOM. 120 M2. 2 QUARTOS E FAM\u00cdLIA OU TERCEIRO QUARTO. QUARTO PRINCIPAL COM CLOSET. 2 BANHEIROS COMPLETOS.     BANHEIRO DE H\u00d3SPEDES. \u00c1REA DE LAVANDERIA. LINDA COZINHA AMERICANA. AMPLA SALA DE ESTAR E JANTAR. BELAS VISTAS. MUITO LEVE. ACABAMENTOS DE ALTA QUALIDADE.     2 VAGAS DE ESTACIONAMENTO. CONJUNTO COMPLETO DE COMODIDADES. ACESSO DIRETO AO SHOPPING CENTER. SEGURAN\u00c7A 24 HORAS. ESTACIONAMENTO PARA VISITANTES. MUITO SILENCIOSO. LOCALIZA\u00c7\u00c3O PERFEITA. MANUTEN\u00c7\u00c3O INCLU\u00cdDA NO ALUGUEL. ALUGADO SOMENTE PARA ALUGUEL DE LONGO PRAZO.   <\/p>\n","protected":false},"excerpt":{"rendered":"<p>APARTAMENTO COMPLETAMENTE MOBILIADO E EQUIPADO MUITO BOM. 120 M2. 2 QUARTOS E FAM\u00cdLIA OU TERCEIRO QUARTO. QUARTO PRINCIPAL COM CLOSET. 2 BANHEIROS COMPLETOS. BANHEIRO DE H\u00d3SPEDES. \u00c1REA DE LAVANDERIA. LINDA COZINHA AMERICANA. AMPLA SALA DE ESTAR E JANTAR. BELAS VISTAS. MUITO LEVE. ACABAMENTOS DE ALTA QUALIDADE. 2 VAGAS DE ESTACIONAMENTO. CONJUNTO COMPLETO DE COMODIDADES. ACESSO [&hellip;]<\/p>\n","protected":false},"featured_media":32661,"comment_status":"open","ping_status":"closed","template":"","meta":{"_joinchat":[]},"product_brand":[],"product_cat":[378,379,377],"product_tag":[668],"class_list":{"0":"post-32665","1":"product","2":"type-product","3":"status-publish","4":"has-post-thumbnail","6":"product_cat-aluguel","7":"product_cat-claudel-pt-br","8":"product_cat-departamentos","9":"product_tag-aluguel","10":"pa_recamara-25","12":"first","13":"instock","14":"shipping-taxable","15":"purchasable","16":"product-type-simple"},"_links":{"self":[{"href":"https:\/\/www.rentaplazacarso.com\/pt-br\/wp-json\/wp\/v2\/product\/32665","targetHints":{"allow":["GET"]}}],"collection":[{"href":"https:\/\/www.rentaplazacarso.com\/pt-br\/wp-json\/wp\/v2\/product"}],"about":[{"href":"https:\/\/www.rentaplazacarso.com\/pt-br\/wp-json\/wp\/v2\/types\/product"}],"replies":[{"embeddable":true,"href":"https:\/\/www.rentaplazacarso.com\/pt-br\/wp-json\/wp\/v2\/comments?post=32665"}],"wp:featuredmedia":[{"embeddable":true,"href":"https:\/\/www.rentaplazacarso.com\/pt-br\/wp-json\/wp\/v2\/media\/32661"}],"wp:attachment":[{"href":"https:\/\/www.rentaplazacarso.com\/pt-br\/wp-json\/wp\/v2\/media?parent=32665"}],"wp:term":[{"taxonomy":"product_brand","embeddable":true,"href":"https:\/\/www.rentaplazacarso.com\/pt-br\/wp-json\/wp\/v2\/product_brand?post=32665"},{"taxonomy":"product_cat","embeddable":true,"href":"https:\/\/www.rentaplazacarso.com\/pt-br\/wp-json\/wp\/v2\/product_cat?post=32665"},{"taxonomy":"product_tag","embeddable":true,"href":"https:\/\/www.rentaplazacarso.com\/pt-br\/wp-json\/wp\/v2\/product_tag?post=32665"}],"curies":[{"name":"wp","href":"https:\/\/api.w.org\/{rel}","templated":true}]}}