{"id":32568,"date":"2026-03-10T18:55:39","date_gmt":"2026-03-10T18:55:39","guid":{"rendered":"https:\/\/www.rentaplazacarso.com\/product\/2-quartos-mobiliados-6\/"},"modified":"2026-03-12T19:17:15","modified_gmt":"2026-03-12T19:17:15","slug":"2-quartos-mobiliados-6","status":"publish","type":"product","link":"https:\/\/www.rentaplazacarso.com\/pt-br\/product\/2-quartos-mobiliados-6\/","title":{"rendered":"2 QUARTOS MOBILIADOS"},"content":{"rendered":"<p>115 M2 FLAT. TOTALMENTE MOBILIADO E EQUIPADO. 2 QUARTOS COM BANHEIRO COMPLETO. BANHEIRO DE H\u00d3SPEDES. COZINHA ABERTA E AGRAD\u00c1VEL.   \u00c1REA DE LAVANDERIA. TETOS DE 3 METROS QUE LHE CONFEREM MUITA AMPLITUDE E LUMINOSIDADE. 2 VAGAS DE GARAGEM. CONJUNTO COMPLETO DE COMODIDADES.    ACESSO DIRETO AO SHOPPING CENTER. VIGIL\u00c2NCIA 24 HORAS. ESTACIONAMENTO PARA VISITANTES. LOCALIZA\u00c7\u00c3O PERFEITA COM TODOS OS SERVI\u00c7OS AO REDOR. MANUTEN\u00c7\u00c3O INCLU\u00cdDA NO ALUGUEL. SOMENTE PARA ALUGUEL DE LONGA DURA\u00c7\u00c3O.     <\/p>\n","protected":false},"excerpt":{"rendered":"<p>115 M2 FLAT. TOTALMENTE MOBILIADO E EQUIPADO. 2 QUARTOS COM BANHEIRO COMPLETO. BANHEIRO DE H\u00d3SPEDES. COZINHA ABERTA E AGRAD\u00c1VEL. \u00c1REA DE LAVANDERIA. TETOS DE 3 METROS QUE LHE CONFEREM MUITA AMPLITUDE E LUMINOSIDADE. 2 VAGAS DE GARAGEM. CONJUNTO COMPLETO DE COMODIDADES. ACESSO DIRETO AO SHOPPING CENTER. VIGIL\u00c2NCIA 24 HORAS. ESTACIONAMENTO PARA VISITANTES. LOCALIZA\u00c7\u00c3O PERFEITA COM [&hellip;]<\/p>\n","protected":false},"featured_media":32557,"comment_status":"open","ping_status":"closed","template":"","meta":{"_joinchat":[]},"product_brand":[],"product_cat":[378,377,729],"product_tag":[668],"class_list":{"0":"post-32568","1":"product","2":"type-product","3":"status-publish","4":"has-post-thumbnail","6":"product_cat-aluguel","7":"product_cat-departamentos","8":"product_cat-rodin-pt-br","9":"product_tag-aluguel","10":"pa_recamara-25","12":"first","13":"instock","14":"shipping-taxable","15":"purchasable","16":"product-type-simple"},"_links":{"self":[{"href":"https:\/\/www.rentaplazacarso.com\/pt-br\/wp-json\/wp\/v2\/product\/32568","targetHints":{"allow":["GET"]}}],"collection":[{"href":"https:\/\/www.rentaplazacarso.com\/pt-br\/wp-json\/wp\/v2\/product"}],"about":[{"href":"https:\/\/www.rentaplazacarso.com\/pt-br\/wp-json\/wp\/v2\/types\/product"}],"replies":[{"embeddable":true,"href":"https:\/\/www.rentaplazacarso.com\/pt-br\/wp-json\/wp\/v2\/comments?post=32568"}],"wp:featuredmedia":[{"embeddable":true,"href":"https:\/\/www.rentaplazacarso.com\/pt-br\/wp-json\/wp\/v2\/media\/32557"}],"wp:attachment":[{"href":"https:\/\/www.rentaplazacarso.com\/pt-br\/wp-json\/wp\/v2\/media?parent=32568"}],"wp:term":[{"taxonomy":"product_brand","embeddable":true,"href":"https:\/\/www.rentaplazacarso.com\/pt-br\/wp-json\/wp\/v2\/product_brand?post=32568"},{"taxonomy":"product_cat","embeddable":true,"href":"https:\/\/www.rentaplazacarso.com\/pt-br\/wp-json\/wp\/v2\/product_cat?post=32568"},{"taxonomy":"product_tag","embeddable":true,"href":"https:\/\/www.rentaplazacarso.com\/pt-br\/wp-json\/wp\/v2\/product_tag?post=32568"}],"curies":[{"name":"wp","href":"https:\/\/api.w.org\/{rel}","templated":true}]}}