{"id":32400,"date":"2026-03-09T20:34:26","date_gmt":"2026-03-09T20:34:26","guid":{"rendered":"https:\/\/www.rentaplazacarso.com\/product\/3-quartos-mobiliados-e-deposito\/"},"modified":"2026-03-09T20:34:26","modified_gmt":"2026-03-09T20:34:26","slug":"3-quartos-mobiliados-e-deposito","status":"publish","type":"product","link":"https:\/\/www.rentaplazacarso.com\/pt-br\/product\/3-quartos-mobiliados-e-deposito\/","title":{"rendered":"3 QUARTOS MOBILIADOS E DEP\u00d3SITO"},"content":{"rendered":"<p>INCR\u00cdVEL APARTAMENTO DE ESQUINA TOTALMENTE MOBILIADO E EQUIPADO. 133 M2. 3 QUARTOS. QUARTO PRINCIPAL COM CLOSET. BANHEIRO SOCIAL. AMPLA SALA DE ESTAR E JANTAR.      COZINHA ABERTA E AGRAD\u00c1VEL COM \u00c1REA DE SERVI\u00c7O. AS ENORMES JANELAS EM TODOS OS C\u00d4MODOS PROPORCIONAM MUITA LUZ. PISO DE MADEIRA. ACABAMENTOS DE ALTA QUALIDADE. MUITO BEM DECORADA. EM PERFEITAS CONDI\u00c7\u00d5ES. 3 VAGAS DE ESTACIONAMENTO. ADEGA INCLU\u00cdDA. M\u00d3VEIS INCLU\u00cdDOS NO PRE\u00c7O.  CONJUNTO COMPLETO DE COMODIDADES. VIGIL\u00c2NCIA 24 HORAS. ESTACIONAMENTO PARA VISITANTES. TORRE MUITO TRANQUILA E MUITO BEM LOCALIZADA, COM TODOS OS SERVI\u00c7OS AO REDOR.<\/p>\n","protected":false},"excerpt":{"rendered":"<p>INCR\u00cdVEL APARTAMENTO DE ESQUINA TOTALMENTE MOBILIADO E EQUIPADO. 133 M2. 3 QUARTOS. QUARTO PRINCIPAL COM CLOSET. BANHEIRO SOCIAL. AMPLA SALA DE ESTAR E JANTAR. COZINHA ABERTA E AGRAD\u00c1VEL COM \u00c1REA DE SERVI\u00c7O. AS ENORMES JANELAS EM TODOS OS C\u00d4MODOS PROPORCIONAM MUITA LUZ. PISO DE MADEIRA. ACABAMENTOS DE ALTA QUALIDADE. MUITO BEM DECORADA. EM PERFEITAS CONDI\u00c7\u00d5ES. [&hellip;]<\/p>\n","protected":false},"featured_media":32396,"comment_status":"open","ping_status":"closed","template":"","meta":{"_joinchat":[]},"product_brand":[],"product_cat":[377,755,391],"product_tag":[691],"class_list":{"0":"post-32400","1":"product","2":"type-product","3":"status-publish","4":"has-post-thumbnail","6":"product_cat-departamentos","7":"product_cat-renoir-pt-br-2","8":"product_cat-venda","9":"product_tag-venda","10":"pa_recamara-26","12":"first","13":"instock","14":"shipping-taxable","15":"purchasable","16":"product-type-simple"},"_links":{"self":[{"href":"https:\/\/www.rentaplazacarso.com\/pt-br\/wp-json\/wp\/v2\/product\/32400","targetHints":{"allow":["GET"]}}],"collection":[{"href":"https:\/\/www.rentaplazacarso.com\/pt-br\/wp-json\/wp\/v2\/product"}],"about":[{"href":"https:\/\/www.rentaplazacarso.com\/pt-br\/wp-json\/wp\/v2\/types\/product"}],"replies":[{"embeddable":true,"href":"https:\/\/www.rentaplazacarso.com\/pt-br\/wp-json\/wp\/v2\/comments?post=32400"}],"wp:featuredmedia":[{"embeddable":true,"href":"https:\/\/www.rentaplazacarso.com\/pt-br\/wp-json\/wp\/v2\/media\/32396"}],"wp:attachment":[{"href":"https:\/\/www.rentaplazacarso.com\/pt-br\/wp-json\/wp\/v2\/media?parent=32400"}],"wp:term":[{"taxonomy":"product_brand","embeddable":true,"href":"https:\/\/www.rentaplazacarso.com\/pt-br\/wp-json\/wp\/v2\/product_brand?post=32400"},{"taxonomy":"product_cat","embeddable":true,"href":"https:\/\/www.rentaplazacarso.com\/pt-br\/wp-json\/wp\/v2\/product_cat?post=32400"},{"taxonomy":"product_tag","embeddable":true,"href":"https:\/\/www.rentaplazacarso.com\/pt-br\/wp-json\/wp\/v2\/product_tag?post=32400"}],"curies":[{"name":"wp","href":"https:\/\/api.w.org\/{rel}","templated":true}]}}