{"id":32246,"date":"2026-03-09T18:52:39","date_gmt":"2026-03-09T18:52:39","guid":{"rendered":"https:\/\/www.rentaplazacarso.com\/product\/apartamento-de-1-quarto-nao-mobiliado\/"},"modified":"2026-03-09T18:52:39","modified_gmt":"2026-03-09T18:52:39","slug":"apartamento-de-1-quarto-nao-mobiliado","status":"publish","type":"product","link":"https:\/\/www.rentaplazacarso.com\/pt-br\/product\/apartamento-de-1-quarto-nao-mobiliado\/","title":{"rendered":"APARTAMENTO DE 1 QUARTO N\u00c3O MOBILIADO"},"content":{"rendered":"<p>APARTAMENTO EM PERFEITAS CONDI\u00c7\u00d5ES. 75 M2: QUARTO ESPA\u00c7OSO COM BANHEIRO COMPLETO E AMPLO CLOSET. \u00c1REA DE LAVANDERIA. BANHEIRO SOCIAL. COZINHA ABERTA E AGRAD\u00c1VEL.     ACABAMENTOS DE ALTA QUALIDADE. GRANDES JANELAS QUE PROPORCIONAM MUITA LUZ. 1 VAGA DE GARAGEM. CONJUNTO COMPLETO DE COMODIDADES. SEGURAN\u00c7A 24 HORAS. TORRE MUITO BEM LOCALIZADA. MANUTEN\u00c7\u00c3O INCLU\u00cdDA NO ALUGUEL.       N\u00c3O ALUGADO PARA ESTADIAS CURTAS.<\/p>\n","protected":false},"excerpt":{"rendered":"<p>APARTAMENTO EM PERFEITAS CONDI\u00c7\u00d5ES. 75 M2: QUARTO ESPA\u00c7OSO COM BANHEIRO COMPLETO E AMPLO CLOSET. \u00c1REA DE LAVANDERIA. BANHEIRO SOCIAL. COZINHA ABERTA E AGRAD\u00c1VEL. ACABAMENTOS DE ALTA QUALIDADE. GRANDES JANELAS QUE PROPORCIONAM MUITA LUZ. 1 VAGA DE GARAGEM. CONJUNTO COMPLETO DE COMODIDADES. SEGURAN\u00c7A 24 HORAS. TORRE MUITO BEM LOCALIZADA. MANUTEN\u00c7\u00c3O INCLU\u00cdDA NO ALUGUEL. N\u00c3O ALUGADO PARA [&hellip;]<\/p>\n","protected":false},"featured_media":32235,"comment_status":"open","ping_status":"closed","template":"","meta":{"_joinchat":[]},"product_brand":[],"product_cat":[378,393,377],"product_tag":[668],"class_list":{"0":"post-32246","1":"product","2":"type-product","3":"status-publish","4":"has-post-thumbnail","6":"product_cat-aluguel","7":"product_cat-botticelli-pt-br","8":"product_cat-departamentos","9":"product_tag-aluguel","10":"pa_recamara-24","12":"first","13":"instock","14":"shipping-taxable","15":"purchasable","16":"product-type-simple"},"_links":{"self":[{"href":"https:\/\/www.rentaplazacarso.com\/pt-br\/wp-json\/wp\/v2\/product\/32246","targetHints":{"allow":["GET"]}}],"collection":[{"href":"https:\/\/www.rentaplazacarso.com\/pt-br\/wp-json\/wp\/v2\/product"}],"about":[{"href":"https:\/\/www.rentaplazacarso.com\/pt-br\/wp-json\/wp\/v2\/types\/product"}],"replies":[{"embeddable":true,"href":"https:\/\/www.rentaplazacarso.com\/pt-br\/wp-json\/wp\/v2\/comments?post=32246"}],"wp:featuredmedia":[{"embeddable":true,"href":"https:\/\/www.rentaplazacarso.com\/pt-br\/wp-json\/wp\/v2\/media\/32235"}],"wp:attachment":[{"href":"https:\/\/www.rentaplazacarso.com\/pt-br\/wp-json\/wp\/v2\/media?parent=32246"}],"wp:term":[{"taxonomy":"product_brand","embeddable":true,"href":"https:\/\/www.rentaplazacarso.com\/pt-br\/wp-json\/wp\/v2\/product_brand?post=32246"},{"taxonomy":"product_cat","embeddable":true,"href":"https:\/\/www.rentaplazacarso.com\/pt-br\/wp-json\/wp\/v2\/product_cat?post=32246"},{"taxonomy":"product_tag","embeddable":true,"href":"https:\/\/www.rentaplazacarso.com\/pt-br\/wp-json\/wp\/v2\/product_tag?post=32246"}],"curies":[{"name":"wp","href":"https:\/\/api.w.org\/{rel}","templated":true}]}}