{"id":31801,"date":"2026-02-26T23:08:14","date_gmt":"2026-02-26T23:08:14","guid":{"rendered":"https:\/\/www.rentaplazacarso.com\/product\/2-quartos-mobiliados-com-sala-de-estar-7\/"},"modified":"2026-04-16T19:10:08","modified_gmt":"2026-04-16T19:10:08","slug":"2-quartos-mobiliados-com-sala-de-estar-7","status":"publish","type":"product","link":"https:\/\/www.rentaplazacarso.com\/pt-br\/product\/2-quartos-mobiliados-com-sala-de-estar-7\/","title":{"rendered":"2 QUARTOS MOBILIADOS COM SALA DE ESTAR"},"content":{"rendered":"<p>APARTAMENTO DE 120 M2 COMPLETAMENTE MOBILIADO E EQUIPADO MUITO BEM. 2 QUARTOS ESPA\u00c7OSOS COM BANHEIRO COMPLETO. QUARTO PRINCIPAL COM CLOSET.   SALA DE FAM\u00cdLIA. BANHEIRO DE H\u00d3SPEDES. \u00c1REA DE LAVANDERIA. LINDA COZINHA AMERICANA. ACABAMENTOS DE ALTA QUALIDADE. M\u00d3VEIS DE DESIGN. EM PERFEITAS CONDI\u00c7\u00d5ES.    2 VAGAS DE ESTACIONAMENTO. CONJUNTO COMPLETO DE COMODIDADES. ACESSO DIRETO AO SHOPPING CENTER. VIGIL\u00c2NCIA 24 HORAS. ESTACIONAMENTO PARA VISITANTES. LOCALIZA\u00c7\u00c3O PERFEITA, COM TODOS OS SERVI\u00c7OS AO REDOR. MANUTEN\u00c7\u00c3O INCLU\u00cdDA NO ALUGUEL. ALUGADO SOMENTE PARA ALUGUEL DE LONGO PRAZO.  <\/p>\n","protected":false},"excerpt":{"rendered":"<p>APARTAMENTO DE 120 M2 COMPLETAMENTE MOBILIADO E EQUIPADO MUITO BEM. 2 QUARTOS ESPA\u00c7OSOS COM BANHEIRO COMPLETO. QUARTO PRINCIPAL COM CLOSET. SALA DE FAM\u00cdLIA. BANHEIRO DE H\u00d3SPEDES. \u00c1REA DE LAVANDERIA. LINDA COZINHA AMERICANA. ACABAMENTOS DE ALTA QUALIDADE. M\u00d3VEIS DE DESIGN. EM PERFEITAS CONDI\u00c7\u00d5ES. 2 VAGAS DE ESTACIONAMENTO. CONJUNTO COMPLETO DE COMODIDADES. ACESSO DIRETO AO SHOPPING CENTER. [&hellip;]<\/p>\n","protected":false},"featured_media":33758,"comment_status":"open","ping_status":"closed","template":"","meta":{"_joinchat":[]},"product_brand":[],"product_cat":[378,379,377],"product_tag":[668],"class_list":{"0":"post-31801","1":"product","2":"type-product","3":"status-publish","4":"has-post-thumbnail","6":"product_cat-aluguel","7":"product_cat-claudel-pt-br","8":"product_cat-departamentos","9":"product_tag-aluguel","10":"pa_recamara-25","12":"first","13":"instock","14":"shipping-taxable","15":"purchasable","16":"product-type-simple"},"_links":{"self":[{"href":"https:\/\/www.rentaplazacarso.com\/pt-br\/wp-json\/wp\/v2\/product\/31801","targetHints":{"allow":["GET"]}}],"collection":[{"href":"https:\/\/www.rentaplazacarso.com\/pt-br\/wp-json\/wp\/v2\/product"}],"about":[{"href":"https:\/\/www.rentaplazacarso.com\/pt-br\/wp-json\/wp\/v2\/types\/product"}],"replies":[{"embeddable":true,"href":"https:\/\/www.rentaplazacarso.com\/pt-br\/wp-json\/wp\/v2\/comments?post=31801"}],"wp:featuredmedia":[{"embeddable":true,"href":"https:\/\/www.rentaplazacarso.com\/pt-br\/wp-json\/wp\/v2\/media\/33758"}],"wp:attachment":[{"href":"https:\/\/www.rentaplazacarso.com\/pt-br\/wp-json\/wp\/v2\/media?parent=31801"}],"wp:term":[{"taxonomy":"product_brand","embeddable":true,"href":"https:\/\/www.rentaplazacarso.com\/pt-br\/wp-json\/wp\/v2\/product_brand?post=31801"},{"taxonomy":"product_cat","embeddable":true,"href":"https:\/\/www.rentaplazacarso.com\/pt-br\/wp-json\/wp\/v2\/product_cat?post=31801"},{"taxonomy":"product_tag","embeddable":true,"href":"https:\/\/www.rentaplazacarso.com\/pt-br\/wp-json\/wp\/v2\/product_tag?post=31801"}],"curies":[{"name":"wp","href":"https:\/\/api.w.org\/{rel}","templated":true}]}}