{"id":31674,"date":"2026-02-26T00:34:22","date_gmt":"2026-02-26T00:34:22","guid":{"rendered":"https:\/\/www.rentaplazacarso.com\/product\/3-quartos-mobiliados-com-terraco-privativo\/"},"modified":"2026-02-26T00:34:22","modified_gmt":"2026-02-26T00:34:22","slug":"3-quartos-mobiliados-com-terraco-privativo","status":"publish","type":"product","link":"https:\/\/www.rentaplazacarso.com\/pt-br\/product\/3-quartos-mobiliados-com-terraco-privativo\/","title":{"rendered":"3 QUARTOS MOBILIADOS COM TERRA\u00c7O PRIVATIVO"},"content":{"rendered":"<p>APARTAMENTO TOTALMENTE MOBILIADO E EQUIPADO COM TERRA\u00c7O PRIVATIVO. O APARTAMENTO TEM UMA \u00c1REA DE 261 M2, DOS QUAIS 181 M2 S\u00c3O HABIT\u00c1VEIS E 80 M2 DE TERRA\u00c7O PRIVADO COM ACESSO \u00c0 SALA DE ESTAR E AO QUARTO PRINCIPAL.  3 QUARTOS, CADA UM COM UM BANHEIRO COMPLETO. SALA DE FAM\u00cdLIA. BANHEIRO DE H\u00d3SPEDES. COZINHA ABERTA. SALA DE ESTAR E JANTAR ESPA\u00c7OSA. QUARTO DA EMPREGADA. JANELAS GRANDES EM TODOS OS C\u00d4MODOS. COM MUITA LUZ.  3 VAGAS DE ESTACIONAMENTO. CONJUNTO COMPLETO DE COMODIDADES. VIGIL\u00c2NCIA 24 HORAS. ESTACIONAMENTO PARA VISITANTES. MANUTEN\u00c7\u00c3O INCLU\u00cdDA NO ALUGUEL. SOMENTE PARA ALUGU\u00c9IS DE LONGA DURA\u00c7\u00c3O. <\/p>\n","protected":false},"excerpt":{"rendered":"<p>APARTAMENTO TOTALMENTE MOBILIADO E EQUIPADO COM TERRA\u00c7O PRIVATIVO. O APARTAMENTO TEM UMA \u00c1REA DE 261 M2, DOS QUAIS 181 M2 S\u00c3O HABIT\u00c1VEIS E 80 M2 DE TERRA\u00c7O PRIVADO COM ACESSO \u00c0 SALA DE ESTAR E AO QUARTO PRINCIPAL. 3 QUARTOS, CADA UM COM UM BANHEIRO COMPLETO. SALA DE FAM\u00cdLIA. BANHEIRO DE H\u00d3SPEDES. COZINHA ABERTA. SALA [&hellip;]<\/p>\n","protected":false},"featured_media":31649,"comment_status":"open","ping_status":"closed","template":"","meta":{"_joinchat":[]},"product_brand":[],"product_cat":[378,377,470],"product_tag":[668],"class_list":{"0":"post-31674","1":"product","2":"type-product","3":"status-publish","4":"has-post-thumbnail","6":"product_cat-aluguel","7":"product_cat-departamentos","8":"product_cat-van-gogh-pt-br","9":"product_tag-aluguel","10":"pa_recamara-26","12":"first","13":"instock","14":"shipping-taxable","15":"purchasable","16":"product-type-simple"},"_links":{"self":[{"href":"https:\/\/www.rentaplazacarso.com\/pt-br\/wp-json\/wp\/v2\/product\/31674","targetHints":{"allow":["GET"]}}],"collection":[{"href":"https:\/\/www.rentaplazacarso.com\/pt-br\/wp-json\/wp\/v2\/product"}],"about":[{"href":"https:\/\/www.rentaplazacarso.com\/pt-br\/wp-json\/wp\/v2\/types\/product"}],"replies":[{"embeddable":true,"href":"https:\/\/www.rentaplazacarso.com\/pt-br\/wp-json\/wp\/v2\/comments?post=31674"}],"wp:featuredmedia":[{"embeddable":true,"href":"https:\/\/www.rentaplazacarso.com\/pt-br\/wp-json\/wp\/v2\/media\/31649"}],"wp:attachment":[{"href":"https:\/\/www.rentaplazacarso.com\/pt-br\/wp-json\/wp\/v2\/media?parent=31674"}],"wp:term":[{"taxonomy":"product_brand","embeddable":true,"href":"https:\/\/www.rentaplazacarso.com\/pt-br\/wp-json\/wp\/v2\/product_brand?post=31674"},{"taxonomy":"product_cat","embeddable":true,"href":"https:\/\/www.rentaplazacarso.com\/pt-br\/wp-json\/wp\/v2\/product_cat?post=31674"},{"taxonomy":"product_tag","embeddable":true,"href":"https:\/\/www.rentaplazacarso.com\/pt-br\/wp-json\/wp\/v2\/product_tag?post=31674"}],"curies":[{"name":"wp","href":"https:\/\/api.w.org\/{rel}","templated":true}]}}