{"id":31501,"date":"2026-02-18T19:31:10","date_gmt":"2026-02-18T19:31:10","guid":{"rendered":"https:\/\/www.rentaplazacarso.com\/product\/2-quartos-nao-mobiliados-3\/"},"modified":"2026-02-18T19:31:10","modified_gmt":"2026-02-18T19:31:10","slug":"2-quartos-nao-mobiliados-3","status":"publish","type":"product","link":"https:\/\/www.rentaplazacarso.com\/pt-br\/product\/2-quartos-nao-mobiliados-3\/","title":{"rendered":"2 QUARTOS N\u00c3O MOBILIADOS"},"content":{"rendered":"<p>APARTAMENTO NA NOVA TORRE CEZANNE DA PLAZA CARSO: 111 M2. 2 QUARTOS, CADA UM COM BANHEIRO COMPLETO. QUARTO PRINCIPAL COM CLOSET.   BANHEIRO DE H\u00d3SPEDES. AMPLA \u00c1REA DE LAVANDERIA. BELA COZINHA ABERTA. SALA DE JANTAR ESPA\u00c7OSA.  QUARTOS DE TAMANHO MUITO BOM. PISO DE MADEIRA. JANELAS ENORMES QUE PROPORCIONAM MUITA LUZ. ACABAMENTOS DE ALTA QUALIDADE. TORRE MUITO TRANQUILA E BEM LOCALIZADA (EM FRENTE AO MERCADO DA CIDADE). CONJUNTO COMPLETO DE COMODIDADES. 2 VAGAS DE ESTACIONAMENTO. VIGIL\u00c2NCIA 24 HORAS. MANUTEN\u00c7\u00c3O INCLU\u00cdDA NO ALUGUEL.<\/p>\n","protected":false},"excerpt":{"rendered":"<p>APARTAMENTO NA NOVA TORRE CEZANNE DA PLAZA CARSO: 111 M2. 2 QUARTOS, CADA UM COM BANHEIRO COMPLETO. QUARTO PRINCIPAL COM CLOSET. BANHEIRO DE H\u00d3SPEDES. AMPLA \u00c1REA DE LAVANDERIA. BELA COZINHA ABERTA. SALA DE JANTAR ESPA\u00c7OSA. QUARTOS DE TAMANHO MUITO BOM. PISO DE MADEIRA. JANELAS ENORMES QUE PROPORCIONAM MUITA LUZ. ACABAMENTOS DE ALTA QUALIDADE. TORRE MUITO [&hellip;]<\/p>\n","protected":false},"featured_media":31490,"comment_status":"open","ping_status":"closed","template":"","meta":{"_joinchat":[]},"product_brand":[],"product_cat":[378,725,377],"product_tag":[668],"class_list":{"0":"post-31501","1":"product","2":"type-product","3":"status-publish","4":"has-post-thumbnail","6":"product_cat-aluguel","7":"product_cat-cezanne-pt-br","8":"product_cat-departamentos","9":"product_tag-aluguel","10":"pa_recamara-25","12":"first","13":"instock","14":"shipping-taxable","15":"purchasable","16":"product-type-simple"},"_links":{"self":[{"href":"https:\/\/www.rentaplazacarso.com\/pt-br\/wp-json\/wp\/v2\/product\/31501","targetHints":{"allow":["GET"]}}],"collection":[{"href":"https:\/\/www.rentaplazacarso.com\/pt-br\/wp-json\/wp\/v2\/product"}],"about":[{"href":"https:\/\/www.rentaplazacarso.com\/pt-br\/wp-json\/wp\/v2\/types\/product"}],"replies":[{"embeddable":true,"href":"https:\/\/www.rentaplazacarso.com\/pt-br\/wp-json\/wp\/v2\/comments?post=31501"}],"wp:featuredmedia":[{"embeddable":true,"href":"https:\/\/www.rentaplazacarso.com\/pt-br\/wp-json\/wp\/v2\/media\/31490"}],"wp:attachment":[{"href":"https:\/\/www.rentaplazacarso.com\/pt-br\/wp-json\/wp\/v2\/media?parent=31501"}],"wp:term":[{"taxonomy":"product_brand","embeddable":true,"href":"https:\/\/www.rentaplazacarso.com\/pt-br\/wp-json\/wp\/v2\/product_brand?post=31501"},{"taxonomy":"product_cat","embeddable":true,"href":"https:\/\/www.rentaplazacarso.com\/pt-br\/wp-json\/wp\/v2\/product_cat?post=31501"},{"taxonomy":"product_tag","embeddable":true,"href":"https:\/\/www.rentaplazacarso.com\/pt-br\/wp-json\/wp\/v2\/product_tag?post=31501"}],"curies":[{"name":"wp","href":"https:\/\/api.w.org\/{rel}","templated":true}]}}