{"id":31269,"date":"2026-02-16T19:20:21","date_gmt":"2026-02-16T19:20:21","guid":{"rendered":"https:\/\/www.rentaplazacarso.com\/product\/espetacular-3-quartos-sem-mobilia-2\/"},"modified":"2026-04-14T18:41:32","modified_gmt":"2026-04-14T18:41:32","slug":"espetacular-3-quartos-sem-mobilia-2","status":"publish","type":"product","link":"https:\/\/www.rentaplazacarso.com\/pt-br\/product\/espetacular-3-quartos-sem-mobilia-2\/","title":{"rendered":"ESPETACULAR 3 QUARTOS SEM MOB\u00cdLIA"},"content":{"rendered":"<p>IMPRESSIONANTE APARTAMENTO NA PLAZA CARSO: 240 M2, 3 QUARTOS, CADA UM COM BANHEIRO COMPLETO E CLOSET. SALA DE FAM\u00cdLIA. SALA DE JANTAR ENORME COM BELAS VISTAS PARA SOUMAYA. COZINHA ABERTA E ESPA\u00c7OSA.    PISO DE MADEIRA NOS QUARTOS. TETOS DE 3 METROS QUE LHE D\u00c3O MUITA AMPLITUDE. MATERIAIS DE ALTA QUALIDADE.   EM PERFEITAS CONDI\u00c7\u00d5ES. BANHEIRO DE H\u00d3SPEDES.  \u00c1REA DE LAVANDERIA. QUARTO DA EMPREGADA. 3 VAGAS DE ESTACIONAMENTO.  CONJUNTO COMPLETO DE COMODIDADES. SEGURAN\u00c7A 24 HORAS. ESTACIONAMENTO PARA VISITANTES. MANUTEN\u00c7\u00c3O INCLU\u00cdDA NO ALUGUEL. SOMENTE PARA ALUGU\u00c9IS DE LONGA DURA\u00c7\u00c3O. <\/p>\n","protected":false},"excerpt":{"rendered":"<p>IMPRESSIONANTE APARTAMENTO NA PLAZA CARSO: 240 M2, 3 QUARTOS, CADA UM COM BANHEIRO COMPLETO E CLOSET. SALA DE FAM\u00cdLIA. SALA DE JANTAR ENORME COM BELAS VISTAS PARA SOUMAYA. COZINHA ABERTA E ESPA\u00c7OSA. PISO DE MADEIRA NOS QUARTOS. TETOS DE 3 METROS QUE LHE D\u00c3O MUITA AMPLITUDE. MATERIAIS DE ALTA QUALIDADE. EM PERFEITAS CONDI\u00c7\u00d5ES. BANHEIRO DE [&hellip;]<\/p>\n","protected":false},"featured_media":31265,"comment_status":"open","ping_status":"closed","template":"","meta":{"_joinchat":[]},"product_brand":[],"product_cat":[378,377,729],"product_tag":[668],"class_list":{"0":"post-31269","1":"product","2":"type-product","3":"status-publish","4":"has-post-thumbnail","6":"product_cat-aluguel","7":"product_cat-departamentos","8":"product_cat-rodin-pt-br","9":"product_tag-aluguel","10":"pa_recamara-26","12":"first","13":"instock","14":"shipping-taxable","15":"purchasable","16":"product-type-simple"},"_links":{"self":[{"href":"https:\/\/www.rentaplazacarso.com\/pt-br\/wp-json\/wp\/v2\/product\/31269","targetHints":{"allow":["GET"]}}],"collection":[{"href":"https:\/\/www.rentaplazacarso.com\/pt-br\/wp-json\/wp\/v2\/product"}],"about":[{"href":"https:\/\/www.rentaplazacarso.com\/pt-br\/wp-json\/wp\/v2\/types\/product"}],"replies":[{"embeddable":true,"href":"https:\/\/www.rentaplazacarso.com\/pt-br\/wp-json\/wp\/v2\/comments?post=31269"}],"wp:featuredmedia":[{"embeddable":true,"href":"https:\/\/www.rentaplazacarso.com\/pt-br\/wp-json\/wp\/v2\/media\/31265"}],"wp:attachment":[{"href":"https:\/\/www.rentaplazacarso.com\/pt-br\/wp-json\/wp\/v2\/media?parent=31269"}],"wp:term":[{"taxonomy":"product_brand","embeddable":true,"href":"https:\/\/www.rentaplazacarso.com\/pt-br\/wp-json\/wp\/v2\/product_brand?post=31269"},{"taxonomy":"product_cat","embeddable":true,"href":"https:\/\/www.rentaplazacarso.com\/pt-br\/wp-json\/wp\/v2\/product_cat?post=31269"},{"taxonomy":"product_tag","embeddable":true,"href":"https:\/\/www.rentaplazacarso.com\/pt-br\/wp-json\/wp\/v2\/product_tag?post=31269"}],"curies":[{"name":"wp","href":"https:\/\/api.w.org\/{rel}","templated":true}]}}