{"id":31038,"date":"2026-02-12T17:26:58","date_gmt":"2026-02-12T17:26:58","guid":{"rendered":"https:\/\/www.rentaplazacarso.com\/product\/bom-apartamento-mobiliado-de-2-quartos-2\/"},"modified":"2026-02-12T17:26:58","modified_gmt":"2026-02-12T17:26:58","slug":"bom-apartamento-mobiliado-de-2-quartos-2","status":"publish","type":"product","link":"https:\/\/www.rentaplazacarso.com\/pt-br\/product\/bom-apartamento-mobiliado-de-2-quartos-2\/","title":{"rendered":"BOM APARTAMENTO MOBILIADO DE 2 QUARTOS"},"content":{"rendered":"<p>APARTAMENTO DE 118 M2: 2 QUARTOS MUITO ESPA\u00c7OSOS, CADA UM COM BANHEIRO COMPLETO E CLOSET. COZINHA ABERTA E AGRAD\u00c1VEL COM \u00c1REA DE SERVI\u00c7O. BANHEIRO DE H\u00d3SPEDES. SALA DE ESTAR E JANTAR ESPA\u00c7OSAS. TOTALMENTE MOBILIADO E EQUIPADO. BELA DECORA\u00c7\u00c3O. 2 VAGAS DE ESTACIONAMENTO. CONJUNTO COMPLETO DE COMODIDADES: ACADEMIA, SALA DE REUNI\u00d5ES, SAL\u00c3O DE FESTAS, PISCINA, SALA DE JOGOS PARA ADULTOS, JARDIM, ETC. &#8230;. VIGIL\u00c2NCIA 24 HORAS. ESTACIONAMENTO PARA VISITANTES. TORRE MUITO BEM LOCALIZADA. MANUTEN\u00c7\u00c3O INCLU\u00cdDA NO ALUGUEL. ALUGADO SOMENTE PARA ALUGUEL DE LONGO PRAZO.  <\/p>\n","protected":false},"excerpt":{"rendered":"<p>APARTAMENTO DE 118 M2: 2 QUARTOS MUITO ESPA\u00c7OSOS, CADA UM COM BANHEIRO COMPLETO E CLOSET. COZINHA ABERTA E AGRAD\u00c1VEL COM \u00c1REA DE SERVI\u00c7O. BANHEIRO DE H\u00d3SPEDES. SALA DE ESTAR E JANTAR ESPA\u00c7OSAS. TOTALMENTE MOBILIADO E EQUIPADO. BELA DECORA\u00c7\u00c3O. 2 VAGAS DE ESTACIONAMENTO. CONJUNTO COMPLETO DE COMODIDADES: ACADEMIA, SALA DE REUNI\u00d5ES, SAL\u00c3O DE FESTAS, PISCINA, SALA [&hellip;]<\/p>\n","protected":false},"featured_media":31034,"comment_status":"open","ping_status":"closed","template":"","meta":{"_joinchat":[]},"product_brand":[],"product_cat":[378,377,734],"product_tag":[668],"class_list":{"0":"post-31038","1":"product","2":"type-product","3":"status-publish","4":"has-post-thumbnail","6":"product_cat-aluguel","7":"product_cat-departamentos","8":"product_cat-renoir-pt-br","9":"product_tag-aluguel","10":"pa_recamara-25","12":"first","13":"instock","14":"shipping-taxable","15":"purchasable","16":"product-type-simple"},"_links":{"self":[{"href":"https:\/\/www.rentaplazacarso.com\/pt-br\/wp-json\/wp\/v2\/product\/31038","targetHints":{"allow":["GET"]}}],"collection":[{"href":"https:\/\/www.rentaplazacarso.com\/pt-br\/wp-json\/wp\/v2\/product"}],"about":[{"href":"https:\/\/www.rentaplazacarso.com\/pt-br\/wp-json\/wp\/v2\/types\/product"}],"replies":[{"embeddable":true,"href":"https:\/\/www.rentaplazacarso.com\/pt-br\/wp-json\/wp\/v2\/comments?post=31038"}],"wp:featuredmedia":[{"embeddable":true,"href":"https:\/\/www.rentaplazacarso.com\/pt-br\/wp-json\/wp\/v2\/media\/31034"}],"wp:attachment":[{"href":"https:\/\/www.rentaplazacarso.com\/pt-br\/wp-json\/wp\/v2\/media?parent=31038"}],"wp:term":[{"taxonomy":"product_brand","embeddable":true,"href":"https:\/\/www.rentaplazacarso.com\/pt-br\/wp-json\/wp\/v2\/product_brand?post=31038"},{"taxonomy":"product_cat","embeddable":true,"href":"https:\/\/www.rentaplazacarso.com\/pt-br\/wp-json\/wp\/v2\/product_cat?post=31038"},{"taxonomy":"product_tag","embeddable":true,"href":"https:\/\/www.rentaplazacarso.com\/pt-br\/wp-json\/wp\/v2\/product_tag?post=31038"}],"curies":[{"name":"wp","href":"https:\/\/api.w.org\/{rel}","templated":true}]}}