{"id":30608,"date":"2026-02-09T23:57:52","date_gmt":"2026-02-09T23:57:52","guid":{"rendered":"https:\/\/www.rentaplazacarso.com\/product\/1-quarto-sem-mobilia-4\/"},"modified":"2026-02-09T23:57:52","modified_gmt":"2026-02-09T23:57:52","slug":"1-quarto-sem-mobilia-4","status":"publish","type":"product","link":"https:\/\/www.rentaplazacarso.com\/pt-br\/product\/1-quarto-sem-mobilia-4\/","title":{"rendered":"1 QUARTO SEM MOB\u00cdLIA"},"content":{"rendered":"<p>APARTAMENTO PARA ALUGAR DE 70 M2. 1 QUARTO MUITO ESPA\u00c7OSO COM GUARDA-ROUPA GRANDE. BANHEIRO COMPLETO COM DUAS PORTAS PARA SERVIR COMO BANHEIRO DE H\u00d3SPEDES E BANHEIRO DO QUARTO PRINCIPAL. COZINHA ABERTA E AGRAD\u00c1VEL. SALA DE ESTAR AGRAD\u00c1VEL COM JANELAS ENORMES QUE D\u00c3O MUITA LUZ. \u00c1REA DE LAVANDERIA. ACABAMENTOS DE PRIMEIRA QUALIDADE. 1 VAGA DE GARAGEM. CONJUNTO COMPLETO DE COMODIDADES. VIGIL\u00c2NCIA 24 HORAS. ESTACIONAMENTO PARA VISITANTES. TORRE MUITO BEM LOCALIZADA COM TODOS OS SERVI\u00c7OS AO REDOR. MANUTEN\u00c7\u00c3O INCLU\u00cdDA NO ALUGUEL. PER\u00cdODO M\u00cdNIMO DE ALUGUEL DE UM ANO.             <\/p>\n","protected":false},"excerpt":{"rendered":"<p>APARTAMENTO PARA ALUGAR DE 70 M2. 1 QUARTO MUITO ESPA\u00c7OSO COM GUARDA-ROUPA GRANDE. BANHEIRO COMPLETO COM DUAS PORTAS PARA SERVIR COMO BANHEIRO DE H\u00d3SPEDES E BANHEIRO DO QUARTO PRINCIPAL. COZINHA ABERTA E AGRAD\u00c1VEL. SALA DE ESTAR AGRAD\u00c1VEL COM JANELAS ENORMES QUE D\u00c3O MUITA LUZ. \u00c1REA DE LAVANDERIA. ACABAMENTOS DE PRIMEIRA QUALIDADE. 1 VAGA DE GARAGEM. [&hellip;]<\/p>\n","protected":false},"featured_media":30464,"comment_status":"open","ping_status":"closed","template":"","meta":{"_joinchat":[]},"product_brand":[],"product_cat":[378,377,734],"product_tag":[668],"class_list":{"0":"post-30608","1":"product","2":"type-product","3":"status-publish","4":"has-post-thumbnail","6":"product_cat-aluguel","7":"product_cat-departamentos","8":"product_cat-renoir-pt-br","9":"product_tag-aluguel","10":"pa_recamara-24","12":"first","13":"instock","14":"shipping-taxable","15":"purchasable","16":"product-type-simple"},"_links":{"self":[{"href":"https:\/\/www.rentaplazacarso.com\/pt-br\/wp-json\/wp\/v2\/product\/30608","targetHints":{"allow":["GET"]}}],"collection":[{"href":"https:\/\/www.rentaplazacarso.com\/pt-br\/wp-json\/wp\/v2\/product"}],"about":[{"href":"https:\/\/www.rentaplazacarso.com\/pt-br\/wp-json\/wp\/v2\/types\/product"}],"replies":[{"embeddable":true,"href":"https:\/\/www.rentaplazacarso.com\/pt-br\/wp-json\/wp\/v2\/comments?post=30608"}],"wp:featuredmedia":[{"embeddable":true,"href":"https:\/\/www.rentaplazacarso.com\/pt-br\/wp-json\/wp\/v2\/media\/30464"}],"wp:attachment":[{"href":"https:\/\/www.rentaplazacarso.com\/pt-br\/wp-json\/wp\/v2\/media?parent=30608"}],"wp:term":[{"taxonomy":"product_brand","embeddable":true,"href":"https:\/\/www.rentaplazacarso.com\/pt-br\/wp-json\/wp\/v2\/product_brand?post=30608"},{"taxonomy":"product_cat","embeddable":true,"href":"https:\/\/www.rentaplazacarso.com\/pt-br\/wp-json\/wp\/v2\/product_cat?post=30608"},{"taxonomy":"product_tag","embeddable":true,"href":"https:\/\/www.rentaplazacarso.com\/pt-br\/wp-json\/wp\/v2\/product_tag?post=30608"}],"curies":[{"name":"wp","href":"https:\/\/api.w.org\/{rel}","templated":true}]}}