{"id":30385,"date":"2026-02-09T20:00:39","date_gmt":"2026-02-09T20:00:39","guid":{"rendered":"https:\/\/www.rentaplazacarso.com\/product\/lindo-apartamento-mobiliado-de-1-quarto-5\/"},"modified":"2026-02-09T20:00:39","modified_gmt":"2026-02-09T20:00:39","slug":"lindo-apartamento-mobiliado-de-1-quarto-5","status":"publish","type":"product","link":"https:\/\/www.rentaplazacarso.com\/pt-br\/product\/lindo-apartamento-mobiliado-de-1-quarto-5\/","title":{"rendered":"LINDO APARTAMENTO MOBILIADO DE 1 QUARTO"},"content":{"rendered":"<p>APARTAMENTO TOTALMENTE MOBILIADO E EQUIPADO. M\u00d3VEIS BONITOS E MODERNOS. 70 M2. 1 QUARTO COM BANHEIRO COMPLETO E CLOSET.    LINDA COZINHA AMERICANA. \u00c1REA DE LAVANDERIA. ACABAMENTOS DE ALTA QUALIDADE. JANELAS GRANDES.   MUITO LEVE. 1 VAGA DE ESTACIONAMENTO. VIGIL\u00c2NCIA 24 HORAS. ESTACIONAMENTO PARA VISITANTES. AMPLA VARIEDADE DE COMODIDADES. TORRE MUITO TRANQUILA E SEGURA. CONEX\u00c3O DIRETA COM A PRA\u00c7A. TODOS OS SERVI\u00c7OS AO REDOR.  LOCALIZA\u00c7\u00c3O IMBAT\u00cdVEL. MANUTEN\u00c7\u00c3O INCLU\u00cdDA NO ALUGUEL. PER\u00cdODO M\u00cdNIMO DE ALUGUEL DE UM ANO. <\/p>\n","protected":false},"excerpt":{"rendered":"<p>APARTAMENTO TOTALMENTE MOBILIADO E EQUIPADO. M\u00d3VEIS BONITOS E MODERNOS. 70 M2. 1 QUARTO COM BANHEIRO COMPLETO E CLOSET. LINDA COZINHA AMERICANA. \u00c1REA DE LAVANDERIA. ACABAMENTOS DE ALTA QUALIDADE. JANELAS GRANDES. MUITO LEVE. 1 VAGA DE ESTACIONAMENTO. VIGIL\u00c2NCIA 24 HORAS. ESTACIONAMENTO PARA VISITANTES. AMPLA VARIEDADE DE COMODIDADES. TORRE MUITO TRANQUILA E SEGURA. CONEX\u00c3O DIRETA COM A [&hellip;]<\/p>\n","protected":false},"featured_media":30380,"comment_status":"open","ping_status":"closed","template":"","meta":{"_joinchat":[]},"product_brand":[],"product_cat":[378,379,377],"product_tag":[668],"class_list":{"0":"post-30385","1":"product","2":"type-product","3":"status-publish","4":"has-post-thumbnail","6":"product_cat-aluguel","7":"product_cat-claudel-pt-br","8":"product_cat-departamentos","9":"product_tag-aluguel","10":"pa_recamara-24","12":"first","13":"instock","14":"shipping-taxable","15":"purchasable","16":"product-type-simple"},"_links":{"self":[{"href":"https:\/\/www.rentaplazacarso.com\/pt-br\/wp-json\/wp\/v2\/product\/30385","targetHints":{"allow":["GET"]}}],"collection":[{"href":"https:\/\/www.rentaplazacarso.com\/pt-br\/wp-json\/wp\/v2\/product"}],"about":[{"href":"https:\/\/www.rentaplazacarso.com\/pt-br\/wp-json\/wp\/v2\/types\/product"}],"replies":[{"embeddable":true,"href":"https:\/\/www.rentaplazacarso.com\/pt-br\/wp-json\/wp\/v2\/comments?post=30385"}],"wp:featuredmedia":[{"embeddable":true,"href":"https:\/\/www.rentaplazacarso.com\/pt-br\/wp-json\/wp\/v2\/media\/30380"}],"wp:attachment":[{"href":"https:\/\/www.rentaplazacarso.com\/pt-br\/wp-json\/wp\/v2\/media?parent=30385"}],"wp:term":[{"taxonomy":"product_brand","embeddable":true,"href":"https:\/\/www.rentaplazacarso.com\/pt-br\/wp-json\/wp\/v2\/product_brand?post=30385"},{"taxonomy":"product_cat","embeddable":true,"href":"https:\/\/www.rentaplazacarso.com\/pt-br\/wp-json\/wp\/v2\/product_cat?post=30385"},{"taxonomy":"product_tag","embeddable":true,"href":"https:\/\/www.rentaplazacarso.com\/pt-br\/wp-json\/wp\/v2\/product_tag?post=30385"}],"curies":[{"name":"wp","href":"https:\/\/api.w.org\/{rel}","templated":true}]}}