{"id":30243,"date":"2026-02-04T20:08:00","date_gmt":"2026-02-04T20:08:00","guid":{"rendered":"https:\/\/www.rentaplazacarso.com\/product\/3-quartos-nao-mobiliados-com-sala-de-estar-e-quarto-de-empregada\/"},"modified":"2026-02-04T20:08:00","modified_gmt":"2026-02-04T20:08:00","slug":"3-quartos-nao-mobiliados-com-sala-de-estar-e-quarto-de-empregada","status":"publish","type":"product","link":"https:\/\/www.rentaplazacarso.com\/pt-br\/product\/3-quartos-nao-mobiliados-com-sala-de-estar-e-quarto-de-empregada\/","title":{"rendered":"3 QUARTOS N\u00c3O MOBILIADOS, COM SALA DE ESTAR E QUARTO DE EMPREGADA"},"content":{"rendered":"<p>APARTAMENTO DE 173 M2: 3 QUARTOS COM BANHEIRO COMPLETO. SALA DE FAM\u00cdLIA. LINDA COZINHA AMERICANA. \u00c1REA DE LAVANDERIA. QUARTO DA EMPREGADA. JANELAS ENORMES QUE PROPORCIONAM MUITA LUZ. BELAS VISTAS. QUARTOS MUITO ESPA\u00c7OSOS. ACABAMENTOS DE ALTA QUALIDADE. 3 VAGAS DE ESTACIONAMENTO. AMPLA VARIEDADE DE COMODIDADES. VIGIL\u00c2NCIA 24 HORAS. TORRE MUITO TRANQUILA E MUITO BEM LOCALIZADA, COM TODOS OS SERVI\u00c7OS AO REDOR. MANUTEN\u00c7\u00c3O INCLU\u00cdDA NO ALUGUEL. ALUGUEL M\u00cdNIMO DE UM ANO.<\/p>\n","protected":false},"excerpt":{"rendered":"<p>APARTAMENTO DE 173 M2: 3 QUARTOS COM BANHEIRO COMPLETO. SALA DE FAM\u00cdLIA. LINDA COZINHA AMERICANA. \u00c1REA DE LAVANDERIA. QUARTO DA EMPREGADA. JANELAS ENORMES QUE PROPORCIONAM MUITA LUZ. BELAS VISTAS. QUARTOS MUITO ESPA\u00c7OSOS. ACABAMENTOS DE ALTA QUALIDADE. 3 VAGAS DE ESTACIONAMENTO. AMPLA VARIEDADE DE COMODIDADES. VIGIL\u00c2NCIA 24 HORAS. TORRE MUITO TRANQUILA E MUITO BEM LOCALIZADA, COM [&hellip;]<\/p>\n","protected":false},"featured_media":30232,"comment_status":"open","ping_status":"closed","template":"","meta":{"_joinchat":[]},"product_brand":[],"product_cat":[378,393,377],"product_tag":[668],"class_list":{"0":"post-30243","1":"product","2":"type-product","3":"status-publish","4":"has-post-thumbnail","6":"product_cat-aluguel","7":"product_cat-botticelli-pt-br","8":"product_cat-departamentos","9":"product_tag-aluguel","10":"pa_recamara-26","12":"first","13":"instock","14":"shipping-taxable","15":"purchasable","16":"product-type-simple"},"_links":{"self":[{"href":"https:\/\/www.rentaplazacarso.com\/pt-br\/wp-json\/wp\/v2\/product\/30243","targetHints":{"allow":["GET"]}}],"collection":[{"href":"https:\/\/www.rentaplazacarso.com\/pt-br\/wp-json\/wp\/v2\/product"}],"about":[{"href":"https:\/\/www.rentaplazacarso.com\/pt-br\/wp-json\/wp\/v2\/types\/product"}],"replies":[{"embeddable":true,"href":"https:\/\/www.rentaplazacarso.com\/pt-br\/wp-json\/wp\/v2\/comments?post=30243"}],"wp:featuredmedia":[{"embeddable":true,"href":"https:\/\/www.rentaplazacarso.com\/pt-br\/wp-json\/wp\/v2\/media\/30232"}],"wp:attachment":[{"href":"https:\/\/www.rentaplazacarso.com\/pt-br\/wp-json\/wp\/v2\/media?parent=30243"}],"wp:term":[{"taxonomy":"product_brand","embeddable":true,"href":"https:\/\/www.rentaplazacarso.com\/pt-br\/wp-json\/wp\/v2\/product_brand?post=30243"},{"taxonomy":"product_cat","embeddable":true,"href":"https:\/\/www.rentaplazacarso.com\/pt-br\/wp-json\/wp\/v2\/product_cat?post=30243"},{"taxonomy":"product_tag","embeddable":true,"href":"https:\/\/www.rentaplazacarso.com\/pt-br\/wp-json\/wp\/v2\/product_tag?post=30243"}],"curies":[{"name":"wp","href":"https:\/\/api.w.org\/{rel}","templated":true}]}}