{"id":30131,"date":"2026-02-03T19:19:11","date_gmt":"2026-02-03T19:19:11","guid":{"rendered":"https:\/\/www.rentaplazacarso.com\/product\/2-quartos-mobiliados-5\/"},"modified":"2026-02-03T19:19:11","modified_gmt":"2026-02-03T19:19:11","slug":"2-quartos-mobiliados-5","status":"publish","type":"product","link":"https:\/\/www.rentaplazacarso.com\/pt-br\/product\/2-quartos-mobiliados-5\/","title":{"rendered":"2 QUARTOS MOBILIADOS"},"content":{"rendered":"<p>APARTAMENTO TOTALMENTE MOBILIADO E EQUIPADO, EM PERFEITAS CONDI\u00c7\u00d5ES. 110 M2. 2 QUARTOS, CADA UM COM BANHEIRO COMPLETO.   MUITO LEVE. \u00c1REA DE LAVANDERIA. LINDA COZINHA AMERICANA. TETO DE 3 METROS DE ALTURA, O QUE LHE D\u00c1 MUITA LUZ E ESPA\u00c7O. 2 VAGAS DE ESTACIONAMENTO. VISTA PARA O JARDIM. COM ACESSO DIRETO \u00c0 PRA\u00c7A.  CONJUNTO COMPLETO DE COMODIDADES. VIGIL\u00c2NCIA 24 HORAS. ESTACIONAMENTO PARA VISITANTES. LOCALIZA\u00c7\u00c3O PERFEITA COM TODOS OS SERVI\u00c7OS AO REDOR. MANUTEN\u00c7\u00c3O INCLU\u00cdDA NO ALUGUEL. SOMENTE PARA ALUGUEL DE LONGA DURA\u00c7\u00c3O.  <\/p>\n","protected":false},"excerpt":{"rendered":"<p>APARTAMENTO TOTALMENTE MOBILIADO E EQUIPADO, EM PERFEITAS CONDI\u00c7\u00d5ES. 110 M2. 2 QUARTOS, CADA UM COM BANHEIRO COMPLETO. MUITO LEVE. \u00c1REA DE LAVANDERIA. LINDA COZINHA AMERICANA. TETO DE 3 METROS DE ALTURA, O QUE LHE D\u00c1 MUITA LUZ E ESPA\u00c7O. 2 VAGAS DE ESTACIONAMENTO. VISTA PARA O JARDIM. COM ACESSO DIRETO \u00c0 PRA\u00c7A. CONJUNTO COMPLETO DE [&hellip;]<\/p>\n","protected":false},"featured_media":30127,"comment_status":"open","ping_status":"closed","template":"","meta":{"_joinchat":[]},"product_brand":[],"product_cat":[378,377,695],"product_tag":[668],"class_list":{"0":"post-30131","1":"product","2":"type-product","3":"status-publish","4":"has-post-thumbnail","6":"product_cat-aluguel","7":"product_cat-departamentos","8":"product_cat-monet-pt-br","9":"product_tag-aluguel","10":"pa_recamara-25","12":"first","13":"instock","14":"shipping-taxable","15":"purchasable","16":"product-type-simple"},"_links":{"self":[{"href":"https:\/\/www.rentaplazacarso.com\/pt-br\/wp-json\/wp\/v2\/product\/30131","targetHints":{"allow":["GET"]}}],"collection":[{"href":"https:\/\/www.rentaplazacarso.com\/pt-br\/wp-json\/wp\/v2\/product"}],"about":[{"href":"https:\/\/www.rentaplazacarso.com\/pt-br\/wp-json\/wp\/v2\/types\/product"}],"replies":[{"embeddable":true,"href":"https:\/\/www.rentaplazacarso.com\/pt-br\/wp-json\/wp\/v2\/comments?post=30131"}],"wp:featuredmedia":[{"embeddable":true,"href":"https:\/\/www.rentaplazacarso.com\/pt-br\/wp-json\/wp\/v2\/media\/30127"}],"wp:attachment":[{"href":"https:\/\/www.rentaplazacarso.com\/pt-br\/wp-json\/wp\/v2\/media?parent=30131"}],"wp:term":[{"taxonomy":"product_brand","embeddable":true,"href":"https:\/\/www.rentaplazacarso.com\/pt-br\/wp-json\/wp\/v2\/product_brand?post=30131"},{"taxonomy":"product_cat","embeddable":true,"href":"https:\/\/www.rentaplazacarso.com\/pt-br\/wp-json\/wp\/v2\/product_cat?post=30131"},{"taxonomy":"product_tag","embeddable":true,"href":"https:\/\/www.rentaplazacarso.com\/pt-br\/wp-json\/wp\/v2\/product_tag?post=30131"}],"curies":[{"name":"wp","href":"https:\/\/api.w.org\/{rel}","templated":true}]}}