{"id":30060,"date":"2026-01-29T00:59:00","date_gmt":"2026-01-29T00:59:00","guid":{"rendered":"https:\/\/www.rentaplazacarso.com\/product\/lindo-apartamento-mobiliado-de-1-quarto-4\/"},"modified":"2026-01-29T00:59:00","modified_gmt":"2026-01-29T00:59:00","slug":"lindo-apartamento-mobiliado-de-1-quarto-4","status":"publish","type":"product","link":"https:\/\/www.rentaplazacarso.com\/pt-br\/product\/lindo-apartamento-mobiliado-de-1-quarto-4\/","title":{"rendered":"LINDO APARTAMENTO MOBILIADO DE 1 QUARTO"},"content":{"rendered":"<p>APARTAMENTO TOTALMENTE MOBILIADO E EQUIPADO MUITO BOM. 70 M2. 1 QUARTO COM BANHEIRO COMPLETO E CLOSET. \u00c1REA DE LAVANDERIA. ACABAMENTOS DE ALTA QUALIDADE. JANELAS GRANDES. MUITO LUMINOSO. C\u00d4MODOS MUITO ESPA\u00c7OSOS. 1 VAGA DE GARAGEM.         VIGIL\u00c2NCIA 24 HORAS. ESTACIONAMENTO PARA VISITANTES. AMPLA VARIEDADE DE COMODIDADES. TORRE MUITO TRANQUILA E SEGURA. CONEX\u00c3O DIRETA COM A PRA\u00c7A. TODOS OS SERVI\u00c7OS AO REDOR.  LOCALIZA\u00c7\u00c3O IMBAT\u00cdVEL. INCLUI MOB\u00cdLIA. PRE\u00c7O SEM MOB\u00cdLIA: 6.900.000. <\/p>\n","protected":false},"excerpt":{"rendered":"<p>APARTAMENTO TOTALMENTE MOBILIADO E EQUIPADO MUITO BOM. 70 M2. 1 QUARTO COM BANHEIRO COMPLETO E CLOSET. \u00c1REA DE LAVANDERIA. ACABAMENTOS DE ALTA QUALIDADE. JANELAS GRANDES. MUITO LUMINOSO. C\u00d4MODOS MUITO ESPA\u00c7OSOS. 1 VAGA DE GARAGEM. VIGIL\u00c2NCIA 24 HORAS. ESTACIONAMENTO PARA VISITANTES. AMPLA VARIEDADE DE COMODIDADES. TORRE MUITO TRANQUILA E SEGURA. CONEX\u00c3O DIRETA COM A PRA\u00c7A. TODOS [&hellip;]<\/p>\n","protected":false},"featured_media":30049,"comment_status":"open","ping_status":"closed","template":"","meta":{"_joinchat":[]},"product_brand":[],"product_cat":[377,752,391],"product_tag":[691],"class_list":{"0":"post-30060","1":"product","2":"type-product","3":"status-publish","4":"has-post-thumbnail","6":"product_cat-departamentos","7":"product_cat-pissarro-pt-br","8":"product_cat-venda","9":"product_tag-venda","10":"pa_recamara-24","12":"first","13":"instock","14":"shipping-taxable","15":"purchasable","16":"product-type-simple"},"_links":{"self":[{"href":"https:\/\/www.rentaplazacarso.com\/pt-br\/wp-json\/wp\/v2\/product\/30060","targetHints":{"allow":["GET"]}}],"collection":[{"href":"https:\/\/www.rentaplazacarso.com\/pt-br\/wp-json\/wp\/v2\/product"}],"about":[{"href":"https:\/\/www.rentaplazacarso.com\/pt-br\/wp-json\/wp\/v2\/types\/product"}],"replies":[{"embeddable":true,"href":"https:\/\/www.rentaplazacarso.com\/pt-br\/wp-json\/wp\/v2\/comments?post=30060"}],"wp:featuredmedia":[{"embeddable":true,"href":"https:\/\/www.rentaplazacarso.com\/pt-br\/wp-json\/wp\/v2\/media\/30049"}],"wp:attachment":[{"href":"https:\/\/www.rentaplazacarso.com\/pt-br\/wp-json\/wp\/v2\/media?parent=30060"}],"wp:term":[{"taxonomy":"product_brand","embeddable":true,"href":"https:\/\/www.rentaplazacarso.com\/pt-br\/wp-json\/wp\/v2\/product_brand?post=30060"},{"taxonomy":"product_cat","embeddable":true,"href":"https:\/\/www.rentaplazacarso.com\/pt-br\/wp-json\/wp\/v2\/product_cat?post=30060"},{"taxonomy":"product_tag","embeddable":true,"href":"https:\/\/www.rentaplazacarso.com\/pt-br\/wp-json\/wp\/v2\/product_tag?post=30060"}],"curies":[{"name":"wp","href":"https:\/\/api.w.org\/{rel}","templated":true}]}}