{"id":29971,"date":"2026-01-29T00:02:10","date_gmt":"2026-01-29T00:02:10","guid":{"rendered":"https:\/\/www.rentaplazacarso.com\/product\/lindo-apartamento-mobiliado-de-1-quarto-3\/"},"modified":"2026-04-16T16:45:48","modified_gmt":"2026-04-16T16:45:48","slug":"lindo-apartamento-mobiliado-de-1-quarto-3","status":"publish","type":"product","link":"https:\/\/www.rentaplazacarso.com\/pt-br\/product\/lindo-apartamento-mobiliado-de-1-quarto-3\/","title":{"rendered":"LINDO APARTAMENTO MOBILIADO DE 1 QUARTO"},"content":{"rendered":"<p>APARTAMENTO MOBILIADO EM PERFEITAS CONDI\u00c7\u00d5ES. 65 M2: QUARTO ESPA\u00c7OSO COM BANHEIRO COMPLETO E CLOSET. \u00c1REA DE LAVANDERIA. BANHEIRO PARA H\u00d3SPEDES. COZINHA ABERTA E AGRAD\u00c1VEL.     ENTREGUE COM LINHA BRANCA. ACABAMENTOS DE ALTA QUALIDADE. GRANDES JANELAS QUE LHE D\u00c3O MUITA LUZ. 1 VAGA DE GARAGEM. CONJUNTO COMPLETO DE COMODIDADES. SEGURAN\u00c7A 24 HORAS. TORRE MUITO BEM LOCALIZADA. MANUTEN\u00c7\u00c3O INCLU\u00cdDA NO ALUGUEL.        ALUGUEL SOMENTE PARA ALUGU\u00c9IS DE LONGO PRAZO.<\/p>\n","protected":false},"excerpt":{"rendered":"<p>APARTAMENTO MOBILIADO EM PERFEITAS CONDI\u00c7\u00d5ES. 65 M2: QUARTO ESPA\u00c7OSO COM BANHEIRO COMPLETO E CLOSET. \u00c1REA DE LAVANDERIA. BANHEIRO PARA H\u00d3SPEDES. COZINHA ABERTA E AGRAD\u00c1VEL. ENTREGUE COM LINHA BRANCA. ACABAMENTOS DE ALTA QUALIDADE. GRANDES JANELAS QUE LHE D\u00c3O MUITA LUZ. 1 VAGA DE GARAGEM. CONJUNTO COMPLETO DE COMODIDADES. SEGURAN\u00c7A 24 HORAS. TORRE MUITO BEM LOCALIZADA. MANUTEN\u00c7\u00c3O [&hellip;]<\/p>\n","protected":false},"featured_media":31082,"comment_status":"open","ping_status":"closed","template":"","meta":{"_joinchat":[]},"product_brand":[],"product_cat":[378,393,377],"product_tag":[668],"class_list":{"0":"post-29971","1":"product","2":"type-product","3":"status-publish","4":"has-post-thumbnail","6":"product_cat-aluguel","7":"product_cat-botticelli-pt-br","8":"product_cat-departamentos","9":"product_tag-aluguel","10":"pa_recamara-24","12":"first","13":"instock","14":"shipping-taxable","15":"purchasable","16":"product-type-simple"},"_links":{"self":[{"href":"https:\/\/www.rentaplazacarso.com\/pt-br\/wp-json\/wp\/v2\/product\/29971","targetHints":{"allow":["GET"]}}],"collection":[{"href":"https:\/\/www.rentaplazacarso.com\/pt-br\/wp-json\/wp\/v2\/product"}],"about":[{"href":"https:\/\/www.rentaplazacarso.com\/pt-br\/wp-json\/wp\/v2\/types\/product"}],"replies":[{"embeddable":true,"href":"https:\/\/www.rentaplazacarso.com\/pt-br\/wp-json\/wp\/v2\/comments?post=29971"}],"wp:featuredmedia":[{"embeddable":true,"href":"https:\/\/www.rentaplazacarso.com\/pt-br\/wp-json\/wp\/v2\/media\/31082"}],"wp:attachment":[{"href":"https:\/\/www.rentaplazacarso.com\/pt-br\/wp-json\/wp\/v2\/media?parent=29971"}],"wp:term":[{"taxonomy":"product_brand","embeddable":true,"href":"https:\/\/www.rentaplazacarso.com\/pt-br\/wp-json\/wp\/v2\/product_brand?post=29971"},{"taxonomy":"product_cat","embeddable":true,"href":"https:\/\/www.rentaplazacarso.com\/pt-br\/wp-json\/wp\/v2\/product_cat?post=29971"},{"taxonomy":"product_tag","embeddable":true,"href":"https:\/\/www.rentaplazacarso.com\/pt-br\/wp-json\/wp\/v2\/product_tag?post=29971"}],"curies":[{"name":"wp","href":"https:\/\/api.w.org\/{rel}","templated":true}]}}