{"id":29464,"date":"2026-01-21T19:20:22","date_gmt":"2026-01-21T19:20:22","guid":{"rendered":"https:\/\/www.rentaplazacarso.com\/product\/2-quartos-mobiliados-4\/"},"modified":"2026-01-21T19:43:26","modified_gmt":"2026-01-21T19:43:26","slug":"2-quartos-mobiliados-4","status":"publish","type":"product","link":"https:\/\/www.rentaplazacarso.com\/pt-br\/product\/2-quartos-mobiliados-4\/","title":{"rendered":"2 QUARTOS MOBILIADOS"},"content":{"rendered":"<p>APARTAMENTO TOTALMENTE MOBILIADO E EQUIPADO. 115 M2. 2 QUARTOS COM BANHEIRO COMPLETO. BANHEIRO PARA H\u00d3SPEDES. COZINHA ABERTA E AGRAD\u00c1VEL.     \u00c1REA DE LAVANDERIA. QUARTOS MUITO ESPA\u00c7OSOS. TETOS DE 3 METROS. VISTAS DO JARDIM.   2 VAGAS DE ESTACIONAMENTO. ACESSO DIRETO AO SHOPPING CENTER. CONJUNTO COMPLETO DE COMODIDADES. ESTACIONAMENTO PARA VISITANTES. VIGIL\u00c2NCIA 24 HORAS. MANUTEN\u00c7\u00c3O INCLU\u00cdDA NO ALUGUEL. PER\u00cdODO M\u00cdNIMO DE ALUGUEL DE UM ANO. <\/p>\n","protected":false},"excerpt":{"rendered":"<p>APARTAMENTO TOTALMENTE MOBILIADO E EQUIPADO. 115 M2. 2 QUARTOS COM BANHEIRO COMPLETO. BANHEIRO PARA H\u00d3SPEDES. COZINHA ABERTA E AGRAD\u00c1VEL. \u00c1REA DE LAVANDERIA. QUARTOS MUITO ESPA\u00c7OSOS. TETOS DE 3 METROS. VISTAS DO JARDIM. 2 VAGAS DE ESTACIONAMENTO. ACESSO DIRETO AO SHOPPING CENTER. CONJUNTO COMPLETO DE COMODIDADES. ESTACIONAMENTO PARA VISITANTES. VIGIL\u00c2NCIA 24 HORAS. MANUTEN\u00c7\u00c3O INCLU\u00cdDA NO ALUGUEL. [&hellip;]<\/p>\n","protected":false},"featured_media":29460,"comment_status":"open","ping_status":"closed","template":"","meta":{"_joinchat":[]},"product_brand":[],"product_cat":[378,667,377],"product_tag":[668],"class_list":{"0":"post-29464","1":"product","2":"type-product","3":"status-publish","4":"has-post-thumbnail","6":"product_cat-aluguel","7":"product_cat-dali-pt-br","8":"product_cat-departamentos","9":"product_tag-aluguel","10":"pa_recamara-25","12":"first","13":"instock","14":"shipping-taxable","15":"purchasable","16":"product-type-simple"},"_links":{"self":[{"href":"https:\/\/www.rentaplazacarso.com\/pt-br\/wp-json\/wp\/v2\/product\/29464","targetHints":{"allow":["GET"]}}],"collection":[{"href":"https:\/\/www.rentaplazacarso.com\/pt-br\/wp-json\/wp\/v2\/product"}],"about":[{"href":"https:\/\/www.rentaplazacarso.com\/pt-br\/wp-json\/wp\/v2\/types\/product"}],"replies":[{"embeddable":true,"href":"https:\/\/www.rentaplazacarso.com\/pt-br\/wp-json\/wp\/v2\/comments?post=29464"}],"wp:featuredmedia":[{"embeddable":true,"href":"https:\/\/www.rentaplazacarso.com\/pt-br\/wp-json\/wp\/v2\/media\/29460"}],"wp:attachment":[{"href":"https:\/\/www.rentaplazacarso.com\/pt-br\/wp-json\/wp\/v2\/media?parent=29464"}],"wp:term":[{"taxonomy":"product_brand","embeddable":true,"href":"https:\/\/www.rentaplazacarso.com\/pt-br\/wp-json\/wp\/v2\/product_brand?post=29464"},{"taxonomy":"product_cat","embeddable":true,"href":"https:\/\/www.rentaplazacarso.com\/pt-br\/wp-json\/wp\/v2\/product_cat?post=29464"},{"taxonomy":"product_tag","embeddable":true,"href":"https:\/\/www.rentaplazacarso.com\/pt-br\/wp-json\/wp\/v2\/product_tag?post=29464"}],"curies":[{"name":"wp","href":"https:\/\/api.w.org\/{rel}","templated":true}]}}