{"id":29107,"date":"2026-01-19T20:25:46","date_gmt":"2026-01-19T20:25:46","guid":{"rendered":"https:\/\/www.rentaplazacarso.com\/product\/espetacular-mobiliado-com-1-quarto\/"},"modified":"2026-01-19T22:52:58","modified_gmt":"2026-01-19T22:52:58","slug":"espetacular-mobiliado-com-1-quarto","status":"publish","type":"product","link":"https:\/\/www.rentaplazacarso.com\/pt-br\/product\/espetacular-mobiliado-com-1-quarto\/","title":{"rendered":"ESPETACULAR MOBILIADO COM 1 QUARTO"},"content":{"rendered":"<p>INCR\u00cdVEL APARTAMENTO DE 1 QUARTO. TOTALMENTE MOBILIADO E EQUIPADO, MUITO BOM. 75 M2. 1 QUARTO MUITO ESPA\u00c7OSO COM BANHEIRO COMPLETO E GRANDE CLOSET. BANHEIRO PARA H\u00d3SPEDES. COZINHA ABERTA AGRAD\u00c1VEL.      \u00c1REA DE LAVANDERIA. SALA DE ESTAR E JANTAR ESPA\u00c7OSAS. ACABAMENTOS DE ALTA QUALIDADE. DISTRIBUI\u00c7\u00c3O PERFEITA. MUITO BRILHANTE. CONJUNTO COMPLETO DE COMODIDADES. SEGURAN\u00c7A 24 HORAS. TORRE MUITO BEM LOCALIZADA. MANUTEN\u00c7\u00c3O INCLU\u00cdDA NO ALUGUEL. ALUGUEL SOMENTE POR LONGOS PER\u00cdODOS.      <\/p>\n","protected":false},"excerpt":{"rendered":"<p>INCR\u00cdVEL APARTAMENTO DE 1 QUARTO. TOTALMENTE MOBILIADO E EQUIPADO, MUITO BOM. 75 M2. 1 QUARTO MUITO ESPA\u00c7OSO COM BANHEIRO COMPLETO E GRANDE CLOSET. BANHEIRO PARA H\u00d3SPEDES. COZINHA ABERTA AGRAD\u00c1VEL. \u00c1REA DE LAVANDERIA. SALA DE ESTAR E JANTAR ESPA\u00c7OSAS. ACABAMENTOS DE ALTA QUALIDADE. DISTRIBUI\u00c7\u00c3O PERFEITA. MUITO BRILHANTE. CONJUNTO COMPLETO DE COMODIDADES. SEGURAN\u00c7A 24 HORAS. TORRE MUITO [&hellip;]<\/p>\n","protected":false},"featured_media":29096,"comment_status":"open","ping_status":"closed","template":"","meta":{"_joinchat":[]},"product_brand":[],"product_cat":[378,393,377],"product_tag":[668],"class_list":{"0":"post-29107","1":"product","2":"type-product","3":"status-publish","4":"has-post-thumbnail","6":"product_cat-aluguel","7":"product_cat-botticelli-pt-br","8":"product_cat-departamentos","9":"product_tag-aluguel","10":"pa_recamara-24","12":"first","13":"instock","14":"shipping-taxable","15":"purchasable","16":"product-type-simple"},"_links":{"self":[{"href":"https:\/\/www.rentaplazacarso.com\/pt-br\/wp-json\/wp\/v2\/product\/29107","targetHints":{"allow":["GET"]}}],"collection":[{"href":"https:\/\/www.rentaplazacarso.com\/pt-br\/wp-json\/wp\/v2\/product"}],"about":[{"href":"https:\/\/www.rentaplazacarso.com\/pt-br\/wp-json\/wp\/v2\/types\/product"}],"replies":[{"embeddable":true,"href":"https:\/\/www.rentaplazacarso.com\/pt-br\/wp-json\/wp\/v2\/comments?post=29107"}],"wp:featuredmedia":[{"embeddable":true,"href":"https:\/\/www.rentaplazacarso.com\/pt-br\/wp-json\/wp\/v2\/media\/29096"}],"wp:attachment":[{"href":"https:\/\/www.rentaplazacarso.com\/pt-br\/wp-json\/wp\/v2\/media?parent=29107"}],"wp:term":[{"taxonomy":"product_brand","embeddable":true,"href":"https:\/\/www.rentaplazacarso.com\/pt-br\/wp-json\/wp\/v2\/product_brand?post=29107"},{"taxonomy":"product_cat","embeddable":true,"href":"https:\/\/www.rentaplazacarso.com\/pt-br\/wp-json\/wp\/v2\/product_cat?post=29107"},{"taxonomy":"product_tag","embeddable":true,"href":"https:\/\/www.rentaplazacarso.com\/pt-br\/wp-json\/wp\/v2\/product_tag?post=29107"}],"curies":[{"name":"wp","href":"https:\/\/api.w.org\/{rel}","templated":true}]}}