{"id":28995,"date":"2026-01-19T16:52:27","date_gmt":"2026-01-19T16:52:27","guid":{"rendered":"https:\/\/www.rentaplazacarso.com\/product\/unidade-de-canto-mobiliada-com-3-quartos-2\/"},"modified":"2026-01-19T16:52:27","modified_gmt":"2026-01-19T16:52:27","slug":"unidade-de-canto-mobiliada-com-3-quartos-2","status":"publish","type":"product","link":"https:\/\/www.rentaplazacarso.com\/pt-br\/product\/unidade-de-canto-mobiliada-com-3-quartos-2\/","title":{"rendered":"UNIDADE DE CANTO MOBILIADA COM 3 QUARTOS"},"content":{"rendered":"<p>PERFEITO APARTAMENTO DE 3 QUARTOS TOTALMENTE MOBILIADO E EQUIPADO. 2 BANHEIROS COMPLETOS E UM BANHEIRO SOCIAL.  SALA DE ESTAR E JANTAR ESPA\u00c7OSA. COZINHA ABERTA E AGRAD\u00c1VEL COM \u00c1REA DE SERVI\u00c7O. QUARTO PRINCIPAL DE CANTO COM VISTAS ESPETACULARES. TETOS DE 3 METROS QUE LHE D\u00c3O MUITA AMPLITUDE.  2 VAGAS DE ESTACIONAMENTO. CONJUNTO COMPLETO DE COMODIDADES. VIGIL\u00c2NCIA 24 HORAS. ESTACIONAMENTO PARA VISITANTES. ACESSO DIRETO AO SHOPPING CENTER. POSSIBILIDADE DE MOBILIAR E COM ADEGA.<\/p>\n","protected":false},"excerpt":{"rendered":"<p>PERFEITO APARTAMENTO DE 3 QUARTOS TOTALMENTE MOBILIADO E EQUIPADO. 2 BANHEIROS COMPLETOS E UM BANHEIRO SOCIAL. SALA DE ESTAR E JANTAR ESPA\u00c7OSA. COZINHA ABERTA E AGRAD\u00c1VEL COM \u00c1REA DE SERVI\u00c7O. QUARTO PRINCIPAL DE CANTO COM VISTAS ESPETACULARES. TETOS DE 3 METROS QUE LHE D\u00c3O MUITA AMPLITUDE. 2 VAGAS DE ESTACIONAMENTO. CONJUNTO COMPLETO DE COMODIDADES. VIGIL\u00c2NCIA [&hellip;]<\/p>\n","protected":false},"featured_media":28907,"comment_status":"open","ping_status":"closed","template":"","meta":{"_joinchat":[]},"product_brand":[],"product_cat":[378,377,695],"product_tag":[668],"class_list":{"0":"post-28995","1":"product","2":"type-product","3":"status-publish","4":"has-post-thumbnail","6":"product_cat-aluguel","7":"product_cat-departamentos","8":"product_cat-monet-pt-br","9":"product_tag-aluguel","10":"pa_recamara-26","12":"first","13":"instock","14":"shipping-taxable","15":"purchasable","16":"product-type-simple"},"_links":{"self":[{"href":"https:\/\/www.rentaplazacarso.com\/pt-br\/wp-json\/wp\/v2\/product\/28995","targetHints":{"allow":["GET"]}}],"collection":[{"href":"https:\/\/www.rentaplazacarso.com\/pt-br\/wp-json\/wp\/v2\/product"}],"about":[{"href":"https:\/\/www.rentaplazacarso.com\/pt-br\/wp-json\/wp\/v2\/types\/product"}],"replies":[{"embeddable":true,"href":"https:\/\/www.rentaplazacarso.com\/pt-br\/wp-json\/wp\/v2\/comments?post=28995"}],"wp:featuredmedia":[{"embeddable":true,"href":"https:\/\/www.rentaplazacarso.com\/pt-br\/wp-json\/wp\/v2\/media\/28907"}],"wp:attachment":[{"href":"https:\/\/www.rentaplazacarso.com\/pt-br\/wp-json\/wp\/v2\/media?parent=28995"}],"wp:term":[{"taxonomy":"product_brand","embeddable":true,"href":"https:\/\/www.rentaplazacarso.com\/pt-br\/wp-json\/wp\/v2\/product_brand?post=28995"},{"taxonomy":"product_cat","embeddable":true,"href":"https:\/\/www.rentaplazacarso.com\/pt-br\/wp-json\/wp\/v2\/product_cat?post=28995"},{"taxonomy":"product_tag","embeddable":true,"href":"https:\/\/www.rentaplazacarso.com\/pt-br\/wp-json\/wp\/v2\/product_tag?post=28995"}],"curies":[{"name":"wp","href":"https:\/\/api.w.org\/{rel}","templated":true}]}}