{"id":28868,"date":"2026-01-14T18:51:43","date_gmt":"2026-01-14T18:51:43","guid":{"rendered":"https:\/\/www.rentaplazacarso.com\/product\/canto-3-quartos-nao-mobiliados-2\/"},"modified":"2026-01-14T20:26:13","modified_gmt":"2026-01-14T20:26:13","slug":"canto-3-quartos-nao-mobiliados-2","status":"publish","type":"product","link":"https:\/\/www.rentaplazacarso.com\/pt-br\/product\/canto-3-quartos-nao-mobiliados-2\/","title":{"rendered":"CANTO 3 QUARTOS N\u00c3O MOBILIADOS"},"content":{"rendered":"<p>APARTAMENTO DE ESQUINA DE 121 M2. 3 QUARTOS. QUARTO PRINCIPAL COM BANHEIRO COMPLETO E CLOSET. OS OUTROS DOIS QUARTOS COMPARTILHAM UM BANHEIRO.    BANHEIRO DE H\u00d3SPEDES. SALA DE ESTAR E JANTAR ESPA\u00c7OSA.  \u00c1REA DE LAVANDERIA. LINDA COZINHA AMERICANA. TETOS DE 3 METROS QUE PROPORCIONAM MUITA LUZ E ESPA\u00c7O. QUARTOS MUITO ESPA\u00c7OSOS. BELAS VISTAS. 2 VAGAS DE ESTACIONAMENTO. ACESSO DIRETO AO SHOPPING CENTER. CONJUNTO COMPLETO DE COMODIDADES. ESTACIONAMENTO PARA VISITANTES. VIGIL\u00c2NCIA 24 HORAS. TORRE MUITO BEM LOCALIZADA, COM TODOS OS SERVI\u00c7OS AO REDOR. \u00c9 ENTREGUE SEM MOB\u00cdLIA.<\/p>\n","protected":false},"excerpt":{"rendered":"<p>APARTAMENTO DE ESQUINA DE 121 M2. 3 QUARTOS. QUARTO PRINCIPAL COM BANHEIRO COMPLETO E CLOSET. OS OUTROS DOIS QUARTOS COMPARTILHAM UM BANHEIRO. BANHEIRO DE H\u00d3SPEDES. SALA DE ESTAR E JANTAR ESPA\u00c7OSA. \u00c1REA DE LAVANDERIA. LINDA COZINHA AMERICANA. TETOS DE 3 METROS QUE PROPORCIONAM MUITA LUZ E ESPA\u00c7O. QUARTOS MUITO ESPA\u00c7OSOS. BELAS VISTAS. 2 VAGAS DE [&hellip;]<\/p>\n","protected":false},"featured_media":28857,"comment_status":"open","ping_status":"closed","template":"","meta":{"_joinchat":[]},"product_brand":[],"product_cat":[378,377,695],"product_tag":[668],"class_list":{"0":"post-28868","1":"product","2":"type-product","3":"status-publish","4":"has-post-thumbnail","6":"product_cat-aluguel","7":"product_cat-departamentos","8":"product_cat-monet-pt-br","9":"product_tag-aluguel","10":"pa_recamara-26","12":"first","13":"instock","14":"shipping-taxable","15":"purchasable","16":"product-type-simple"},"_links":{"self":[{"href":"https:\/\/www.rentaplazacarso.com\/pt-br\/wp-json\/wp\/v2\/product\/28868","targetHints":{"allow":["GET"]}}],"collection":[{"href":"https:\/\/www.rentaplazacarso.com\/pt-br\/wp-json\/wp\/v2\/product"}],"about":[{"href":"https:\/\/www.rentaplazacarso.com\/pt-br\/wp-json\/wp\/v2\/types\/product"}],"replies":[{"embeddable":true,"href":"https:\/\/www.rentaplazacarso.com\/pt-br\/wp-json\/wp\/v2\/comments?post=28868"}],"wp:featuredmedia":[{"embeddable":true,"href":"https:\/\/www.rentaplazacarso.com\/pt-br\/wp-json\/wp\/v2\/media\/28857"}],"wp:attachment":[{"href":"https:\/\/www.rentaplazacarso.com\/pt-br\/wp-json\/wp\/v2\/media?parent=28868"}],"wp:term":[{"taxonomy":"product_brand","embeddable":true,"href":"https:\/\/www.rentaplazacarso.com\/pt-br\/wp-json\/wp\/v2\/product_brand?post=28868"},{"taxonomy":"product_cat","embeddable":true,"href":"https:\/\/www.rentaplazacarso.com\/pt-br\/wp-json\/wp\/v2\/product_cat?post=28868"},{"taxonomy":"product_tag","embeddable":true,"href":"https:\/\/www.rentaplazacarso.com\/pt-br\/wp-json\/wp\/v2\/product_tag?post=28868"}],"curies":[{"name":"wp","href":"https:\/\/api.w.org\/{rel}","templated":true}]}}