{"id":28539,"date":"2026-01-12T18:10:22","date_gmt":"2026-01-12T18:10:22","guid":{"rendered":"https:\/\/www.rentaplazacarso.com\/product\/mobiliado-com-2-quartos-e-sala-de-estar-7\/"},"modified":"2026-01-12T18:29:00","modified_gmt":"2026-01-12T18:29:00","slug":"mobiliado-com-2-quartos-e-sala-de-estar-7","status":"publish","type":"product","link":"https:\/\/www.rentaplazacarso.com\/pt-br\/product\/mobiliado-com-2-quartos-e-sala-de-estar-7\/","title":{"rendered":"MOBILIADO COM 2 QUARTOS E SALA DE ESTAR"},"content":{"rendered":"<p>APARTAMENTO COMPLETAMENTE MOBILIADO E EQUIPADO MUITO BOM. 118 M2. 2 QUARTOS CADA UM COM BANHEIRO COMPLETO E CLOSET.   QUARTO FAMILIAR COM BANHEIRO COMPLETO. LINDA COZINHA AMERICANA. \u00c1REA DE LAVANDERIA. MUITO LEVE. ACABAMENTOS DE ALTA QUALIDADE.   2 VAGAS DE ESTACIONAMENTO. ACESSO DIRETO AO SHOPPING CENTER. CONJUNTO COMPLETO DE COMODIDADES. VIGIL\u00c2NCIA 24 HORAS. ESTACIONAMENTO PARA VISITANTES. MANUTEN\u00c7\u00c3O INCLU\u00cdDA NO ALUGUEL. PER\u00cdODO M\u00cdNIMO DE ALUGUEL DE UM ANO.<\/p>\n","protected":false},"excerpt":{"rendered":"<p>APARTAMENTO COMPLETAMENTE MOBILIADO E EQUIPADO MUITO BOM. 118 M2. 2 QUARTOS CADA UM COM BANHEIRO COMPLETO E CLOSET. QUARTO FAMILIAR COM BANHEIRO COMPLETO. LINDA COZINHA AMERICANA. \u00c1REA DE LAVANDERIA. MUITO LEVE. ACABAMENTOS DE ALTA QUALIDADE. 2 VAGAS DE ESTACIONAMENTO. ACESSO DIRETO AO SHOPPING CENTER. CONJUNTO COMPLETO DE COMODIDADES. VIGIL\u00c2NCIA 24 HORAS. ESTACIONAMENTO PARA VISITANTES. MANUTEN\u00c7\u00c3O [&hellip;]<\/p>\n","protected":false},"featured_media":28528,"comment_status":"open","ping_status":"closed","template":"","meta":{"_joinchat":[]},"product_brand":[],"product_cat":[378,377,825],"product_tag":[668],"class_list":{"0":"post-28539","1":"product","2":"type-product","3":"status-publish","4":"has-post-thumbnail","6":"product_cat-aluguel","7":"product_cat-departamentos","8":"product_cat-pissarro-pt-br-2","9":"product_tag-aluguel","10":"pa_recamara-25","12":"first","13":"instock","14":"shipping-taxable","15":"purchasable","16":"product-type-simple"},"_links":{"self":[{"href":"https:\/\/www.rentaplazacarso.com\/pt-br\/wp-json\/wp\/v2\/product\/28539","targetHints":{"allow":["GET"]}}],"collection":[{"href":"https:\/\/www.rentaplazacarso.com\/pt-br\/wp-json\/wp\/v2\/product"}],"about":[{"href":"https:\/\/www.rentaplazacarso.com\/pt-br\/wp-json\/wp\/v2\/types\/product"}],"replies":[{"embeddable":true,"href":"https:\/\/www.rentaplazacarso.com\/pt-br\/wp-json\/wp\/v2\/comments?post=28539"}],"wp:featuredmedia":[{"embeddable":true,"href":"https:\/\/www.rentaplazacarso.com\/pt-br\/wp-json\/wp\/v2\/media\/28528"}],"wp:attachment":[{"href":"https:\/\/www.rentaplazacarso.com\/pt-br\/wp-json\/wp\/v2\/media?parent=28539"}],"wp:term":[{"taxonomy":"product_brand","embeddable":true,"href":"https:\/\/www.rentaplazacarso.com\/pt-br\/wp-json\/wp\/v2\/product_brand?post=28539"},{"taxonomy":"product_cat","embeddable":true,"href":"https:\/\/www.rentaplazacarso.com\/pt-br\/wp-json\/wp\/v2\/product_cat?post=28539"},{"taxonomy":"product_tag","embeddable":true,"href":"https:\/\/www.rentaplazacarso.com\/pt-br\/wp-json\/wp\/v2\/product_tag?post=28539"}],"curies":[{"name":"wp","href":"https:\/\/api.w.org\/{rel}","templated":true}]}}