{"id":28188,"date":"2026-01-09T20:47:14","date_gmt":"2026-01-09T20:47:14","guid":{"rendered":"https:\/\/www.rentaplazacarso.com\/2-quartos-mobiliados-com-sala-de-estar-5\/"},"modified":"2026-01-12T20:38:52","modified_gmt":"2026-01-12T20:38:52","slug":"2-quartos-mobiliados-com-sala-de-estar-5","status":"publish","type":"product","link":"https:\/\/www.rentaplazacarso.com\/pt-br\/product\/2-quartos-mobiliados-com-sala-de-estar-5\/","title":{"rendered":"2 QUARTOS MOBILIADOS COM SALA DE ESTAR"},"content":{"rendered":"<p>APARTAMENTO DE 120 M2: 2 QUARTOS COM QUARTO FAMILIAR (OU TERCEIRO QUARTO). TOTALMENTE MOBILIADO E EQUIPADO.  EM PERFEITAS CONDI\u00c7\u00d5ES. SALA DE ESTAR E JANTAR ESPA\u00c7OSA. BELA COZINHA ABERTA COM \u00c1REA DE SERVI\u00c7O. 3 BANHEIROS COMPLETOS. MUITO BOA DISTRIBUI\u00c7\u00c3O. EXTERIOR.    2 VAGAS DE ESTACIONAMENTO. CONJUNTO COMPLETO DE COMODIDADES. ESTACIONAMENTO PARA VISITANTES. VIGIL\u00c2NCIA 24 HORAS. TORRE MUITO BEM LOCALIZADA. MANUTEN\u00c7\u00c3O INCLU\u00cdDA NO ALUGUEL. ALUGADO SOMENTE PARA ALUGUEL DE LONGO PRAZO.  <\/p>\n","protected":false},"excerpt":{"rendered":"<p>APARTAMENTO DE 120 M2: 2 QUARTOS COM QUARTO FAMILIAR (OU TERCEIRO QUARTO). TOTALMENTE MOBILIADO E EQUIPADO. EM PERFEITAS CONDI\u00c7\u00d5ES. SALA DE ESTAR E JANTAR ESPA\u00c7OSA. BELA COZINHA ABERTA COM \u00c1REA DE SERVI\u00c7O. 3 BANHEIROS COMPLETOS. MUITO BOA DISTRIBUI\u00c7\u00c3O. EXTERIOR. 2 VAGAS DE ESTACIONAMENTO. CONJUNTO COMPLETO DE COMODIDADES. ESTACIONAMENTO PARA VISITANTES. VIGIL\u00c2NCIA 24 HORAS. TORRE MUITO [&hellip;]<\/p>\n","protected":false},"featured_media":28177,"comment_status":"open","ping_status":"closed","template":"","meta":{"_joinchat":[]},"product_brand":[],"product_cat":[378,377,470],"product_tag":[668],"class_list":{"0":"post-28188","1":"product","2":"type-product","3":"status-publish","4":"has-post-thumbnail","6":"product_cat-aluguel","7":"product_cat-departamentos","8":"product_cat-van-gogh-pt-br","9":"product_tag-aluguel","10":"pa_recamara-25","12":"first","13":"instock","14":"shipping-taxable","15":"purchasable","16":"product-type-simple"},"_links":{"self":[{"href":"https:\/\/www.rentaplazacarso.com\/pt-br\/wp-json\/wp\/v2\/product\/28188","targetHints":{"allow":["GET"]}}],"collection":[{"href":"https:\/\/www.rentaplazacarso.com\/pt-br\/wp-json\/wp\/v2\/product"}],"about":[{"href":"https:\/\/www.rentaplazacarso.com\/pt-br\/wp-json\/wp\/v2\/types\/product"}],"replies":[{"embeddable":true,"href":"https:\/\/www.rentaplazacarso.com\/pt-br\/wp-json\/wp\/v2\/comments?post=28188"}],"wp:featuredmedia":[{"embeddable":true,"href":"https:\/\/www.rentaplazacarso.com\/pt-br\/wp-json\/wp\/v2\/media\/28177"}],"wp:attachment":[{"href":"https:\/\/www.rentaplazacarso.com\/pt-br\/wp-json\/wp\/v2\/media?parent=28188"}],"wp:term":[{"taxonomy":"product_brand","embeddable":true,"href":"https:\/\/www.rentaplazacarso.com\/pt-br\/wp-json\/wp\/v2\/product_brand?post=28188"},{"taxonomy":"product_cat","embeddable":true,"href":"https:\/\/www.rentaplazacarso.com\/pt-br\/wp-json\/wp\/v2\/product_cat?post=28188"},{"taxonomy":"product_tag","embeddable":true,"href":"https:\/\/www.rentaplazacarso.com\/pt-br\/wp-json\/wp\/v2\/product_tag?post=28188"}],"curies":[{"name":"wp","href":"https:\/\/api.w.org\/{rel}","templated":true}]}}