{"id":27534,"date":"2025-12-11T17:09:56","date_gmt":"2025-12-11T17:09:56","guid":{"rendered":"https:\/\/www.rentaplazacarso.com\/apartamento-super-luxuoso-deslumbrante\/"},"modified":"2026-01-27T00:01:14","modified_gmt":"2026-01-27T00:01:14","slug":"apartamento-super-luxuoso-deslumbrante","status":"publish","type":"product","link":"https:\/\/www.rentaplazacarso.com\/pt-br\/product\/apartamento-super-luxuoso-deslumbrante\/","title":{"rendered":"APARTAMENTO SUPER LUXUOSO DESLUMBRANTE"},"content":{"rendered":"<p>INCR\u00cdVEL APARTAMENTO DE 240 M2, TOTALMENTE REFORMADO. TOTALMENTE MOBILIADO E EQUIPADO. M\u00d3VEIS SUPER LUXUOSOS.   PISO DE MADEIRA. 3 QUARTOS, CADA UM COM UM BANHEIRO COMPLETO. BANHEIRO DE H\u00d3SPEDES. AMPLA SALA DE ESTAR E JANTAR COM VISTAS ESPETACULARES. COZINHA FECHADA COM DESPENSA.  \u00c1REA DE LAVANDERIA. JANELAS ENORMES QUE PROPORCIONAM MUITA LUZ. TETOS DE 3 METROS. TODAS AS PERSIANAS EL\u00c9TRICAS. PURIFICADOR DYSON COM AR QUENTE E FRIO EM TODOS OS C\u00d4MODOS. C\u00c2MERAS EM TODOS OS C\u00d4MODOS. 3 VAGAS DE GARAGEM PARALELAS.    ACESSO DIRETO AO SHOPPING CENTER. CONJUNTO COMPLETO DE COMODIDADES. ESTACIONAMENTO PARA VISITANTES. VIGIL\u00c2NCIA 24 HORAS. O PRE\u00c7O INCLUI 2 ARMAZ\u00c9NS.<\/p>\n","protected":false},"excerpt":{"rendered":"<p>INCR\u00cdVEL APARTAMENTO DE 240 M2, TOTALMENTE REFORMADO. TOTALMENTE MOBILIADO E EQUIPADO. M\u00d3VEIS SUPER LUXUOSOS. PISO DE MADEIRA. 3 QUARTOS, CADA UM COM UM BANHEIRO COMPLETO. BANHEIRO DE H\u00d3SPEDES. AMPLA SALA DE ESTAR E JANTAR COM VISTAS ESPETACULARES. COZINHA FECHADA COM DESPENSA. \u00c1REA DE LAVANDERIA. JANELAS ENORMES QUE PROPORCIONAM MUITA LUZ. TETOS DE 3 METROS. TODAS [&hellip;]<\/p>\n","protected":false},"featured_media":27523,"comment_status":"open","ping_status":"closed","template":"","meta":{"_joinchat":[]},"product_brand":[],"product_cat":[377,746,391],"product_tag":[691],"class_list":{"0":"post-27534","1":"product","2":"type-product","3":"status-publish","4":"has-post-thumbnail","6":"product_cat-departamentos","7":"product_cat-rodin-pt-br-2","8":"product_cat-venda","9":"product_tag-venda","10":"pa_recamara-26","12":"first","13":"instock","14":"featured","15":"shipping-taxable","16":"purchasable","17":"product-type-simple"},"_links":{"self":[{"href":"https:\/\/www.rentaplazacarso.com\/pt-br\/wp-json\/wp\/v2\/product\/27534","targetHints":{"allow":["GET"]}}],"collection":[{"href":"https:\/\/www.rentaplazacarso.com\/pt-br\/wp-json\/wp\/v2\/product"}],"about":[{"href":"https:\/\/www.rentaplazacarso.com\/pt-br\/wp-json\/wp\/v2\/types\/product"}],"replies":[{"embeddable":true,"href":"https:\/\/www.rentaplazacarso.com\/pt-br\/wp-json\/wp\/v2\/comments?post=27534"}],"wp:featuredmedia":[{"embeddable":true,"href":"https:\/\/www.rentaplazacarso.com\/pt-br\/wp-json\/wp\/v2\/media\/27523"}],"wp:attachment":[{"href":"https:\/\/www.rentaplazacarso.com\/pt-br\/wp-json\/wp\/v2\/media?parent=27534"}],"wp:term":[{"taxonomy":"product_brand","embeddable":true,"href":"https:\/\/www.rentaplazacarso.com\/pt-br\/wp-json\/wp\/v2\/product_brand?post=27534"},{"taxonomy":"product_cat","embeddable":true,"href":"https:\/\/www.rentaplazacarso.com\/pt-br\/wp-json\/wp\/v2\/product_cat?post=27534"},{"taxonomy":"product_tag","embeddable":true,"href":"https:\/\/www.rentaplazacarso.com\/pt-br\/wp-json\/wp\/v2\/product_tag?post=27534"}],"curies":[{"name":"wp","href":"https:\/\/api.w.org\/{rel}","templated":true}]}}