{"id":27258,"date":"2025-12-08T18:31:55","date_gmt":"2025-12-08T18:31:55","guid":{"rendered":"https:\/\/www.rentaplazacarso.com\/2-quartos-mobiliados-com-sala-de-estar-copia\/"},"modified":"2026-01-20T16:43:52","modified_gmt":"2026-01-20T16:43:52","slug":"2-quartos-mobiliados-com-sala-de-estar-copia","status":"publish","type":"product","link":"https:\/\/www.rentaplazacarso.com\/pt-br\/product\/2-quartos-mobiliados-com-sala-de-estar-copia\/","title":{"rendered":"2 QUARTOS MOBILIADOS COM SALA DE ESTAR"},"content":{"rendered":"<p>APARTAMENTO MOBILIADO DE 113 M2. TOTALMENTE MOBILIADO, MUITO BONITO E EQUIPADO.  DISTRIBUI\u00c7\u00c3O PERFEITA. 2 QUARTOS COM BANHEIRO COMPLETO, AMBOS COM CLOSET. SALA DE FAM\u00cdLIA. BANHEIRO DE H\u00d3SPEDES. \u00c1REA DE LAVANDERIA. AMPLA COZINHA EM PLANO ABERTO. ACABAMENTOS DE ALTA QUALIDADE. 2 VAGAS DE ESTACIONAMENTO. CONJUNTO COMPLETO DE COMODIDADES. LOCALIZA\u00c7\u00c3O IMBAT\u00cdVEL. VIGIL\u00c2NCIA 24 HORAS. ESTACIONAMENTO PARA VISITANTES.<\/p>\n","protected":false},"excerpt":{"rendered":"<p>APARTAMENTO MOBILIADO DE 113 M2. TOTALMENTE MOBILIADO, MUITO BONITO E EQUIPADO. DISTRIBUI\u00c7\u00c3O PERFEITA. 2 QUARTOS COM BANHEIRO COMPLETO, AMBOS COM CLOSET. SALA DE FAM\u00cdLIA. BANHEIRO DE H\u00d3SPEDES. \u00c1REA DE LAVANDERIA. AMPLA COZINHA EM PLANO ABERTO. ACABAMENTOS DE ALTA QUALIDADE. 2 VAGAS DE ESTACIONAMENTO. CONJUNTO COMPLETO DE COMODIDADES. LOCALIZA\u00c7\u00c3O IMBAT\u00cdVEL. VIGIL\u00c2NCIA 24 HORAS. ESTACIONAMENTO PARA VISITANTES.<\/p>\n","protected":false},"featured_media":26740,"comment_status":"open","ping_status":"closed","template":"","meta":{"_joinchat":[]},"product_brand":[],"product_cat":[377,983,391],"product_tag":[691],"class_list":{"0":"post-27258","1":"product","2":"type-product","3":"status-publish","4":"has-post-thumbnail","6":"product_cat-departamentos","7":"product_cat-goya-pt-br-2","8":"product_cat-venda","9":"product_tag-venda","10":"pa_recamara-25","12":"first","13":"instock","14":"shipping-taxable","15":"purchasable","16":"product-type-simple"},"_links":{"self":[{"href":"https:\/\/www.rentaplazacarso.com\/pt-br\/wp-json\/wp\/v2\/product\/27258","targetHints":{"allow":["GET"]}}],"collection":[{"href":"https:\/\/www.rentaplazacarso.com\/pt-br\/wp-json\/wp\/v2\/product"}],"about":[{"href":"https:\/\/www.rentaplazacarso.com\/pt-br\/wp-json\/wp\/v2\/types\/product"}],"replies":[{"embeddable":true,"href":"https:\/\/www.rentaplazacarso.com\/pt-br\/wp-json\/wp\/v2\/comments?post=27258"}],"wp:featuredmedia":[{"embeddable":true,"href":"https:\/\/www.rentaplazacarso.com\/pt-br\/wp-json\/wp\/v2\/media\/26740"}],"wp:attachment":[{"href":"https:\/\/www.rentaplazacarso.com\/pt-br\/wp-json\/wp\/v2\/media?parent=27258"}],"wp:term":[{"taxonomy":"product_brand","embeddable":true,"href":"https:\/\/www.rentaplazacarso.com\/pt-br\/wp-json\/wp\/v2\/product_brand?post=27258"},{"taxonomy":"product_cat","embeddable":true,"href":"https:\/\/www.rentaplazacarso.com\/pt-br\/wp-json\/wp\/v2\/product_cat?post=27258"},{"taxonomy":"product_tag","embeddable":true,"href":"https:\/\/www.rentaplazacarso.com\/pt-br\/wp-json\/wp\/v2\/product_tag?post=27258"}],"curies":[{"name":"wp","href":"https:\/\/api.w.org\/{rel}","templated":true}]}}