{"id":27130,"date":"2025-11-26T23:28:23","date_gmt":"2025-11-26T23:28:23","guid":{"rendered":"https:\/\/www.rentaplazacarso.com\/mobiliado-com-1-dormitorio-9\/"},"modified":"2025-11-26T23:28:23","modified_gmt":"2025-11-26T23:28:23","slug":"mobiliado-com-1-dormitorio-9","status":"publish","type":"product","link":"https:\/\/www.rentaplazacarso.com\/pt-br\/product\/mobiliado-com-1-dormitorio-9\/","title":{"rendered":"MOBILIADO COM 1 DORMIT\u00d3RIO"},"content":{"rendered":"<p>APARTAMENTO TOTALMENTE MOBILIADO E EQUIPADO. 75 M2. 1 QUARTO MUITO ESPA\u00c7OSO COM BANHEIRO COMPLETO E AMPLO CLOSET. BANHEIRO PARA H\u00d3SPEDES. COZINHA ABERTA E AGRAD\u00c1VEL.     \u00c1REA DE LAVANDERIA. SALA DE ESTAR E JANTAR ESPA\u00c7OSAS. DISTRIBUI\u00c7\u00c3O PERFEITA. MUITO LEVE. 1 VAGA DE ESTACIONAMENTO. ACABAMENTOS DE ALTA QUALIDADE. CONJUNTO COMPLETO DE COMODIDADES. VIGIL\u00c2NCIA 24 HORAS. TORRE MUITO BEM LOCALIZADA. MANUTEN\u00c7\u00c3O INCLU\u00cdDA NO ALUGUEL. ALUGADO SOMENTE PARA ALUGUEL DE LONGO PRAZO.    <\/p>\n","protected":false},"excerpt":{"rendered":"<p>APARTAMENTO TOTALMENTE MOBILIADO E EQUIPADO. 75 M2. 1 QUARTO MUITO ESPA\u00c7OSO COM BANHEIRO COMPLETO E AMPLO CLOSET. BANHEIRO PARA H\u00d3SPEDES. COZINHA ABERTA E AGRAD\u00c1VEL. \u00c1REA DE LAVANDERIA. SALA DE ESTAR E JANTAR ESPA\u00c7OSAS. DISTRIBUI\u00c7\u00c3O PERFEITA. MUITO LEVE. 1 VAGA DE ESTACIONAMENTO. ACABAMENTOS DE ALTA QUALIDADE. CONJUNTO COMPLETO DE COMODIDADES. VIGIL\u00c2NCIA 24 HORAS. TORRE MUITO BEM [&hellip;]<\/p>\n","protected":false},"featured_media":27119,"comment_status":"open","ping_status":"closed","template":"","meta":{"_joinchat":[]},"product_brand":[],"product_cat":[378,377,470],"product_tag":[668],"class_list":{"0":"post-27130","1":"product","2":"type-product","3":"status-publish","4":"has-post-thumbnail","6":"product_cat-aluguel","7":"product_cat-departamentos","8":"product_cat-van-gogh-pt-br","9":"product_tag-aluguel","10":"pa_recamara-24","12":"first","13":"instock","14":"shipping-taxable","15":"purchasable","16":"product-type-simple"},"_links":{"self":[{"href":"https:\/\/www.rentaplazacarso.com\/pt-br\/wp-json\/wp\/v2\/product\/27130","targetHints":{"allow":["GET"]}}],"collection":[{"href":"https:\/\/www.rentaplazacarso.com\/pt-br\/wp-json\/wp\/v2\/product"}],"about":[{"href":"https:\/\/www.rentaplazacarso.com\/pt-br\/wp-json\/wp\/v2\/types\/product"}],"replies":[{"embeddable":true,"href":"https:\/\/www.rentaplazacarso.com\/pt-br\/wp-json\/wp\/v2\/comments?post=27130"}],"wp:featuredmedia":[{"embeddable":true,"href":"https:\/\/www.rentaplazacarso.com\/pt-br\/wp-json\/wp\/v2\/media\/27119"}],"wp:attachment":[{"href":"https:\/\/www.rentaplazacarso.com\/pt-br\/wp-json\/wp\/v2\/media?parent=27130"}],"wp:term":[{"taxonomy":"product_brand","embeddable":true,"href":"https:\/\/www.rentaplazacarso.com\/pt-br\/wp-json\/wp\/v2\/product_brand?post=27130"},{"taxonomy":"product_cat","embeddable":true,"href":"https:\/\/www.rentaplazacarso.com\/pt-br\/wp-json\/wp\/v2\/product_cat?post=27130"},{"taxonomy":"product_tag","embeddable":true,"href":"https:\/\/www.rentaplazacarso.com\/pt-br\/wp-json\/wp\/v2\/product_tag?post=27130"}],"curies":[{"name":"wp","href":"https:\/\/api.w.org\/{rel}","templated":true}]}}