{"id":27039,"date":"2025-11-26T23:20:54","date_gmt":"2025-11-26T23:20:54","guid":{"rendered":"https:\/\/www.rentaplazacarso.com\/2-quartos-nao-mobiliados-com-sala-de-estar-2\/"},"modified":"2025-11-28T19:50:31","modified_gmt":"2025-11-28T19:50:31","slug":"2-quartos-nao-mobiliados-com-sala-de-estar-2","status":"publish","type":"product","link":"https:\/\/www.rentaplazacarso.com\/pt-br\/product\/2-quartos-nao-mobiliados-com-sala-de-estar-2\/","title":{"rendered":"2 QUARTOS N\u00c3O MOBILIADOS COM SALA DE ESTAR"},"content":{"rendered":"<p>LINDO APARTAMENTO DE 113 M2. MUITO BEM DISTRIBU\u00cdDO. 2 QUARTOS, CADA UM COM BANHEIRO COMPLETO E CLOSET.   BANHEIRO DE H\u00d3SPEDES. COZINHA ABERTA GRANDE E AGRAD\u00c1VEL. \u00c1REA DE LAVANDERIA. SALA DE ESTAR ESPA\u00c7OSA. JANELAS ENORMES EM TODOS OS C\u00d4MODOS QUE PROPORCIONAM MUITA LUZ. C\u00d4MODOS MUITO ESPA\u00c7OSOS. VISTAS EXTERNAS.    2 VAGAS DE ESTACIONAMENTO. CONJUNTO COMPLETO DE COMODIDADES. VIGIL\u00c2NCIA 24 HORAS. ESTACIONAMENTO PARA VISITANTES. LOCALIZA\u00c7\u00c3O PERFEITA, COM TODOS OS SERVI\u00c7OS AO REDOR.<\/p>\n","protected":false},"excerpt":{"rendered":"<p>LINDO APARTAMENTO DE 113 M2. MUITO BEM DISTRIBU\u00cdDO. 2 QUARTOS, CADA UM COM BANHEIRO COMPLETO E CLOSET. BANHEIRO DE H\u00d3SPEDES. COZINHA ABERTA GRANDE E AGRAD\u00c1VEL. \u00c1REA DE LAVANDERIA. SALA DE ESTAR ESPA\u00c7OSA. JANELAS ENORMES EM TODOS OS C\u00d4MODOS QUE PROPORCIONAM MUITA LUZ. C\u00d4MODOS MUITO ESPA\u00c7OSOS. VISTAS EXTERNAS. 2 VAGAS DE ESTACIONAMENTO. CONJUNTO COMPLETO DE COMODIDADES. [&hellip;]<\/p>\n","protected":false},"featured_media":27028,"comment_status":"open","ping_status":"closed","template":"","meta":{"_joinchat":[]},"product_brand":[],"product_cat":[377,983,391],"product_tag":[691],"class_list":{"0":"post-27039","1":"product","2":"type-product","3":"status-publish","4":"has-post-thumbnail","6":"product_cat-departamentos","7":"product_cat-goya-pt-br-2","8":"product_cat-venda","9":"product_tag-venda","10":"pa_recamara-25","12":"first","13":"instock","14":"shipping-taxable","15":"purchasable","16":"product-type-simple"},"_links":{"self":[{"href":"https:\/\/www.rentaplazacarso.com\/pt-br\/wp-json\/wp\/v2\/product\/27039","targetHints":{"allow":["GET"]}}],"collection":[{"href":"https:\/\/www.rentaplazacarso.com\/pt-br\/wp-json\/wp\/v2\/product"}],"about":[{"href":"https:\/\/www.rentaplazacarso.com\/pt-br\/wp-json\/wp\/v2\/types\/product"}],"replies":[{"embeddable":true,"href":"https:\/\/www.rentaplazacarso.com\/pt-br\/wp-json\/wp\/v2\/comments?post=27039"}],"wp:featuredmedia":[{"embeddable":true,"href":"https:\/\/www.rentaplazacarso.com\/pt-br\/wp-json\/wp\/v2\/media\/27028"}],"wp:attachment":[{"href":"https:\/\/www.rentaplazacarso.com\/pt-br\/wp-json\/wp\/v2\/media?parent=27039"}],"wp:term":[{"taxonomy":"product_brand","embeddable":true,"href":"https:\/\/www.rentaplazacarso.com\/pt-br\/wp-json\/wp\/v2\/product_brand?post=27039"},{"taxonomy":"product_cat","embeddable":true,"href":"https:\/\/www.rentaplazacarso.com\/pt-br\/wp-json\/wp\/v2\/product_cat?post=27039"},{"taxonomy":"product_tag","embeddable":true,"href":"https:\/\/www.rentaplazacarso.com\/pt-br\/wp-json\/wp\/v2\/product_tag?post=27039"}],"curies":[{"name":"wp","href":"https:\/\/api.w.org\/{rel}","templated":true}]}}