{"id":26513,"date":"2025-11-20T18:41:39","date_gmt":"2025-11-20T18:41:39","guid":{"rendered":"https:\/\/www.rentaplazacarso.com\/2-quartos-mobiliados-com-sala-de-estar-3\/"},"modified":"2026-01-20T16:44:59","modified_gmt":"2026-01-20T16:44:59","slug":"2-quartos-mobiliados-com-sala-de-estar-3","status":"publish","type":"product","link":"https:\/\/www.rentaplazacarso.com\/pt-br\/product\/2-quartos-mobiliados-com-sala-de-estar-3\/","title":{"rendered":"2 QUARTOS MOBILIADOS COM SALA DE ESTAR"},"content":{"rendered":"<p>APARTAMENTO DE 118 M2 TOTALMENTE MOBILIADO E EQUIPADO: 2 QUARTOS, CADA UM COM BANHEIRO COMPLETO E CLOSET. QUARTO FAMILIAR COM BANHEIRO COMPLETO. LINDA COZINHA AMERICANA. \u00c1REA DE LAVANDERIA. QUARTOS MUITO ESPA\u00c7OSOS. JANELAS GRANDES QUE PROPORCIONAM MUITA LUZ. 2 VAGAS DE ESTACIONAMENTO. CONJUNTO COMPLETO DE COMODIDADES. ESTACIONAMENTO PARA VISITANTES. VIGIL\u00c2NCIA 24 HORAS. CONEX\u00c3O DIRETA COM A PRA\u00c7A. TORRE MUITO TRANQUILA E MUITO BEM LOCALIZADA.  MANUTEN\u00c7\u00c3O INCLU\u00cdDA NO ALUGUEL. ALUGUEL M\u00cdNIMO DE UM ANO.<\/p>\n","protected":false},"excerpt":{"rendered":"<p>APARTAMENTO DE 118 M2 TOTALMENTE MOBILIADO E EQUIPADO: 2 QUARTOS, CADA UM COM BANHEIRO COMPLETO E CLOSET. QUARTO FAMILIAR COM BANHEIRO COMPLETO. LINDA COZINHA AMERICANA. \u00c1REA DE LAVANDERIA. QUARTOS MUITO ESPA\u00c7OSOS. JANELAS GRANDES QUE PROPORCIONAM MUITA LUZ. 2 VAGAS DE ESTACIONAMENTO. CONJUNTO COMPLETO DE COMODIDADES. ESTACIONAMENTO PARA VISITANTES. VIGIL\u00c2NCIA 24 HORAS. CONEX\u00c3O DIRETA COM A [&hellip;]<\/p>\n","protected":false},"featured_media":26502,"comment_status":"open","ping_status":"closed","template":"","meta":{"_joinchat":[]},"product_brand":[],"product_cat":[378,379,377],"product_tag":[668],"class_list":{"0":"post-26513","1":"product","2":"type-product","3":"status-publish","4":"has-post-thumbnail","6":"product_cat-aluguel","7":"product_cat-claudel-pt-br","8":"product_cat-departamentos","9":"product_tag-aluguel","10":"pa_recamara-25","12":"first","13":"instock","14":"shipping-taxable","15":"purchasable","16":"product-type-simple"},"_links":{"self":[{"href":"https:\/\/www.rentaplazacarso.com\/pt-br\/wp-json\/wp\/v2\/product\/26513","targetHints":{"allow":["GET"]}}],"collection":[{"href":"https:\/\/www.rentaplazacarso.com\/pt-br\/wp-json\/wp\/v2\/product"}],"about":[{"href":"https:\/\/www.rentaplazacarso.com\/pt-br\/wp-json\/wp\/v2\/types\/product"}],"replies":[{"embeddable":true,"href":"https:\/\/www.rentaplazacarso.com\/pt-br\/wp-json\/wp\/v2\/comments?post=26513"}],"wp:featuredmedia":[{"embeddable":true,"href":"https:\/\/www.rentaplazacarso.com\/pt-br\/wp-json\/wp\/v2\/media\/26502"}],"wp:attachment":[{"href":"https:\/\/www.rentaplazacarso.com\/pt-br\/wp-json\/wp\/v2\/media?parent=26513"}],"wp:term":[{"taxonomy":"product_brand","embeddable":true,"href":"https:\/\/www.rentaplazacarso.com\/pt-br\/wp-json\/wp\/v2\/product_brand?post=26513"},{"taxonomy":"product_cat","embeddable":true,"href":"https:\/\/www.rentaplazacarso.com\/pt-br\/wp-json\/wp\/v2\/product_cat?post=26513"},{"taxonomy":"product_tag","embeddable":true,"href":"https:\/\/www.rentaplazacarso.com\/pt-br\/wp-json\/wp\/v2\/product_tag?post=26513"}],"curies":[{"name":"wp","href":"https:\/\/api.w.org\/{rel}","templated":true}]}}