{"id":26057,"date":"2025-11-12T18:39:41","date_gmt":"2025-11-12T18:39:41","guid":{"rendered":"https:\/\/www.rentaplazacarso.com\/apartamento-mobiliado-de-1-quarto-muito-bom\/"},"modified":"2025-11-12T18:39:41","modified_gmt":"2025-11-12T18:39:41","slug":"apartamento-mobiliado-de-1-quarto-muito-bom","status":"publish","type":"product","link":"https:\/\/www.rentaplazacarso.com\/pt-br\/product\/apartamento-mobiliado-de-1-quarto-muito-bom\/","title":{"rendered":"APARTAMENTO MOBILIADO DE 1 QUARTO MUITO BOM"},"content":{"rendered":"<p>APARTAMENTO TOTALMENTE MOBILIADO E EQUIPADO, MUITO BONITO. 80 M2. 1 QUARTO COM BANHEIRO GRANDE E CLOSET GRANDE.   BANHEIRO DE H\u00d3SPEDES. LINDA COZINHA AMERICANA.  \u00c1REA DE LAVANDERIA COM DESPENSA. MUITO BEM DECORADA.  PERSIANAS EL\u00c9TRICAS. PISO DE MADEIRA. ACABAMENTOS DE ALTA QUALIDADE. JANELAS ENORMES QUE PROPORCIONAM MUITA LUZ. 1 VAGA DE ESTACIONAMENTO. CONJUNTO COMPLETO DE COMODIDADES. VIGIL\u00c2NCIA 24 HORAS. TODOS OS SERVI\u00c7OS EST\u00c3O INCLU\u00cdDOS: \u00c1GUA, ELETRICIDADE, G\u00c1S, INTERNET DE ALTA VELOCIDADE E MANUTEN\u00c7\u00c3O. ALUGUEL M\u00cdNIMO POR UM ANO. N\u00c3O H\u00c1 ANIMAIS DE ESTIMA\u00c7\u00c3O.  <\/p>\n","protected":false},"excerpt":{"rendered":"<p>APARTAMENTO TOTALMENTE MOBILIADO E EQUIPADO, MUITO BONITO. 80 M2. 1 QUARTO COM BANHEIRO GRANDE E CLOSET GRANDE. BANHEIRO DE H\u00d3SPEDES. LINDA COZINHA AMERICANA. \u00c1REA DE LAVANDERIA COM DESPENSA. MUITO BEM DECORADA. PERSIANAS EL\u00c9TRICAS. PISO DE MADEIRA. ACABAMENTOS DE ALTA QUALIDADE. JANELAS ENORMES QUE PROPORCIONAM MUITA LUZ. 1 VAGA DE ESTACIONAMENTO. CONJUNTO COMPLETO DE COMODIDADES. VIGIL\u00c2NCIA [&hellip;]<\/p>\n","protected":false},"featured_media":26047,"comment_status":"open","ping_status":"closed","template":"","meta":{"_joinchat":[]},"product_brand":[],"product_cat":[378,725,377],"product_tag":[668],"class_list":{"0":"post-26057","1":"product","2":"type-product","3":"status-publish","4":"has-post-thumbnail","6":"product_cat-aluguel","7":"product_cat-cezanne-pt-br","8":"product_cat-departamentos","9":"product_tag-aluguel","10":"pa_recamara-24","12":"first","13":"instock","14":"featured","15":"shipping-taxable","16":"purchasable","17":"product-type-simple"},"_links":{"self":[{"href":"https:\/\/www.rentaplazacarso.com\/pt-br\/wp-json\/wp\/v2\/product\/26057","targetHints":{"allow":["GET"]}}],"collection":[{"href":"https:\/\/www.rentaplazacarso.com\/pt-br\/wp-json\/wp\/v2\/product"}],"about":[{"href":"https:\/\/www.rentaplazacarso.com\/pt-br\/wp-json\/wp\/v2\/types\/product"}],"replies":[{"embeddable":true,"href":"https:\/\/www.rentaplazacarso.com\/pt-br\/wp-json\/wp\/v2\/comments?post=26057"}],"wp:featuredmedia":[{"embeddable":true,"href":"https:\/\/www.rentaplazacarso.com\/pt-br\/wp-json\/wp\/v2\/media\/26047"}],"wp:attachment":[{"href":"https:\/\/www.rentaplazacarso.com\/pt-br\/wp-json\/wp\/v2\/media?parent=26057"}],"wp:term":[{"taxonomy":"product_brand","embeddable":true,"href":"https:\/\/www.rentaplazacarso.com\/pt-br\/wp-json\/wp\/v2\/product_brand?post=26057"},{"taxonomy":"product_cat","embeddable":true,"href":"https:\/\/www.rentaplazacarso.com\/pt-br\/wp-json\/wp\/v2\/product_cat?post=26057"},{"taxonomy":"product_tag","embeddable":true,"href":"https:\/\/www.rentaplazacarso.com\/pt-br\/wp-json\/wp\/v2\/product_tag?post=26057"}],"curies":[{"name":"wp","href":"https:\/\/api.w.org\/{rel}","templated":true}]}}