{"id":25939,"date":"2025-11-12T16:48:38","date_gmt":"2025-11-12T16:48:38","guid":{"rendered":"https:\/\/www.rentaplazacarso.com\/mobiliado-com-1-dormitorio-8\/"},"modified":"2025-11-12T16:48:38","modified_gmt":"2025-11-12T16:48:38","slug":"mobiliado-com-1-dormitorio-8","status":"publish","type":"product","link":"https:\/\/www.rentaplazacarso.com\/pt-br\/product\/mobiliado-com-1-dormitorio-8\/","title":{"rendered":"MOBILIADO COM 1 DORMIT\u00d3RIO"},"content":{"rendered":"<p>APARTAMENTO TOTALMENTE MOBILIADO E EQUIPADO. 70 M2. 1 QUARTO COM BANHEIRO COMPLETO E AMPLO CLOSET.   \u00c1REA DE LAVANDERIA. ACABAMENTOS DE ALTA QUALIDADE. GRANDES JANELAS EM TODOS OS C\u00d4MODOS, O QUE PROPORCIONA MUITA LUZ E ESPA\u00c7O. 1 VAGA DE ESTACIONAMENTO.  VIGIL\u00c2NCIA 24 HORAS. ESTACIONAMENTO PARA VISITANTES. AMPLA VARIEDADE DE COMODIDADES. TORRE MUITO TRANQUILA E SEGURA. CONEX\u00c3O DIRETA COM A PRA\u00c7A. TODOS OS SERVI\u00c7OS AO REDOR. LOCALIZA\u00c7\u00c3O IMBAT\u00cdVEL.  <\/p>\n","protected":false},"excerpt":{"rendered":"<p>APARTAMENTO TOTALMENTE MOBILIADO E EQUIPADO. 70 M2. 1 QUARTO COM BANHEIRO COMPLETO E AMPLO CLOSET. \u00c1REA DE LAVANDERIA. ACABAMENTOS DE ALTA QUALIDADE. GRANDES JANELAS EM TODOS OS C\u00d4MODOS, O QUE PROPORCIONA MUITA LUZ E ESPA\u00c7O. 1 VAGA DE ESTACIONAMENTO. VIGIL\u00c2NCIA 24 HORAS. ESTACIONAMENTO PARA VISITANTES. AMPLA VARIEDADE DE COMODIDADES. TORRE MUITO TRANQUILA E SEGURA. CONEX\u00c3O [&hellip;]<\/p>\n","protected":false},"featured_media":25935,"comment_status":"open","ping_status":"closed","template":"","meta":{"_joinchat":[]},"product_brand":[],"product_cat":[976,377,391],"product_tag":[691],"class_list":{"0":"post-25939","1":"product","2":"type-product","3":"status-publish","4":"has-post-thumbnail","6":"product_cat-claudel-pt-br-2","7":"product_cat-departamentos","8":"product_cat-venda","9":"product_tag-venda","10":"pa_recamara-24","12":"first","13":"instock","14":"shipping-taxable","15":"purchasable","16":"product-type-simple"},"_links":{"self":[{"href":"https:\/\/www.rentaplazacarso.com\/pt-br\/wp-json\/wp\/v2\/product\/25939","targetHints":{"allow":["GET"]}}],"collection":[{"href":"https:\/\/www.rentaplazacarso.com\/pt-br\/wp-json\/wp\/v2\/product"}],"about":[{"href":"https:\/\/www.rentaplazacarso.com\/pt-br\/wp-json\/wp\/v2\/types\/product"}],"replies":[{"embeddable":true,"href":"https:\/\/www.rentaplazacarso.com\/pt-br\/wp-json\/wp\/v2\/comments?post=25939"}],"wp:featuredmedia":[{"embeddable":true,"href":"https:\/\/www.rentaplazacarso.com\/pt-br\/wp-json\/wp\/v2\/media\/25935"}],"wp:attachment":[{"href":"https:\/\/www.rentaplazacarso.com\/pt-br\/wp-json\/wp\/v2\/media?parent=25939"}],"wp:term":[{"taxonomy":"product_brand","embeddable":true,"href":"https:\/\/www.rentaplazacarso.com\/pt-br\/wp-json\/wp\/v2\/product_brand?post=25939"},{"taxonomy":"product_cat","embeddable":true,"href":"https:\/\/www.rentaplazacarso.com\/pt-br\/wp-json\/wp\/v2\/product_cat?post=25939"},{"taxonomy":"product_tag","embeddable":true,"href":"https:\/\/www.rentaplazacarso.com\/pt-br\/wp-json\/wp\/v2\/product_tag?post=25939"}],"curies":[{"name":"wp","href":"https:\/\/api.w.org\/{rel}","templated":true}]}}