{"id":25447,"date":"2025-11-05T19:42:39","date_gmt":"2025-11-05T19:42:39","guid":{"rendered":"https:\/\/www.rentaplazacarso.com\/unidade-de-canto-de-3-quartos-nao-mobiliada\/"},"modified":"2026-01-20T16:46:19","modified_gmt":"2026-01-20T16:46:19","slug":"unidade-de-canto-de-3-quartos-nao-mobiliada","status":"publish","type":"product","link":"https:\/\/www.rentaplazacarso.com\/pt-br\/product\/unidade-de-canto-de-3-quartos-nao-mobiliada\/","title":{"rendered":"UNIDADE DE CANTO DE 3 QUARTOS N\u00c3O MOBILIADA"},"content":{"rendered":"<p>APARTAMENTO DE ESQUINA DE 121 M2. 3 QUARTOS. QUARTO PRINCIPAL COM BANHEIRO COMPLETO E CLOSET. OS OUTROS DOIS QUARTOS COMPARTILHAM UM BANHEIRO.    BANHEIRO DE H\u00d3SPEDES. SALA DE ESTAR E JANTAR ESPA\u00c7OSA. \u00c1REA DE LAVANDERIA. LINDA COZINHA AMERICANA. TETOS DE 3 METROS QUE PROPORCIONAM MUITA LUZ E ESPA\u00c7O. QUARTOS MUITO ESPA\u00c7OSOS. QUARTOS COM PISO DE MADEIRA. 2 VAGAS DE ESTACIONAMENTO. ACESSO DIRETO AO SHOPPING CENTER. CONJUNTO COMPLETO DE COMODIDADES. ESTACIONAMENTO PARA VISITANTES. VIGIL\u00c2NCIA 24 HORAS. TORRE MUITO BEM LOCALIZADA, COM TODOS OS SERVI\u00c7OS AO REDOR.<\/p>\n","protected":false},"excerpt":{"rendered":"<p>APARTAMENTO DE ESQUINA DE 121 M2. 3 QUARTOS. QUARTO PRINCIPAL COM BANHEIRO COMPLETO E CLOSET. OS OUTROS DOIS QUARTOS COMPARTILHAM UM BANHEIRO. BANHEIRO DE H\u00d3SPEDES. SALA DE ESTAR E JANTAR ESPA\u00c7OSA. \u00c1REA DE LAVANDERIA. LINDA COZINHA AMERICANA. TETOS DE 3 METROS QUE PROPORCIONAM MUITA LUZ E ESPA\u00c7O. QUARTOS MUITO ESPA\u00c7OSOS. QUARTOS COM PISO DE MADEIRA. [&hellip;]<\/p>\n","protected":false},"featured_media":25435,"comment_status":"open","ping_status":"closed","template":"","meta":{"_joinchat":[]},"product_brand":[],"product_cat":[378,667,377],"product_tag":[668],"class_list":{"0":"post-25447","1":"product","2":"type-product","3":"status-publish","4":"has-post-thumbnail","6":"product_cat-aluguel","7":"product_cat-dali-pt-br","8":"product_cat-departamentos","9":"product_tag-aluguel","10":"pa_recamara-26","12":"first","13":"instock","14":"shipping-taxable","15":"purchasable","16":"product-type-simple"},"_links":{"self":[{"href":"https:\/\/www.rentaplazacarso.com\/pt-br\/wp-json\/wp\/v2\/product\/25447","targetHints":{"allow":["GET"]}}],"collection":[{"href":"https:\/\/www.rentaplazacarso.com\/pt-br\/wp-json\/wp\/v2\/product"}],"about":[{"href":"https:\/\/www.rentaplazacarso.com\/pt-br\/wp-json\/wp\/v2\/types\/product"}],"replies":[{"embeddable":true,"href":"https:\/\/www.rentaplazacarso.com\/pt-br\/wp-json\/wp\/v2\/comments?post=25447"}],"wp:featuredmedia":[{"embeddable":true,"href":"https:\/\/www.rentaplazacarso.com\/pt-br\/wp-json\/wp\/v2\/media\/25435"}],"wp:attachment":[{"href":"https:\/\/www.rentaplazacarso.com\/pt-br\/wp-json\/wp\/v2\/media?parent=25447"}],"wp:term":[{"taxonomy":"product_brand","embeddable":true,"href":"https:\/\/www.rentaplazacarso.com\/pt-br\/wp-json\/wp\/v2\/product_brand?post=25447"},{"taxonomy":"product_cat","embeddable":true,"href":"https:\/\/www.rentaplazacarso.com\/pt-br\/wp-json\/wp\/v2\/product_cat?post=25447"},{"taxonomy":"product_tag","embeddable":true,"href":"https:\/\/www.rentaplazacarso.com\/pt-br\/wp-json\/wp\/v2\/product_tag?post=25447"}],"curies":[{"name":"wp","href":"https:\/\/api.w.org\/{rel}","templated":true}]}}