{"id":25314,"date":"2025-11-05T19:34:43","date_gmt":"2025-11-05T19:34:43","guid":{"rendered":"https:\/\/www.rentaplazacarso.com\/2-quartos-mobiliados-2\/"},"modified":"2025-11-05T19:34:43","modified_gmt":"2025-11-05T19:34:43","slug":"2-quartos-mobiliados-2","status":"publish","type":"product","link":"https:\/\/www.rentaplazacarso.com\/pt-br\/product\/2-quartos-mobiliados-2\/","title":{"rendered":"2 QUARTOS MOBILIADOS"},"content":{"rendered":"<p>APARTAMENTO TOTALMENTE MOBILIADO E EQUIPADO: 110 M2, 2 QUARTOS, CADA UM COM BANHEIRO COMPLETO E AMPLO CLOSET. BELA COZINHA ABERTA EQUIPADA COM M\u00c1QUINA DE LAVAR LOU\u00c7A, COM \u00c1REA DE SERVI\u00c7O. MUITO BEM DISTRIBU\u00cdDO. ESPA\u00c7OS AMPLOS.    TETOS DE 3 METROS QUE PROPORCIONAM MUITA LUZ E ESPA\u00c7O. JANELAS ENORMES EM TODOS OS C\u00d4MODOS. ACABAMENTOS DE ALTA QUALIDADE. 1 VAGA DE ESTACIONAMENTO. CONJUNTO COMPLETO DE COMODIDADES. VIGIL\u00c2NCIA 24 HORAS. ACESSO DIRETO AO SHOPPING CENTER. ESTACIONAMENTO PARA VISITANTES. MANUTEN\u00c7\u00c3O INCLU\u00cdDA NO ALUGUEL. PERMAN\u00caNCIA M\u00cdNIMA DE UM ANO.<\/p>\n","protected":false},"excerpt":{"rendered":"<p>APARTAMENTO TOTALMENTE MOBILIADO E EQUIPADO: 110 M2, 2 QUARTOS, CADA UM COM BANHEIRO COMPLETO E AMPLO CLOSET. BELA COZINHA ABERTA EQUIPADA COM M\u00c1QUINA DE LAVAR LOU\u00c7A, COM \u00c1REA DE SERVI\u00c7O. MUITO BEM DISTRIBU\u00cdDO. ESPA\u00c7OS AMPLOS. TETOS DE 3 METROS QUE PROPORCIONAM MUITA LUZ E ESPA\u00c7O. JANELAS ENORMES EM TODOS OS C\u00d4MODOS. ACABAMENTOS DE ALTA QUALIDADE. [&hellip;]<\/p>\n","protected":false},"featured_media":25302,"comment_status":"open","ping_status":"closed","template":"","meta":{"_joinchat":[]},"product_brand":[],"product_cat":[378,667,377],"product_tag":[668],"class_list":{"0":"post-25314","1":"product","2":"type-product","3":"status-publish","4":"has-post-thumbnail","6":"product_cat-aluguel","7":"product_cat-dali-pt-br","8":"product_cat-departamentos","9":"product_tag-aluguel","10":"pa_recamara-25","12":"first","13":"instock","14":"shipping-taxable","15":"purchasable","16":"product-type-simple"},"_links":{"self":[{"href":"https:\/\/www.rentaplazacarso.com\/pt-br\/wp-json\/wp\/v2\/product\/25314","targetHints":{"allow":["GET"]}}],"collection":[{"href":"https:\/\/www.rentaplazacarso.com\/pt-br\/wp-json\/wp\/v2\/product"}],"about":[{"href":"https:\/\/www.rentaplazacarso.com\/pt-br\/wp-json\/wp\/v2\/types\/product"}],"replies":[{"embeddable":true,"href":"https:\/\/www.rentaplazacarso.com\/pt-br\/wp-json\/wp\/v2\/comments?post=25314"}],"wp:featuredmedia":[{"embeddable":true,"href":"https:\/\/www.rentaplazacarso.com\/pt-br\/wp-json\/wp\/v2\/media\/25302"}],"wp:attachment":[{"href":"https:\/\/www.rentaplazacarso.com\/pt-br\/wp-json\/wp\/v2\/media?parent=25314"}],"wp:term":[{"taxonomy":"product_brand","embeddable":true,"href":"https:\/\/www.rentaplazacarso.com\/pt-br\/wp-json\/wp\/v2\/product_brand?post=25314"},{"taxonomy":"product_cat","embeddable":true,"href":"https:\/\/www.rentaplazacarso.com\/pt-br\/wp-json\/wp\/v2\/product_cat?post=25314"},{"taxonomy":"product_tag","embeddable":true,"href":"https:\/\/www.rentaplazacarso.com\/pt-br\/wp-json\/wp\/v2\/product_tag?post=25314"}],"curies":[{"name":"wp","href":"https:\/\/api.w.org\/{rel}","templated":true}]}}