{"id":25159,"date":"2025-11-05T19:24:52","date_gmt":"2025-11-05T19:24:52","guid":{"rendered":"https:\/\/www.rentaplazacarso.com\/mobiliado-com-1-dormitorio-6\/"},"modified":"2025-11-05T19:24:52","modified_gmt":"2025-11-05T19:24:52","slug":"mobiliado-com-1-dormitorio-6","status":"publish","type":"product","link":"https:\/\/www.rentaplazacarso.com\/pt-br\/product\/mobiliado-com-1-dormitorio-6\/","title":{"rendered":"MOBILIADO COM 1 DORMIT\u00d3RIO"},"content":{"rendered":"<p>APARTAMENTO TOTALMENTE MOBILIADO E EQUIPADO. 70 M2. 1 QUARTO COM BANHEIRO COMPLETO E AMPLO CLOSET.   \u00c1REA DE LAVANDERIA. ACABAMENTOS DE ALTA QUALIDADE. GRANDES JANELAS EM TODOS OS C\u00d4MODOS, O QUE PROPORCIONA MUITA LUZ E ESPA\u00c7O. 1 VAGA DE ESTACIONAMENTO. VIGIL\u00c2NCIA 24 HORAS. ESTACIONAMENTO PARA VISITANTES. AMPLA VARIEDADE DE COMODIDADES. TORRE MUITO TRANQUILA E SEGURA. CONEX\u00c3O DIRETA COM A PRA\u00c7A. TODOS OS SERVI\u00c7OS AO REDOR. LOCALIZA\u00c7\u00c3O IMBAT\u00cdVEL.   MANUTEN\u00c7\u00c3O INCLU\u00cdDA NO ALUGUEL. PER\u00cdODO M\u00cdNIMO DE ALUGUEL DE UM ANO.<\/p>\n","protected":false},"excerpt":{"rendered":"<p>APARTAMENTO TOTALMENTE MOBILIADO E EQUIPADO. 70 M2. 1 QUARTO COM BANHEIRO COMPLETO E AMPLO CLOSET. \u00c1REA DE LAVANDERIA. ACABAMENTOS DE ALTA QUALIDADE. GRANDES JANELAS EM TODOS OS C\u00d4MODOS, O QUE PROPORCIONA MUITA LUZ E ESPA\u00c7O. 1 VAGA DE ESTACIONAMENTO. VIGIL\u00c2NCIA 24 HORAS. ESTACIONAMENTO PARA VISITANTES. AMPLA VARIEDADE DE COMODIDADES. TORRE MUITO TRANQUILA E SEGURA. CONEX\u00c3O [&hellip;]<\/p>\n","protected":false},"featured_media":25135,"comment_status":"open","ping_status":"closed","template":"","meta":{"_joinchat":[]},"product_brand":[],"product_cat":[378,379,377],"product_tag":[668],"class_list":{"0":"post-25159","1":"product","2":"type-product","3":"status-publish","4":"has-post-thumbnail","6":"product_cat-aluguel","7":"product_cat-claudel-pt-br","8":"product_cat-departamentos","9":"product_tag-aluguel","10":"pa_recamara-24","12":"first","13":"instock","14":"shipping-taxable","15":"purchasable","16":"product-type-simple"},"_links":{"self":[{"href":"https:\/\/www.rentaplazacarso.com\/pt-br\/wp-json\/wp\/v2\/product\/25159","targetHints":{"allow":["GET"]}}],"collection":[{"href":"https:\/\/www.rentaplazacarso.com\/pt-br\/wp-json\/wp\/v2\/product"}],"about":[{"href":"https:\/\/www.rentaplazacarso.com\/pt-br\/wp-json\/wp\/v2\/types\/product"}],"replies":[{"embeddable":true,"href":"https:\/\/www.rentaplazacarso.com\/pt-br\/wp-json\/wp\/v2\/comments?post=25159"}],"wp:featuredmedia":[{"embeddable":true,"href":"https:\/\/www.rentaplazacarso.com\/pt-br\/wp-json\/wp\/v2\/media\/25135"}],"wp:attachment":[{"href":"https:\/\/www.rentaplazacarso.com\/pt-br\/wp-json\/wp\/v2\/media?parent=25159"}],"wp:term":[{"taxonomy":"product_brand","embeddable":true,"href":"https:\/\/www.rentaplazacarso.com\/pt-br\/wp-json\/wp\/v2\/product_brand?post=25159"},{"taxonomy":"product_cat","embeddable":true,"href":"https:\/\/www.rentaplazacarso.com\/pt-br\/wp-json\/wp\/v2\/product_cat?post=25159"},{"taxonomy":"product_tag","embeddable":true,"href":"https:\/\/www.rentaplazacarso.com\/pt-br\/wp-json\/wp\/v2\/product_tag?post=25159"}],"curies":[{"name":"wp","href":"https:\/\/api.w.org\/{rel}","templated":true}]}}