{"id":25001,"date":"2025-10-27T23:17:35","date_gmt":"2025-10-27T23:17:35","guid":{"rendered":"https:\/\/www.rentaplazacarso.com\/3-quartos-sala-de-estar-e-quarto-de-empregada\/"},"modified":"2025-10-27T23:17:35","modified_gmt":"2025-10-27T23:17:35","slug":"3-quartos-sala-de-estar-e-quarto-de-empregada","status":"publish","type":"product","link":"https:\/\/www.rentaplazacarso.com\/pt-br\/product\/3-quartos-sala-de-estar-e-quarto-de-empregada\/","title":{"rendered":"3 QUARTOS, SALA DE ESTAR E QUARTO DE EMPREGADA"},"content":{"rendered":"<p>APARTAMENTO DE ESQUINA DE 168 M2 EM PERFEITO ESTADO: 3 QUARTOS, CADA UM COM BANHEIRO COMPLETO. SALA DE ESTAR OU ESCRIT\u00d3RIO.  BANHEIRO DE H\u00d3SPEDES. AMPLA COZINHA EM PLANO ABERTO. \u00c1REA DE LAVANDERIA. QUARTO DA EMPREGADA. SALA DE ESTAR E JANTAR ESPA\u00c7OSAS. BELAS VISTAS. AS ENORMES JANELAS EM TODOS OS C\u00d4MODOS PROPORCIONAM MUITA LUZ. ACABAMENTOS DE ALTA QUALIDADE. 3 VAGAS DE ESTACIONAMENTO. CONJUNTO COMPLETO DE COMODIDADES. VIGIL\u00c2NCIA 24 HORAS. TORRE MUITO BEM LOCALIZADA, COM TODOS OS SERVI\u00c7OS AO REDOR.<\/p>\n","protected":false},"excerpt":{"rendered":"<p>APARTAMENTO DE ESQUINA DE 168 M2 EM PERFEITO ESTADO: 3 QUARTOS, CADA UM COM BANHEIRO COMPLETO. SALA DE ESTAR OU ESCRIT\u00d3RIO. BANHEIRO DE H\u00d3SPEDES. AMPLA COZINHA EM PLANO ABERTO. \u00c1REA DE LAVANDERIA. QUARTO DA EMPREGADA. SALA DE ESTAR E JANTAR ESPA\u00c7OSAS. BELAS VISTAS. AS ENORMES JANELAS EM TODOS OS C\u00d4MODOS PROPORCIONAM MUITA LUZ. ACABAMENTOS DE [&hellip;]<\/p>\n","protected":false},"featured_media":24997,"comment_status":"open","ping_status":"closed","template":"","meta":{"_joinchat":[]},"product_brand":[],"product_cat":[378,393,377],"product_tag":[668],"class_list":{"0":"post-25001","1":"product","2":"type-product","3":"status-publish","4":"has-post-thumbnail","6":"product_cat-aluguel","7":"product_cat-botticelli-pt-br","8":"product_cat-departamentos","9":"product_tag-aluguel","10":"pa_recamara-26","12":"first","13":"instock","14":"shipping-taxable","15":"purchasable","16":"product-type-simple"},"_links":{"self":[{"href":"https:\/\/www.rentaplazacarso.com\/pt-br\/wp-json\/wp\/v2\/product\/25001","targetHints":{"allow":["GET"]}}],"collection":[{"href":"https:\/\/www.rentaplazacarso.com\/pt-br\/wp-json\/wp\/v2\/product"}],"about":[{"href":"https:\/\/www.rentaplazacarso.com\/pt-br\/wp-json\/wp\/v2\/types\/product"}],"replies":[{"embeddable":true,"href":"https:\/\/www.rentaplazacarso.com\/pt-br\/wp-json\/wp\/v2\/comments?post=25001"}],"wp:featuredmedia":[{"embeddable":true,"href":"https:\/\/www.rentaplazacarso.com\/pt-br\/wp-json\/wp\/v2\/media\/24997"}],"wp:attachment":[{"href":"https:\/\/www.rentaplazacarso.com\/pt-br\/wp-json\/wp\/v2\/media?parent=25001"}],"wp:term":[{"taxonomy":"product_brand","embeddable":true,"href":"https:\/\/www.rentaplazacarso.com\/pt-br\/wp-json\/wp\/v2\/product_brand?post=25001"},{"taxonomy":"product_cat","embeddable":true,"href":"https:\/\/www.rentaplazacarso.com\/pt-br\/wp-json\/wp\/v2\/product_cat?post=25001"},{"taxonomy":"product_tag","embeddable":true,"href":"https:\/\/www.rentaplazacarso.com\/pt-br\/wp-json\/wp\/v2\/product_tag?post=25001"}],"curies":[{"name":"wp","href":"https:\/\/api.w.org\/{rel}","templated":true}]}}