{"id":24624,"date":"2025-10-22T18:39:17","date_gmt":"2025-10-22T18:39:17","guid":{"rendered":"https:\/\/www.rentaplazacarso.com\/canto-3-quartos-nao-mobiliados\/"},"modified":"2026-01-21T18:08:39","modified_gmt":"2026-01-21T18:08:39","slug":"canto-3-quartos-nao-mobiliados","status":"publish","type":"product","link":"https:\/\/www.rentaplazacarso.com\/pt-br\/product\/canto-3-quartos-nao-mobiliados\/","title":{"rendered":"UNIDADE DE CANTO DE 2 QUARTOS N\u00c3O MOBILIADA"},"content":{"rendered":"<p>APARTAMENTO DE ESQUINA DE 121 M2. 2 QUARTOS. QUARTO PRINCIPAL COM BANHEIRO COMPLETO E CLOSET. BANHEIRO SOCIAL. SALA DE ESTAR AMPLA, SALA DE JANTAR.     LINDA COZINHA AMERICANA. \u00c1REA DE LAVANDERIA. TETOS DE 3 METROS QUE PROPORCIONAM MUITA LUZ E ESPA\u00c7O. BELAS VISTAS EXTERNAS.  QUARTOS MUITO ESPA\u00c7OSOS. 2 VAGAS DE ESTACIONAMENTO. ACESSO DIRETO AO SHOPPING CENTER. CONJUNTO COMPLETO DE COMODIDADES. ESTACIONAMENTO PARA VISITANTES. VIGIL\u00c2NCIA 24 HORAS. TORRE MUITO BEM LOCALIZADA, COM TODOS OS SERVI\u00c7OS AO REDOR. APARELHOS EL\u00c9TRICOS N\u00c3O INCLU\u00cdDOS.<\/p>\n","protected":false},"excerpt":{"rendered":"<p>APARTAMENTO DE ESQUINA DE 121 M2. 2 QUARTOS. QUARTO PRINCIPAL COM BANHEIRO COMPLETO E CLOSET. BANHEIRO SOCIAL. SALA DE ESTAR AMPLA, SALA DE JANTAR. LINDA COZINHA AMERICANA. \u00c1REA DE LAVANDERIA. TETOS DE 3 METROS QUE PROPORCIONAM MUITA LUZ E ESPA\u00c7O. BELAS VISTAS EXTERNAS. QUARTOS MUITO ESPA\u00c7OSOS. 2 VAGAS DE ESTACIONAMENTO. ACESSO DIRETO AO SHOPPING CENTER. [&hellip;]<\/p>\n","protected":false},"featured_media":24599,"comment_status":"open","ping_status":"closed","template":"","meta":{"_joinchat":[]},"product_brand":[],"product_cat":[378,377,695],"product_tag":[668],"class_list":{"0":"post-24624","1":"product","2":"type-product","3":"status-publish","4":"has-post-thumbnail","6":"product_cat-aluguel","7":"product_cat-departamentos","8":"product_cat-monet-pt-br","9":"product_tag-aluguel","10":"pa_recamara-25","12":"first","13":"instock","14":"shipping-taxable","15":"purchasable","16":"product-type-simple"},"_links":{"self":[{"href":"https:\/\/www.rentaplazacarso.com\/pt-br\/wp-json\/wp\/v2\/product\/24624","targetHints":{"allow":["GET"]}}],"collection":[{"href":"https:\/\/www.rentaplazacarso.com\/pt-br\/wp-json\/wp\/v2\/product"}],"about":[{"href":"https:\/\/www.rentaplazacarso.com\/pt-br\/wp-json\/wp\/v2\/types\/product"}],"replies":[{"embeddable":true,"href":"https:\/\/www.rentaplazacarso.com\/pt-br\/wp-json\/wp\/v2\/comments?post=24624"}],"wp:featuredmedia":[{"embeddable":true,"href":"https:\/\/www.rentaplazacarso.com\/pt-br\/wp-json\/wp\/v2\/media\/24599"}],"wp:attachment":[{"href":"https:\/\/www.rentaplazacarso.com\/pt-br\/wp-json\/wp\/v2\/media?parent=24624"}],"wp:term":[{"taxonomy":"product_brand","embeddable":true,"href":"https:\/\/www.rentaplazacarso.com\/pt-br\/wp-json\/wp\/v2\/product_brand?post=24624"},{"taxonomy":"product_cat","embeddable":true,"href":"https:\/\/www.rentaplazacarso.com\/pt-br\/wp-json\/wp\/v2\/product_cat?post=24624"},{"taxonomy":"product_tag","embeddable":true,"href":"https:\/\/www.rentaplazacarso.com\/pt-br\/wp-json\/wp\/v2\/product_tag?post=24624"}],"curies":[{"name":"wp","href":"https:\/\/api.w.org\/{rel}","templated":true}]}}