{"id":24338,"date":"2025-10-20T19:47:32","date_gmt":"2025-10-20T19:47:32","guid":{"rendered":"https:\/\/www.rentaplazacarso.com\/unidade-de-canto-de-2-quartos-com-sala-de-estar\/"},"modified":"2026-03-25T17:14:36","modified_gmt":"2026-03-25T17:14:36","slug":"unidade-de-canto-de-2-quartos-com-sala-de-estar","status":"publish","type":"product","link":"https:\/\/www.rentaplazacarso.com\/pt-br\/product\/unidade-de-canto-de-2-quartos-com-sala-de-estar\/","title":{"rendered":"UNIDADE DE CANTO DE 2 QUARTOS COM SALA DE ESTAR"},"content":{"rendered":"<p>LINDO APARTAMENTO DE 120 M2; DE ESQUINA, 2 QUARTOS E SALA DE ESTAR OU TERCEIRO QUARTO. 2 BANHEIROS COMPLETOS.  BANHEIRO DE H\u00d3SPEDES. \u00c1REA DE LAVANDERIA. SALA DE ESTAR E JANTAR ESPA\u00c7OSA. LINDA COZINHA ABERTA.  MUITO LEVE. ACABAMENTOS DE ALTA QUALIDADE. 2 VAGAS DE ESTACIONAMENTO. CONJUNTO COMPLETO DE COMODIDADES. VIGIL\u00c2NCIA 24 HORAS. ESTACIONAMENTO PARA VISITANTES. ACESSO DIRETO AO SHOPPING CENTER. MUITO SILENCIOSO. TORRE MUITO BEM LOCALIZADA.<\/p>\n","protected":false},"excerpt":{"rendered":"<p>LINDO APARTAMENTO DE 120 M2; DE ESQUINA, 2 QUARTOS E SALA DE ESTAR OU TERCEIRO QUARTO. 2 BANHEIROS COMPLETOS. BANHEIRO DE H\u00d3SPEDES. \u00c1REA DE LAVANDERIA. SALA DE ESTAR E JANTAR ESPA\u00c7OSA. LINDA COZINHA ABERTA. MUITO LEVE. ACABAMENTOS DE ALTA QUALIDADE. 2 VAGAS DE ESTACIONAMENTO. CONJUNTO COMPLETO DE COMODIDADES. VIGIL\u00c2NCIA 24 HORAS. ESTACIONAMENTO PARA VISITANTES. ACESSO [&hellip;]<\/p>\n","protected":false},"featured_media":24329,"comment_status":"open","ping_status":"closed","template":"","meta":{"_joinchat":[]},"product_brand":[],"product_cat":[378,379,377],"product_tag":[668],"class_list":{"0":"post-24338","1":"product","2":"type-product","3":"status-publish","4":"has-post-thumbnail","6":"product_cat-aluguel","7":"product_cat-claudel-pt-br","8":"product_cat-departamentos","9":"product_tag-aluguel","10":"pa_recamara-25","12":"first","13":"instock","14":"shipping-taxable","15":"purchasable","16":"product-type-simple"},"_links":{"self":[{"href":"https:\/\/www.rentaplazacarso.com\/pt-br\/wp-json\/wp\/v2\/product\/24338","targetHints":{"allow":["GET"]}}],"collection":[{"href":"https:\/\/www.rentaplazacarso.com\/pt-br\/wp-json\/wp\/v2\/product"}],"about":[{"href":"https:\/\/www.rentaplazacarso.com\/pt-br\/wp-json\/wp\/v2\/types\/product"}],"replies":[{"embeddable":true,"href":"https:\/\/www.rentaplazacarso.com\/pt-br\/wp-json\/wp\/v2\/comments?post=24338"}],"wp:featuredmedia":[{"embeddable":true,"href":"https:\/\/www.rentaplazacarso.com\/pt-br\/wp-json\/wp\/v2\/media\/24329"}],"wp:attachment":[{"href":"https:\/\/www.rentaplazacarso.com\/pt-br\/wp-json\/wp\/v2\/media?parent=24338"}],"wp:term":[{"taxonomy":"product_brand","embeddable":true,"href":"https:\/\/www.rentaplazacarso.com\/pt-br\/wp-json\/wp\/v2\/product_brand?post=24338"},{"taxonomy":"product_cat","embeddable":true,"href":"https:\/\/www.rentaplazacarso.com\/pt-br\/wp-json\/wp\/v2\/product_cat?post=24338"},{"taxonomy":"product_tag","embeddable":true,"href":"https:\/\/www.rentaplazacarso.com\/pt-br\/wp-json\/wp\/v2\/product_tag?post=24338"}],"curies":[{"name":"wp","href":"https:\/\/api.w.org\/{rel}","templated":true}]}}