{"id":24201,"date":"2025-10-14T17:18:51","date_gmt":"2025-10-14T17:18:51","guid":{"rendered":"https:\/\/www.rentaplazacarso.com\/um-quarto-espacoso-e-mobiliado\/"},"modified":"2026-01-20T16:54:36","modified_gmt":"2026-01-20T16:54:36","slug":"um-quarto-espacoso-e-mobiliado","status":"publish","type":"product","link":"https:\/\/www.rentaplazacarso.com\/pt-br\/product\/um-quarto-espacoso-e-mobiliado\/","title":{"rendered":"UM QUARTO ESPA\u00c7OSO E MOBILIADO"},"content":{"rendered":"<p>APARTAMENTO NA REC\u00c9M-INAUGURADA TORRE CEZANNE NA PLAZA CARSO: 86 M2. TOTALMENTE MOBILIADO E EQUIPADO. 1 QUARTO COM BANHEIRO COMPLETO E CLOSET.   LINDA COZINHA AMERICANA. \u00c1REA DE LAVANDERIA MUITO GRANDE. BANHEIRO DE H\u00d3SPEDES. QUARTOS MUITO ESPA\u00c7OSOS. JANELAS ENORMES QUE PROPORCIONAM MUITA LUZ. ACABAMENTOS DE ALTA QUALIDADE. PISO DE MADEIRA. 1 VAGA DE ESTACIONAMENTO. CONJUNTO COMPLETO DE COMODIDADES. VIGIL\u00c2NCIA 24 HORAS. . ESTACIONAMENTO PARA VISITANTES. TORRE MUITO TRANQUILA E BEM LOCALIZADA, COM TODOS OS SERVI\u00c7OS AO REDOR. MANUTEN\u00c7\u00c3O INCLU\u00cdDA NO ALUGUEL. ALUGUEL M\u00cdNIMO DE UM ANO.<\/p>\n","protected":false},"excerpt":{"rendered":"<p>APARTAMENTO NA REC\u00c9M-INAUGURADA TORRE CEZANNE NA PLAZA CARSO: 86 M2. TOTALMENTE MOBILIADO E EQUIPADO. 1 QUARTO COM BANHEIRO COMPLETO E CLOSET. LINDA COZINHA AMERICANA. \u00c1REA DE LAVANDERIA MUITO GRANDE. BANHEIRO DE H\u00d3SPEDES. QUARTOS MUITO ESPA\u00c7OSOS. JANELAS ENORMES QUE PROPORCIONAM MUITA LUZ. ACABAMENTOS DE ALTA QUALIDADE. PISO DE MADEIRA. 1 VAGA DE ESTACIONAMENTO. CONJUNTO COMPLETO DE [&hellip;]<\/p>\n","protected":false},"featured_media":24197,"comment_status":"open","ping_status":"closed","template":"","meta":{"_joinchat":[]},"product_brand":[],"product_cat":[378,725,377],"product_tag":[668],"class_list":{"0":"post-24201","1":"product","2":"type-product","3":"status-publish","4":"has-post-thumbnail","6":"product_cat-aluguel","7":"product_cat-cezanne-pt-br","8":"product_cat-departamentos","9":"product_tag-aluguel","10":"pa_recamara-24","12":"first","13":"instock","14":"shipping-taxable","15":"purchasable","16":"product-type-simple"},"_links":{"self":[{"href":"https:\/\/www.rentaplazacarso.com\/pt-br\/wp-json\/wp\/v2\/product\/24201","targetHints":{"allow":["GET"]}}],"collection":[{"href":"https:\/\/www.rentaplazacarso.com\/pt-br\/wp-json\/wp\/v2\/product"}],"about":[{"href":"https:\/\/www.rentaplazacarso.com\/pt-br\/wp-json\/wp\/v2\/types\/product"}],"replies":[{"embeddable":true,"href":"https:\/\/www.rentaplazacarso.com\/pt-br\/wp-json\/wp\/v2\/comments?post=24201"}],"wp:featuredmedia":[{"embeddable":true,"href":"https:\/\/www.rentaplazacarso.com\/pt-br\/wp-json\/wp\/v2\/media\/24197"}],"wp:attachment":[{"href":"https:\/\/www.rentaplazacarso.com\/pt-br\/wp-json\/wp\/v2\/media?parent=24201"}],"wp:term":[{"taxonomy":"product_brand","embeddable":true,"href":"https:\/\/www.rentaplazacarso.com\/pt-br\/wp-json\/wp\/v2\/product_brand?post=24201"},{"taxonomy":"product_cat","embeddable":true,"href":"https:\/\/www.rentaplazacarso.com\/pt-br\/wp-json\/wp\/v2\/product_cat?post=24201"},{"taxonomy":"product_tag","embeddable":true,"href":"https:\/\/www.rentaplazacarso.com\/pt-br\/wp-json\/wp\/v2\/product_tag?post=24201"}],"curies":[{"name":"wp","href":"https:\/\/api.w.org\/{rel}","templated":true}]}}