{"id":23694,"date":"2025-10-02T23:28:01","date_gmt":"2025-10-02T23:28:01","guid":{"rendered":"https:\/\/www.rentaplazacarso.com\/unidade-de-esquina-mobiliada-com-2-quartos-e-sala-de-estar\/"},"modified":"2025-10-03T00:06:50","modified_gmt":"2025-10-03T00:06:50","slug":"unidade-de-esquina-mobiliada-com-2-quartos-e-sala-de-estar","status":"publish","type":"product","link":"https:\/\/www.rentaplazacarso.com\/pt-br\/product\/unidade-de-esquina-mobiliada-com-2-quartos-e-sala-de-estar\/","title":{"rendered":"UNIDADE DE ESQUINA MOBILIADA COM 2 QUARTOS E SALA DE ESTAR"},"content":{"rendered":"<p>APARTAMENTO DE 120 M2, COM 2 OU 3 QUARTOS. VISTAS ESPETACULARES DE SOUMAYA E DA CIDADE. TOTALMENTE MOBILIADO E EQUIPADO. QUARTO PRINCIPAL COM BANHEIRO COMPLETO E CLOSET. SEGUNDO QUARTO COM BANHEIRO COMPLETO. SALA DE ESTAR OU TERCEIRO QUARTO. BANHEIRO PARA H\u00d3SPEDES. COZINHA ABERTA AGRAD\u00c1VEL.        \u00c1REA DE LAVANDERIA. MUITO LEVE. ACABAMENTOS DE ALTA QUALIDADE.   2 VAGAS DE ESTACIONAMENTO. CONJUNTO COMPLETO DE COMODIDADES. ACESSO AO SHOPPING CENTER. MANUTEN\u00c7\u00c3O INCLU\u00cdDA NO ALUGUEL. PER\u00cdODO M\u00cdNIMO DE ALUGUEL DE UM ANO. <\/p>\n","protected":false},"excerpt":{"rendered":"<p>APARTAMENTO DE 120 M2, COM 2 OU 3 QUARTOS. VISTAS ESPETACULARES DE SOUMAYA E DA CIDADE. TOTALMENTE MOBILIADO E EQUIPADO. QUARTO PRINCIPAL COM BANHEIRO COMPLETO E CLOSET. SEGUNDO QUARTO COM BANHEIRO COMPLETO. SALA DE ESTAR OU TERCEIRO QUARTO. BANHEIRO PARA H\u00d3SPEDES. COZINHA ABERTA AGRAD\u00c1VEL. \u00c1REA DE LAVANDERIA. MUITO LEVE. ACABAMENTOS DE ALTA QUALIDADE. 2 VAGAS [&hellip;]<\/p>\n","protected":false},"featured_media":23683,"comment_status":"open","ping_status":"closed","template":"","meta":{"_joinchat":[]},"product_brand":[],"product_cat":[378,377,825],"product_tag":[668],"class_list":{"0":"post-23694","1":"product","2":"type-product","3":"status-publish","4":"has-post-thumbnail","6":"product_cat-aluguel","7":"product_cat-departamentos","8":"product_cat-pissarro-pt-br-2","9":"product_tag-aluguel","10":"pa_recamara-25","12":"first","13":"instock","14":"shipping-taxable","15":"purchasable","16":"product-type-simple"},"_links":{"self":[{"href":"https:\/\/www.rentaplazacarso.com\/pt-br\/wp-json\/wp\/v2\/product\/23694","targetHints":{"allow":["GET"]}}],"collection":[{"href":"https:\/\/www.rentaplazacarso.com\/pt-br\/wp-json\/wp\/v2\/product"}],"about":[{"href":"https:\/\/www.rentaplazacarso.com\/pt-br\/wp-json\/wp\/v2\/types\/product"}],"replies":[{"embeddable":true,"href":"https:\/\/www.rentaplazacarso.com\/pt-br\/wp-json\/wp\/v2\/comments?post=23694"}],"wp:featuredmedia":[{"embeddable":true,"href":"https:\/\/www.rentaplazacarso.com\/pt-br\/wp-json\/wp\/v2\/media\/23683"}],"wp:attachment":[{"href":"https:\/\/www.rentaplazacarso.com\/pt-br\/wp-json\/wp\/v2\/media?parent=23694"}],"wp:term":[{"taxonomy":"product_brand","embeddable":true,"href":"https:\/\/www.rentaplazacarso.com\/pt-br\/wp-json\/wp\/v2\/product_brand?post=23694"},{"taxonomy":"product_cat","embeddable":true,"href":"https:\/\/www.rentaplazacarso.com\/pt-br\/wp-json\/wp\/v2\/product_cat?post=23694"},{"taxonomy":"product_tag","embeddable":true,"href":"https:\/\/www.rentaplazacarso.com\/pt-br\/wp-json\/wp\/v2\/product_tag?post=23694"}],"curies":[{"name":"wp","href":"https:\/\/api.w.org\/{rel}","templated":true}]}}