{"id":23463,"date":"2025-10-01T21:31:06","date_gmt":"2025-10-01T21:31:06","guid":{"rendered":"https:\/\/www.rentaplazacarso.com\/1-quarto-mobiliado-com-acesso-a-praca\/"},"modified":"2026-01-20T16:48:02","modified_gmt":"2026-01-20T16:48:02","slug":"1-quarto-mobiliado-com-acesso-a-praca","status":"publish","type":"product","link":"https:\/\/www.rentaplazacarso.com\/pt-br\/product\/1-quarto-mobiliado-com-acesso-a-praca\/","title":{"rendered":"1 QUARTO MOBILIADO COM ACESSO \u00c0 PRA\u00c7A"},"content":{"rendered":"<p>APARTAMENTO TOTALMENTE MOBILIADO E EQUIPADO. 70 M2. 1 QUARTO COM BANHEIRO COMPLETO E CLOSET.   \u00c1REA DE LAVANDERIA. ACABAMENTOS DE ALTA QUALIDADE. JANELAS GRANDES.   MUITO LUMINOSO. C\u00d4MODOS MUITO ESPA\u00c7OSOS. EXTERIOR. 1 VAGA DE GARAGEM. VIGIL\u00c2NCIA 24 HORAS. ESTACIONAMENTO PARA VISITANTES. AMPLO CONJUNTO DE COMODIDADES. TORRE MUITO TRANQUILA E SEGURA. CONEX\u00c3O DIRETA COM A PRA\u00c7A. TODOS OS SERVI\u00c7OS AO REDOR. LOCALIZA\u00c7\u00c3O IMBAT\u00cdVEL. MANUTEN\u00c7\u00c3O INCLU\u00cdDA NO ALUGUEL. SOMENTE PARA ALUGUEL DE LONGO PRAZO.            <\/p>\n","protected":false},"excerpt":{"rendered":"<p>APARTAMENTO TOTALMENTE MOBILIADO E EQUIPADO. 70 M2. 1 QUARTO COM BANHEIRO COMPLETO E CLOSET. \u00c1REA DE LAVANDERIA. ACABAMENTOS DE ALTA QUALIDADE. JANELAS GRANDES. MUITO LUMINOSO. C\u00d4MODOS MUITO ESPA\u00c7OSOS. EXTERIOR. 1 VAGA DE GARAGEM. VIGIL\u00c2NCIA 24 HORAS. ESTACIONAMENTO PARA VISITANTES. AMPLO CONJUNTO DE COMODIDADES. TORRE MUITO TRANQUILA E SEGURA. CONEX\u00c3O DIRETA COM A PRA\u00c7A. TODOS OS [&hellip;]<\/p>\n","protected":false},"featured_media":25078,"comment_status":"open","ping_status":"closed","template":"","meta":{"_joinchat":[]},"product_brand":[],"product_cat":[378,377,825],"product_tag":[668],"class_list":{"0":"post-23463","1":"product","2":"type-product","3":"status-publish","4":"has-post-thumbnail","6":"product_cat-aluguel","7":"product_cat-departamentos","8":"product_cat-pissarro-pt-br-2","9":"product_tag-aluguel","10":"pa_recamara-24","12":"first","13":"instock","14":"shipping-taxable","15":"purchasable","16":"product-type-simple"},"_links":{"self":[{"href":"https:\/\/www.rentaplazacarso.com\/pt-br\/wp-json\/wp\/v2\/product\/23463","targetHints":{"allow":["GET"]}}],"collection":[{"href":"https:\/\/www.rentaplazacarso.com\/pt-br\/wp-json\/wp\/v2\/product"}],"about":[{"href":"https:\/\/www.rentaplazacarso.com\/pt-br\/wp-json\/wp\/v2\/types\/product"}],"replies":[{"embeddable":true,"href":"https:\/\/www.rentaplazacarso.com\/pt-br\/wp-json\/wp\/v2\/comments?post=23463"}],"wp:featuredmedia":[{"embeddable":true,"href":"https:\/\/www.rentaplazacarso.com\/pt-br\/wp-json\/wp\/v2\/media\/25078"}],"wp:attachment":[{"href":"https:\/\/www.rentaplazacarso.com\/pt-br\/wp-json\/wp\/v2\/media?parent=23463"}],"wp:term":[{"taxonomy":"product_brand","embeddable":true,"href":"https:\/\/www.rentaplazacarso.com\/pt-br\/wp-json\/wp\/v2\/product_brand?post=23463"},{"taxonomy":"product_cat","embeddable":true,"href":"https:\/\/www.rentaplazacarso.com\/pt-br\/wp-json\/wp\/v2\/product_cat?post=23463"},{"taxonomy":"product_tag","embeddable":true,"href":"https:\/\/www.rentaplazacarso.com\/pt-br\/wp-json\/wp\/v2\/product_tag?post=23463"}],"curies":[{"name":"wp","href":"https:\/\/api.w.org\/{rel}","templated":true}]}}