{"id":23407,"date":"2025-10-01T21:22:33","date_gmt":"2025-10-01T21:22:33","guid":{"rendered":"https:\/\/www.rentaplazacarso.com\/apartamento-mobiliado-de-2-quartos-muito-bom-3\/"},"modified":"2026-01-20T16:58:41","modified_gmt":"2026-01-20T16:58:41","slug":"apartamento-mobiliado-de-2-quartos-muito-bom-3","status":"publish","type":"product","link":"https:\/\/www.rentaplazacarso.com\/pt-br\/product\/apartamento-mobiliado-de-2-quartos-muito-bom-3\/","title":{"rendered":"APARTAMENTO MOBILIADO DE 2 QUARTOS MUITO BOM"},"content":{"rendered":"<p>APARTAMENTO NOVO COMPLETAMENTE MOBILIADO E EQUIPADO MUITO BOM: 110 M2, 2 QUARTOS CADA UM COM BANHEIRO COMPLETO. QUARTO PRINCIPAL COM CLOSET.  COZINHA ABERTA E AGRAD\u00c1VEL COM \u00c1REA DE SERVI\u00c7O. SALA DE ESTAR E JANTAR ESPA\u00c7OSAS. BANHEIRO DE H\u00d3SPEDES. PISO DE MADEIRA. AS ENORMES JANELAS EM TODOS OS QUARTOS PROPORCIONAM MUITA LUZ. 2 VAGAS DE ESTACIONAMENTO. CONJUNTO COMPLETO DE COMODIDADES. VIGIL\u00c2NCIA 24 HORAS. ESTACIONAMENTO PARA VISITANTES. TORRE MUITO BEM LOCALIZADA, BEM EM FRENTE AO MERCADO MUNICIPAL. ALUGUEL M\u00cdNIMO DE UM ANO.  MANUTEN\u00c7\u00c3O INCLU\u00cdDA NO ALUGUEL.<\/p>\n","protected":false},"excerpt":{"rendered":"<p>APARTAMENTO NOVO COMPLETAMENTE MOBILIADO E EQUIPADO MUITO BOM: 110 M2, 2 QUARTOS CADA UM COM BANHEIRO COMPLETO. QUARTO PRINCIPAL COM CLOSET. COZINHA ABERTA E AGRAD\u00c1VEL COM \u00c1REA DE SERVI\u00c7O. SALA DE ESTAR E JANTAR ESPA\u00c7OSAS. BANHEIRO DE H\u00d3SPEDES. PISO DE MADEIRA. AS ENORMES JANELAS EM TODOS OS QUARTOS PROPORCIONAM MUITA LUZ. 2 VAGAS DE ESTACIONAMENTO. [&hellip;]<\/p>\n","protected":false},"featured_media":23403,"comment_status":"open","ping_status":"closed","template":"","meta":{"_joinchat":[]},"product_brand":[],"product_cat":[378,725,377],"product_tag":[668],"class_list":{"0":"post-23407","1":"product","2":"type-product","3":"status-publish","4":"has-post-thumbnail","6":"product_cat-aluguel","7":"product_cat-cezanne-pt-br","8":"product_cat-departamentos","9":"product_tag-aluguel","10":"pa_recamara-25","12":"first","13":"instock","14":"shipping-taxable","15":"purchasable","16":"product-type-simple"},"_links":{"self":[{"href":"https:\/\/www.rentaplazacarso.com\/pt-br\/wp-json\/wp\/v2\/product\/23407","targetHints":{"allow":["GET"]}}],"collection":[{"href":"https:\/\/www.rentaplazacarso.com\/pt-br\/wp-json\/wp\/v2\/product"}],"about":[{"href":"https:\/\/www.rentaplazacarso.com\/pt-br\/wp-json\/wp\/v2\/types\/product"}],"replies":[{"embeddable":true,"href":"https:\/\/www.rentaplazacarso.com\/pt-br\/wp-json\/wp\/v2\/comments?post=23407"}],"wp:featuredmedia":[{"embeddable":true,"href":"https:\/\/www.rentaplazacarso.com\/pt-br\/wp-json\/wp\/v2\/media\/23403"}],"wp:attachment":[{"href":"https:\/\/www.rentaplazacarso.com\/pt-br\/wp-json\/wp\/v2\/media?parent=23407"}],"wp:term":[{"taxonomy":"product_brand","embeddable":true,"href":"https:\/\/www.rentaplazacarso.com\/pt-br\/wp-json\/wp\/v2\/product_brand?post=23407"},{"taxonomy":"product_cat","embeddable":true,"href":"https:\/\/www.rentaplazacarso.com\/pt-br\/wp-json\/wp\/v2\/product_cat?post=23407"},{"taxonomy":"product_tag","embeddable":true,"href":"https:\/\/www.rentaplazacarso.com\/pt-br\/wp-json\/wp\/v2\/product_tag?post=23407"}],"curies":[{"name":"wp","href":"https:\/\/api.w.org\/{rel}","templated":true}]}}