{"id":23258,"date":"2025-09-30T20:45:13","date_gmt":"2025-09-30T20:45:13","guid":{"rendered":"https:\/\/www.rentaplazacarso.com\/espetacular-3-quartos-2\/"},"modified":"2025-11-06T22:43:36","modified_gmt":"2025-11-06T22:43:36","slug":"espetacular-3-quartos-2","status":"publish","type":"product","link":"https:\/\/www.rentaplazacarso.com\/pt-br\/product\/espetacular-3-quartos-2\/","title":{"rendered":"ESPETACULAR 3 QUARTOS"},"content":{"rendered":"<p>LINDO APARTAMENTO COM AR CONDICIONADO E PISO DE M\u00c1RMORE. 168 M2: 3 QUARTOS, CADA UM COM BANHEIRO COMPLETO. QUARTO PRINCIPAL COM CLOSET.   BANHEIRO DE H\u00d3SPEDES. AMPLA COZINHA ABERTA COM \u00c1REA DE SERVI\u00c7O. SALA DE ESTAR E JANTAR ESPA\u00c7OSA COM BELAS VISTAS. ACABAMENTOS DE LUXO. TETOS DE 3 METROS QUE LHE D\u00c3O MUITA AMPLITUDE. JANELAS ENORMES QUE D\u00c3O MUITA LUZ.     2 VAGAS DE ESTACIONAMENTO. ACESSO DIRETO AO SHOPPING CENTER. CONJUNTO COMPLETO DE COMODIDADES. VIGIL\u00c2NCIA 24 HORAS. TORRE MUITO BEM LOCALIZADA, COM TODOS OS SERVI\u00c7OS AO REDOR. PRE\u00c7O DE VENDA COM MOB\u00cdLIA: 20.000.000 (SEM FOTOS E OBRAS) <\/p>\n","protected":false},"excerpt":{"rendered":"<p>LINDO APARTAMENTO COM AR CONDICIONADO E PISO DE M\u00c1RMORE. 168 M2: 3 QUARTOS, CADA UM COM BANHEIRO COMPLETO. QUARTO PRINCIPAL COM CLOSET. BANHEIRO DE H\u00d3SPEDES. AMPLA COZINHA ABERTA COM \u00c1REA DE SERVI\u00c7O. SALA DE ESTAR E JANTAR ESPA\u00c7OSA COM BELAS VISTAS. ACABAMENTOS DE LUXO. TETOS DE 3 METROS QUE LHE D\u00c3O MUITA AMPLITUDE. JANELAS ENORMES [&hellip;]<\/p>\n","protected":false},"featured_media":23256,"comment_status":"open","ping_status":"closed","template":"","meta":{"_joinchat":[]},"product_brand":[],"product_cat":[377,746,391],"product_tag":[691],"class_list":{"0":"post-23258","1":"product","2":"type-product","3":"status-publish","4":"has-post-thumbnail","6":"product_cat-departamentos","7":"product_cat-rodin-pt-br-2","8":"product_cat-venda","9":"product_tag-venda","10":"pa_recamara-26","12":"first","13":"instock","14":"shipping-taxable","15":"purchasable","16":"product-type-simple"},"_links":{"self":[{"href":"https:\/\/www.rentaplazacarso.com\/pt-br\/wp-json\/wp\/v2\/product\/23258","targetHints":{"allow":["GET"]}}],"collection":[{"href":"https:\/\/www.rentaplazacarso.com\/pt-br\/wp-json\/wp\/v2\/product"}],"about":[{"href":"https:\/\/www.rentaplazacarso.com\/pt-br\/wp-json\/wp\/v2\/types\/product"}],"replies":[{"embeddable":true,"href":"https:\/\/www.rentaplazacarso.com\/pt-br\/wp-json\/wp\/v2\/comments?post=23258"}],"wp:featuredmedia":[{"embeddable":true,"href":"https:\/\/www.rentaplazacarso.com\/pt-br\/wp-json\/wp\/v2\/media\/23256"}],"wp:attachment":[{"href":"https:\/\/www.rentaplazacarso.com\/pt-br\/wp-json\/wp\/v2\/media?parent=23258"}],"wp:term":[{"taxonomy":"product_brand","embeddable":true,"href":"https:\/\/www.rentaplazacarso.com\/pt-br\/wp-json\/wp\/v2\/product_brand?post=23258"},{"taxonomy":"product_cat","embeddable":true,"href":"https:\/\/www.rentaplazacarso.com\/pt-br\/wp-json\/wp\/v2\/product_cat?post=23258"},{"taxonomy":"product_tag","embeddable":true,"href":"https:\/\/www.rentaplazacarso.com\/pt-br\/wp-json\/wp\/v2\/product_tag?post=23258"}],"curies":[{"name":"wp","href":"https:\/\/api.w.org\/{rel}","templated":true}]}}